{"id":41347,"date":"2019-07-16T08:42:50","date_gmt":"2019-07-16T12:42:50","guid":{"rendered":"https:\/\/www.wwhenry.com\/henry-where-to-buy\/"},"modified":"2022-08-17T15:11:02","modified_gmt":"2022-08-17T19:11:02","slug":"henry-where-to-buy","status":"publish","type":"page","link":"https:\/\/www.wwhenry.com\/fr\/henry-where-to-buy\/","title":{"rendered":"HENRY O\u00f9 acheter"},"content":{"rendered":"<p>Choisissez l&rsquo;une des options ci-dessous pour trouver un endroit pr\u00e8s de chez vous o\u00f9 acheter HENRY.<\/p>\n<p>V\u00e9rifiez toujours la disponibilit\u00e9 des produits avant de vous rendre sur place.<\/p>\n","protected":false},"excerpt":{"rendered":"<p>Choisissez l&rsquo;une des options ci-dessous pour trouver un endroit pr\u00e8s de chez vous o\u00f9 acheter HENRY. V\u00e9rifiez toujours la disponibilit\u00e9 des produits avant de vous rendre sur place.<\/p>\n","protected":false},"author":42,"featured_media":41349,"parent":0,"menu_order":0,"comment_status":"closed","ping_status":"closed","template":"page-overview.php","meta":{"_acf_changed":false,"footnotes":""},"class_list":["post-41347","page","type-page","status-publish","has-post-thumbnail","hentry"],"acf":[],"yoast_head":"<!-- This site is optimized with the Yoast SEO Premium plugin v27.3 (Yoast SEO v27.3) - https:\/\/yoast.com\/product\/yoast-seo-premium-wordpress\/ -->\n<title>HENRY: Where to buy locations, call for availability<\/title>\n<meta name=\"description\" content=\"Looking for a retail location or a sundries and supplies location? We can tell you where to get your HENRY products today.\" \/>\n<meta name=\"robots\" content=\"index, follow, max-snippet:-1, max-image-preview:large, max-video-preview:-1\" \/>\n<link rel=\"canonical\" href=\"https:\/\/www.wwhenry.com\/fr\/henry-where-to-buy\/\" \/>\n<meta property=\"og:locale\" content=\"fr_FR\" \/>\n<meta property=\"og:type\" content=\"article\" \/>\n<meta property=\"og:title\" content=\"HENRY O\u00f9 acheter\" \/>\n<meta property=\"og:description\" content=\"Looking for a retail location or a sundries and supplies location? We can tell you where to get your HENRY products today.\" \/>\n<meta property=\"og:url\" content=\"https:\/\/www.wwhenry.com\/fr\/henry-where-to-buy\/\" \/>\n<meta property=\"og:site_name\" content=\"WW Henry\" \/>\n<meta property=\"article:publisher\" content=\"https:\/\/www.facebook.com\/ARDEXAmericas\/\" \/>\n<meta property=\"article:modified_time\" content=\"2022-08-17T19:11:02+00:00\" \/>\n<meta property=\"og:image\" content=\"https:\/\/www.wwhenry.com\/wp-content\/uploads\/2019\/07\/HENRY-where-to-buy.jpg\" \/>\n\t<meta property=\"og:image:width\" content=\"1872\" \/>\n\t<meta property=\"og:image:height\" content=\"820\" \/>\n\t<meta property=\"og:image:type\" content=\"image\/jpeg\" \/>\n<meta name=\"twitter:card\" content=\"summary_large_image\" \/>\n<meta name=\"twitter:site\" content=\"@ARDEXAmericas\" \/>\n<script type=\"application\/ld+json\" class=\"yoast-schema-graph\">{\"@context\":\"https:\\\/\\\/schema.org\",\"@graph\":[{\"@type\":\"WebPage\",\"@id\":\"https:\\\/\\\/www.wwhenry.com\\\/fr\\\/henry-where-to-buy\\\/\",\"url\":\"https:\\\/\\\/www.wwhenry.com\\\/fr\\\/henry-where-to-buy\\\/\",\"name\":\"HENRY: Where to buy locations, call for availability\",\"isPartOf\":{\"@id\":\"https:\\\/\\\/www.wwhenry.com\\\/#website\"},\"primaryImageOfPage\":{\"@id\":\"https:\\\/\\\/www.wwhenry.com\\\/fr\\\/henry-where-to-buy\\\/#primaryimage\"},\"image\":{\"@id\":\"https:\\\/\\\/www.wwhenry.com\\\/fr\\\/henry-where-to-buy\\\/#primaryimage\"},\"thumbnailUrl\":\"https:\\\/\\\/www.wwhenry.com\\\/wp-content\\\/uploads\\\/2019\\\/07\\\/HENRY-where-to-buy.jpg\",\"datePublished\":\"2019-07-16T12:42:50+00:00\",\"dateModified\":\"2022-08-17T19:11:02+00:00\",\"description\":\"Looking for a retail location or a sundries and supplies location? We can tell you where to get your HENRY products today.\",\"breadcrumb\":{\"@id\":\"https:\\\/\\\/www.wwhenry.com\\\/fr\\\/henry-where-to-buy\\\/#breadcrumb\"},\"inLanguage\":\"fr-FR\",\"potentialAction\":[{\"@type\":\"ReadAction\",\"target\":[\"https:\\\/\\\/www.wwhenry.com\\\/fr\\\/henry-where-to-buy\\\/\"]}]},{\"@type\":\"ImageObject\",\"inLanguage\":\"fr-FR\",\"@id\":\"https:\\\/\\\/www.wwhenry.com\\\/fr\\\/henry-where-to-buy\\\/#primaryimage\",\"url\":\"https:\\\/\\\/www.wwhenry.com\\\/wp-content\\\/uploads\\\/2019\\\/07\\\/HENRY-where-to-buy.jpg\",\"contentUrl\":\"https:\\\/\\\/www.wwhenry.com\\\/wp-content\\\/uploads\\\/2019\\\/07\\\/HENRY-where-to-buy.jpg\",\"width\":1872,\"height\":820},{\"@type\":\"BreadcrumbList\",\"@id\":\"https:\\\/\\\/www.wwhenry.com\\\/fr\\\/henry-where-to-buy\\\/#breadcrumb\",\"itemListElement\":[{\"@type\":\"ListItem\",\"position\":1,\"name\":\"Home\",\"item\":\"https:\\\/\\\/www.wwhenry.com\\\/fr\\\/\"},{\"@type\":\"ListItem\",\"position\":2,\"name\":\"HENRY O\u00f9 acheter\"}]},{\"@type\":\"WebSite\",\"@id\":\"https:\\\/\\\/www.wwhenry.com\\\/#website\",\"url\":\"https:\\\/\\\/www.wwhenry.com\\\/\",\"name\":\"WW Henry\",\"description\":\"The Professionals&#039; Formula for Success\",\"potentialAction\":[{\"@type\":\"SearchAction\",\"target\":{\"@type\":\"EntryPoint\",\"urlTemplate\":\"https:\\\/\\\/www.wwhenry.com\\\/?s={search_term_string}\"},\"query-input\":{\"@type\":\"PropertyValueSpecification\",\"valueRequired\":true,\"valueName\":\"search_term_string\"}}],\"inLanguage\":\"fr-FR\"}]}<\/script>\n<!-- \/ Yoast SEO Premium plugin. -->","yoast_head_json":{"title":"HENRY: Where to buy locations, call for availability","description":"Looking for a retail location or a sundries and supplies location? We can tell you where to get your HENRY products today.","robots":{"index":"index","follow":"follow","max-snippet":"max-snippet:-1","max-image-preview":"max-image-preview:large","max-video-preview":"max-video-preview:-1"},"canonical":"https:\/\/www.wwhenry.com\/fr\/henry-where-to-buy\/","og_locale":"fr_FR","og_type":"article","og_title":"HENRY O\u00f9 acheter","og_description":"Looking for a retail location or a sundries and supplies location? We can tell you where to get your HENRY products today.","og_url":"https:\/\/www.wwhenry.com\/fr\/henry-where-to-buy\/","og_site_name":"WW Henry","article_publisher":"https:\/\/www.facebook.com\/ARDEXAmericas\/","article_modified_time":"2022-08-17T19:11:02+00:00","og_image":[{"width":1872,"height":820,"url":"https:\/\/www.wwhenry.com\/wp-content\/uploads\/2019\/07\/HENRY-where-to-buy.jpg","type":"image\/jpeg"}],"twitter_card":"summary_large_image","twitter_site":"@ARDEXAmericas","schema":{"@context":"https:\/\/schema.org","@graph":[{"@type":"WebPage","@id":"https:\/\/www.wwhenry.com\/fr\/henry-where-to-buy\/","url":"https:\/\/www.wwhenry.com\/fr\/henry-where-to-buy\/","name":"HENRY: Where to buy locations, call for availability","isPartOf":{"@id":"https:\/\/www.wwhenry.com\/#website"},"primaryImageOfPage":{"@id":"https:\/\/www.wwhenry.com\/fr\/henry-where-to-buy\/#primaryimage"},"image":{"@id":"https:\/\/www.wwhenry.com\/fr\/henry-where-to-buy\/#primaryimage"},"thumbnailUrl":"https:\/\/www.wwhenry.com\/wp-content\/uploads\/2019\/07\/HENRY-where-to-buy.jpg","datePublished":"2019-07-16T12:42:50+00:00","dateModified":"2022-08-17T19:11:02+00:00","description":"Looking for a retail location or a sundries and supplies location? We can tell you where to get your HENRY products today.","breadcrumb":{"@id":"https:\/\/www.wwhenry.com\/fr\/henry-where-to-buy\/#breadcrumb"},"inLanguage":"fr-FR","potentialAction":[{"@type":"ReadAction","target":["https:\/\/www.wwhenry.com\/fr\/henry-where-to-buy\/"]}]},{"@type":"ImageObject","inLanguage":"fr-FR","@id":"https:\/\/www.wwhenry.com\/fr\/henry-where-to-buy\/#primaryimage","url":"https:\/\/www.wwhenry.com\/wp-content\/uploads\/2019\/07\/HENRY-where-to-buy.jpg","contentUrl":"https:\/\/www.wwhenry.com\/wp-content\/uploads\/2019\/07\/HENRY-where-to-buy.jpg","width":1872,"height":820},{"@type":"BreadcrumbList","@id":"https:\/\/www.wwhenry.com\/fr\/henry-where-to-buy\/#breadcrumb","itemListElement":[{"@type":"ListItem","position":1,"name":"Home","item":"https:\/\/www.wwhenry.com\/fr\/"},{"@type":"ListItem","position":2,"name":"HENRY O\u00f9 acheter"}]},{"@type":"WebSite","@id":"https:\/\/www.wwhenry.com\/#website","url":"https:\/\/www.wwhenry.com\/","name":"WW Henry","description":"The Professionals&#039; Formula for Success","potentialAction":[{"@type":"SearchAction","target":{"@type":"EntryPoint","urlTemplate":"https:\/\/www.wwhenry.com\/?s={search_term_string}"},"query-input":{"@type":"PropertyValueSpecification","valueRequired":true,"valueName":"search_term_string"}}],"inLanguage":"fr-FR"}]}},"_links":{"self":[{"href":"https:\/\/www.wwhenry.com\/fr\/wp-json\/wp\/v2\/pages\/41347","targetHints":{"allow":["GET"]}}],"collection":[{"href":"https:\/\/www.wwhenry.com\/fr\/wp-json\/wp\/v2\/pages"}],"about":[{"href":"https:\/\/www.wwhenry.com\/fr\/wp-json\/wp\/v2\/types\/page"}],"author":[{"embeddable":true,"href":"https:\/\/www.wwhenry.com\/fr\/wp-json\/wp\/v2\/users\/42"}],"replies":[{"embeddable":true,"href":"https:\/\/www.wwhenry.com\/fr\/wp-json\/wp\/v2\/comments?post=41347"}],"version-history":[{"count":0,"href":"https:\/\/www.wwhenry.com\/fr\/wp-json\/wp\/v2\/pages\/41347\/revisions"}],"wp:featuredmedia":[{"embeddable":true,"href":"https:\/\/www.wwhenry.com\/fr\/wp-json\/wp\/v2\/media\/41349"}],"wp:attachment":[{"href":"https:\/\/www.wwhenry.com\/fr\/wp-json\/wp\/v2\/media?parent=41347"}],"curies":[{"name":"wp","href":"https:\/\/api.w.org\/{rel}","templated":true}]}}