{"id":41315,"date":"2018-05-16T09:49:33","date_gmt":"2018-05-16T13:49:33","guid":{"rendered":"https:\/\/www.wwhenry.com\/about-us\/careers\/"},"modified":"2022-06-20T10:37:20","modified_gmt":"2022-06-20T14:37:20","slug":"carrieres","status":"publish","type":"page","link":"https:\/\/www.wwhenry.com\/fr\/about-us\/carrieres\/","title":{"rendered":"Carri\u00e9res"},"content":{"rendered":"<p>La soci\u00e9t\u00e9 W.W. Henry est une filiale d\u2019ARDEX Am\u00e9riques. Joignez-vous \u00e0 notre \u00e9quipe et aidez \u00e0 fa\u00e7onner notre avenir ensemble!<\/p>\n<p>Le si\u00e8ge social d\u2019ARDEX Americas est situ\u00e9 pr\u00e8s de Pittsburgh, en Pennsylvanie, \u00e0 20 minutes au nord de l\u2019A\u00e9roport international de Pittsburgh. Nous avons aussi des emplacements \u00e0 Bourbonnais, en Illinois; \u00e0 Mansfield, au Texas; \u00e0 Stockton, en Californie et \u00e0 Dallas, en G\u00e9orgie.<\/p>\n<p>Que vous recherchiez un poste de premier \u00e9chelon ou vouliez am\u00e9liorer votre carri\u00e8re, ARDEX Am\u00e9riques pourrait vous offrir cette possibilit\u00e9. Cliquez sur \u00ab\u00a0Visualiser les postes ouverts\u00a0\u00bb pour en apprendre davantage!<\/p>\n<p><a href=\"http:\/\/ardexamericas.atsondemand.com\/\" target=\"_blank\" rel=\"noopener noreferrer\"><img decoding=\"async\" class=\"alignnone wp-image-23988\" src=\"https:\/\/www.wwhenry.com\/wp-content\/uploads\/button-view-open-positions.png\" alt=\"\" width=\"144\" height=\"48\" \/><\/a><\/p>\n<p>Si vous ne voyez pas d\u2019ouverture qui cadre imm\u00e9diatement avec vos comp\u00e9tences ou vos crit\u00e8res en mati\u00e8re d\u2019emplacement, communiquez avec votre \u00e9quipe des ressources humaines pour avoir une discussion confidentielle sur les nouveaux postes potentiels aux \u00c9tats-Unis ou au Canada\u00a0:\u00a0<a href=\"mailto:careers@ardexamericas.com\">careers@ardexamericas.com<\/a><\/p>\n<h4>Prix pour engagement incroyable en mati\u00e8re de formation et de perfectionnement des employ\u00e9s<\/h4>\n<p><img decoding=\"async\" class=\"wp-image-21059\" src=\"https:\/\/www.wwhenry.com\/wp-content\/uploads\/2018\/10\/EP_Award_Round-300x300.jpg\" alt=\"\" width=\"172\" height=\"172\" srcset=\"https:\/\/www.wwhenry.com\/wp-content\/uploads\/2018\/10\/EP_Award_Round-300x300.jpg 300w, https:\/\/www.wwhenry.com\/wp-content\/uploads\/2018\/10\/EP_Award_Round-150x150.jpg 150w, https:\/\/www.wwhenry.com\/wp-content\/uploads\/2018\/10\/EP_Award_Round-768x768.jpg 768w, https:\/\/www.wwhenry.com\/wp-content\/uploads\/2018\/10\/EP_Award_Round-1024x1024.jpg 1024w, https:\/\/www.wwhenry.com\/wp-content\/uploads\/2018\/10\/EP_Award_Round-160x160.jpg 160w, https:\/\/www.wwhenry.com\/wp-content\/uploads\/2018\/10\/EP_Award_Round-446x446.jpg 446w, https:\/\/www.wwhenry.com\/wp-content\/uploads\/2018\/10\/EP_Award_Round-936x936.jpg 936w, https:\/\/www.wwhenry.com\/wp-content\/uploads\/2018\/10\/EP_Award_Round.jpg 1250w\" sizes=\"(max-width: 172px) 100vw, 172px\" \/><\/p>\n<p>&nbsp;<\/p>\n<p>&nbsp;<\/p>\n","protected":false},"excerpt":{"rendered":"<p>La soci\u00e9t\u00e9 W.W. Henry est une filiale d\u2019ARDEX Am\u00e9riques. Joignez-vous \u00e0 notre \u00e9quipe et aidez \u00e0 fa\u00e7onner notre avenir ensemble! Le si\u00e8ge social d\u2019ARDEX Americas est situ\u00e9 pr\u00e8s de Pittsburgh, en Pennsylvanie, \u00e0 20 minutes au nord de l\u2019A\u00e9roport international \u2026<\/p>\n","protected":false},"author":42,"featured_media":12483,"parent":41274,"menu_order":0,"comment_status":"closed","ping_status":"closed","template":"page-overview.php","meta":{"_acf_changed":false,"footnotes":""},"class_list":["post-41315","page","type-page","status-publish","has-post-thumbnail","hentry"],"acf":[],"yoast_head":"<!-- This site is optimized with the Yoast SEO Premium plugin v27.3 (Yoast SEO v27.3) - https:\/\/yoast.com\/product\/yoast-seo-premium-wordpress\/ -->\n<title>HENRY Careers: View our open positions now!<\/title>\n<meta name=\"description\" content=\"Want to start a HENRY career? Whether you are seeking an entry level position, or looking to enhance your career, we have opportunities that may suit you!\" \/>\n<meta name=\"robots\" content=\"index, follow, max-snippet:-1, max-image-preview:large, max-video-preview:-1\" \/>\n<link rel=\"canonical\" href=\"https:\/\/www.wwhenry.com\/fr\/about-us\/carrieres\/\" \/>\n<meta property=\"og:locale\" content=\"fr_FR\" \/>\n<meta property=\"og:type\" content=\"article\" \/>\n<meta property=\"og:title\" content=\"Carri\u00e9res\" \/>\n<meta property=\"og:description\" content=\"Want to start a HENRY career? Whether you are seeking an entry level position, or looking to enhance your career, we have opportunities that may suit you!\" \/>\n<meta property=\"og:url\" content=\"https:\/\/www.wwhenry.com\/fr\/about-us\/carrieres\/\" \/>\n<meta property=\"og:site_name\" content=\"WW Henry\" \/>\n<meta property=\"article:publisher\" content=\"https:\/\/www.facebook.com\/ARDEXAmericas\/\" \/>\n<meta property=\"article:modified_time\" content=\"2022-06-20T14:37:20+00:00\" \/>\n<meta property=\"og:image\" content=\"https:\/\/www.wwhenry.com\/wp-content\/uploads\/ARDEX-careers-overview-f.jpg\" \/>\n\t<meta property=\"og:image:width\" content=\"1872\" \/>\n\t<meta property=\"og:image:height\" content=\"820\" \/>\n\t<meta property=\"og:image:type\" content=\"image\/jpeg\" \/>\n<meta name=\"twitter:card\" content=\"summary_large_image\" \/>\n<meta name=\"twitter:site\" content=\"@ARDEXAmericas\" \/>\n<meta name=\"twitter:label1\" content=\"Dur\u00e9e de lecture estim\u00e9e\" \/>\n\t<meta name=\"twitter:data1\" content=\"2 minutes\" \/>\n<script type=\"application\/ld+json\" class=\"yoast-schema-graph\">{\"@context\":\"https:\\\/\\\/schema.org\",\"@graph\":[{\"@type\":\"WebPage\",\"@id\":\"https:\\\/\\\/www.wwhenry.com\\\/fr\\\/about-us\\\/carrieres\\\/\",\"url\":\"https:\\\/\\\/www.wwhenry.com\\\/fr\\\/about-us\\\/carrieres\\\/\",\"name\":\"HENRY Careers: View our open positions now!\",\"isPartOf\":{\"@id\":\"https:\\\/\\\/www.wwhenry.com\\\/#website\"},\"primaryImageOfPage\":{\"@id\":\"https:\\\/\\\/www.wwhenry.com\\\/fr\\\/about-us\\\/carrieres\\\/#primaryimage\"},\"image\":{\"@id\":\"https:\\\/\\\/www.wwhenry.com\\\/fr\\\/about-us\\\/carrieres\\\/#primaryimage\"},\"thumbnailUrl\":\"https:\\\/\\\/www.wwhenry.com\\\/wp-content\\\/uploads\\\/ARDEX-careers-overview-f.jpg\",\"datePublished\":\"2018-05-16T13:49:33+00:00\",\"dateModified\":\"2022-06-20T14:37:20+00:00\",\"description\":\"Want to start a HENRY career? Whether you are seeking an entry level position, or looking to enhance your career, we have opportunities that may suit you!\",\"breadcrumb\":{\"@id\":\"https:\\\/\\\/www.wwhenry.com\\\/fr\\\/about-us\\\/carrieres\\\/#breadcrumb\"},\"inLanguage\":\"fr-FR\",\"potentialAction\":[{\"@type\":\"ReadAction\",\"target\":[\"https:\\\/\\\/www.wwhenry.com\\\/fr\\\/about-us\\\/carrieres\\\/\"]}]},{\"@type\":\"ImageObject\",\"inLanguage\":\"fr-FR\",\"@id\":\"https:\\\/\\\/www.wwhenry.com\\\/fr\\\/about-us\\\/carrieres\\\/#primaryimage\",\"url\":\"https:\\\/\\\/www.wwhenry.com\\\/wp-content\\\/uploads\\\/ARDEX-careers-overview-f.jpg\",\"contentUrl\":\"https:\\\/\\\/www.wwhenry.com\\\/wp-content\\\/uploads\\\/ARDEX-careers-overview-f.jpg\",\"width\":1872,\"height\":820,\"caption\":\"Six people standing in warehouse with carpets on shelves in background, proud male manager with team of coleagues\"},{\"@type\":\"BreadcrumbList\",\"@id\":\"https:\\\/\\\/www.wwhenry.com\\\/fr\\\/about-us\\\/carrieres\\\/#breadcrumb\",\"itemListElement\":[{\"@type\":\"ListItem\",\"position\":1,\"name\":\"Home\",\"item\":\"https:\\\/\\\/www.wwhenry.com\\\/fr\\\/\"},{\"@type\":\"ListItem\",\"position\":2,\"name\":\"\u00c0 PROPOS DE NOUS\",\"item\":\"https:\\\/\\\/www.wwhenry.com\\\/fr\\\/about-us\\\/\"},{\"@type\":\"ListItem\",\"position\":3,\"name\":\"Carri\u00e9res\"}]},{\"@type\":\"WebSite\",\"@id\":\"https:\\\/\\\/www.wwhenry.com\\\/#website\",\"url\":\"https:\\\/\\\/www.wwhenry.com\\\/\",\"name\":\"WW Henry\",\"description\":\"The Professionals&#039; Formula for Success\",\"potentialAction\":[{\"@type\":\"SearchAction\",\"target\":{\"@type\":\"EntryPoint\",\"urlTemplate\":\"https:\\\/\\\/www.wwhenry.com\\\/?s={search_term_string}\"},\"query-input\":{\"@type\":\"PropertyValueSpecification\",\"valueRequired\":true,\"valueName\":\"search_term_string\"}}],\"inLanguage\":\"fr-FR\"}]}<\/script>\n<!-- \/ Yoast SEO Premium plugin. -->","yoast_head_json":{"title":"HENRY Careers: View our open positions now!","description":"Want to start a HENRY career? Whether you are seeking an entry level position, or looking to enhance your career, we have opportunities that may suit you!","robots":{"index":"index","follow":"follow","max-snippet":"max-snippet:-1","max-image-preview":"max-image-preview:large","max-video-preview":"max-video-preview:-1"},"canonical":"https:\/\/www.wwhenry.com\/fr\/about-us\/carrieres\/","og_locale":"fr_FR","og_type":"article","og_title":"Carri\u00e9res","og_description":"Want to start a HENRY career? Whether you are seeking an entry level position, or looking to enhance your career, we have opportunities that may suit you!","og_url":"https:\/\/www.wwhenry.com\/fr\/about-us\/carrieres\/","og_site_name":"WW Henry","article_publisher":"https:\/\/www.facebook.com\/ARDEXAmericas\/","article_modified_time":"2022-06-20T14:37:20+00:00","og_image":[{"width":1872,"height":820,"url":"https:\/\/www.wwhenry.com\/wp-content\/uploads\/ARDEX-careers-overview-f.jpg","type":"image\/jpeg"}],"twitter_card":"summary_large_image","twitter_site":"@ARDEXAmericas","twitter_misc":{"Dur\u00e9e de lecture estim\u00e9e":"2 minutes"},"schema":{"@context":"https:\/\/schema.org","@graph":[{"@type":"WebPage","@id":"https:\/\/www.wwhenry.com\/fr\/about-us\/carrieres\/","url":"https:\/\/www.wwhenry.com\/fr\/about-us\/carrieres\/","name":"HENRY Careers: View our open positions now!","isPartOf":{"@id":"https:\/\/www.wwhenry.com\/#website"},"primaryImageOfPage":{"@id":"https:\/\/www.wwhenry.com\/fr\/about-us\/carrieres\/#primaryimage"},"image":{"@id":"https:\/\/www.wwhenry.com\/fr\/about-us\/carrieres\/#primaryimage"},"thumbnailUrl":"https:\/\/www.wwhenry.com\/wp-content\/uploads\/ARDEX-careers-overview-f.jpg","datePublished":"2018-05-16T13:49:33+00:00","dateModified":"2022-06-20T14:37:20+00:00","description":"Want to start a HENRY career? Whether you are seeking an entry level position, or looking to enhance your career, we have opportunities that may suit you!","breadcrumb":{"@id":"https:\/\/www.wwhenry.com\/fr\/about-us\/carrieres\/#breadcrumb"},"inLanguage":"fr-FR","potentialAction":[{"@type":"ReadAction","target":["https:\/\/www.wwhenry.com\/fr\/about-us\/carrieres\/"]}]},{"@type":"ImageObject","inLanguage":"fr-FR","@id":"https:\/\/www.wwhenry.com\/fr\/about-us\/carrieres\/#primaryimage","url":"https:\/\/www.wwhenry.com\/wp-content\/uploads\/ARDEX-careers-overview-f.jpg","contentUrl":"https:\/\/www.wwhenry.com\/wp-content\/uploads\/ARDEX-careers-overview-f.jpg","width":1872,"height":820,"caption":"Six people standing in warehouse with carpets on shelves in background, proud male manager with team of coleagues"},{"@type":"BreadcrumbList","@id":"https:\/\/www.wwhenry.com\/fr\/about-us\/carrieres\/#breadcrumb","itemListElement":[{"@type":"ListItem","position":1,"name":"Home","item":"https:\/\/www.wwhenry.com\/fr\/"},{"@type":"ListItem","position":2,"name":"\u00c0 PROPOS DE NOUS","item":"https:\/\/www.wwhenry.com\/fr\/about-us\/"},{"@type":"ListItem","position":3,"name":"Carri\u00e9res"}]},{"@type":"WebSite","@id":"https:\/\/www.wwhenry.com\/#website","url":"https:\/\/www.wwhenry.com\/","name":"WW Henry","description":"The Professionals&#039; Formula for Success","potentialAction":[{"@type":"SearchAction","target":{"@type":"EntryPoint","urlTemplate":"https:\/\/www.wwhenry.com\/?s={search_term_string}"},"query-input":{"@type":"PropertyValueSpecification","valueRequired":true,"valueName":"search_term_string"}}],"inLanguage":"fr-FR"}]}},"_links":{"self":[{"href":"https:\/\/www.wwhenry.com\/fr\/wp-json\/wp\/v2\/pages\/41315","targetHints":{"allow":["GET"]}}],"collection":[{"href":"https:\/\/www.wwhenry.com\/fr\/wp-json\/wp\/v2\/pages"}],"about":[{"href":"https:\/\/www.wwhenry.com\/fr\/wp-json\/wp\/v2\/types\/page"}],"author":[{"embeddable":true,"href":"https:\/\/www.wwhenry.com\/fr\/wp-json\/wp\/v2\/users\/42"}],"replies":[{"embeddable":true,"href":"https:\/\/www.wwhenry.com\/fr\/wp-json\/wp\/v2\/comments?post=41315"}],"version-history":[{"count":0,"href":"https:\/\/www.wwhenry.com\/fr\/wp-json\/wp\/v2\/pages\/41315\/revisions"}],"up":[{"embeddable":true,"href":"https:\/\/www.wwhenry.com\/fr\/wp-json\/wp\/v2\/pages\/41274"}],"wp:featuredmedia":[{"embeddable":true,"href":"https:\/\/www.wwhenry.com\/fr\/wp-json\/wp\/v2\/media\/12483"}],"wp:attachment":[{"href":"https:\/\/www.wwhenry.com\/fr\/wp-json\/wp\/v2\/media?parent=41315"}],"curies":[{"name":"wp","href":"https:\/\/api.w.org\/{rel}","templated":true}]}}