{"id":41274,"date":"2017-05-10T10:43:00","date_gmt":"2017-05-10T14:43:00","guid":{"rendered":"https:\/\/www.wwhenry.com\/about-us\/"},"modified":"2022-07-19T11:51:11","modified_gmt":"2022-07-19T15:51:11","slug":"about-us","status":"publish","type":"page","link":"https:\/\/www.wwhenry.com\/fr\/about-us\/","title":{"rendered":"\u00c0 PROPOS DE NOUS"},"content":{"rendered":"<div>La soci\u00e9t\u00e9 W.W. HENRY est l&rsquo;un des plus importants fabricants d&rsquo;adh\u00e9sifs au monde pour tous les types d&rsquo;installations de rev\u00eatement de sol. \u00c9tablie en 1933 par Warner W. Henry, Sr, HENRY a \u00e9t\u00e9 cr\u00e9\u00e9e \u00e0 l\u2019origine pour fabriquer des rev\u00eatements de toit, des mastics de toit et des enduits pour entr\u00e9e. En 1950, W.W. Henry \u00e9tait le plus important fabricant d\u2019adh\u00e9sifs de rev\u00eatement de sol aux \u00c9tats-Unis. W.W. Henry a invent\u00e9 l\u2019utilisation d\u2019adh\u00e9sifs \u00e0 \u00ab \u00e9mulsion \u00bb (\u00e0 base de latex), passant des produits de type p\u00e2te de linol\u00e9um \u00e0 des adh\u00e9sifs pour plinthe et \u00e0 des adh\u00e9sifs pour plafond acoustique polyvalents. En 1964, l\u2019entreprise a lanc\u00e9 le produit HENRY 356, un adh\u00e9sif polyvalent pour rev\u00eatement de sol \u00e0 base de latex. HENRY 356 est devenu l\u2019adh\u00e9sif pour rev\u00eatement de sol le plus populaire au pays et demeure l\u2019adh\u00e9sif polyvalent pour rev\u00eatement de sol le plus reconnu de l\u2019industrie de nos jours.<\/div>\n<div>\n<p>En 1986, Armstrong World Industries a achet\u00e9 l\u2019entreprise d\u2019adh\u00e9sifs pour rev\u00eatement de sol W.W. Henry de Warner Henry. Pendant les ann\u00e9es 1990, WWH a \u00e9t\u00e9 le premier fabricant d\u2019adh\u00e9sifs \u00e0 passer des adh\u00e9sifs \u00e0 base de solvant aux adh\u00e9sifs sans solvant.<\/p>\n<\/div>\n<div>En 2000, la soci\u00e9t\u00e9 W.W. Henry a \u00e9t\u00e9 acquise par ARDEX Am\u00e9riques, et aujourd\u2019hui HENRY est l\u2019un des piliers des marques d\u2019ARDEX Am\u00e9riques. L\u2019association \u00e9tait naturelle, car les deux entreprises partagent une culture d\u2019innovation, d\u2019excellence et de service \u00e0 la client\u00e8le.<\/div>\n<h3><img decoding=\"async\" src=\"http:\/\/henrysales.ardex.com\/assets\/tech%20bldg.%20flags.jpg\" alt=\"\" width=\"257\" height=\"227\" align=\"right\" border=\"0\" \/><\/h3>\n<h3>La formule du succ\u00e8s du professionnel<\/h3>\n<div>\n<p>Les professionnels en mati\u00e8re d\u2019installation de rev\u00eatement de sol ont enseign\u00e9 en toute confiance l\u2019utilisation des adh\u00e9sifs pour rev\u00eatement de sol de qualit\u00e9 sup\u00e9rieure HENRY de g\u00e9n\u00e9ration en g\u00e9n\u00e9ration. Comme un ami de longue date de la famille, HENRY a toujours repr\u00e9sent\u00e9 l\u2019excellence, la fiabilit\u00e9, l\u2019innovation et le service.<\/p>\n<h4>Engagement envers nos clients<\/h4>\n<p>Chaque entrepreneur qui utilise les produits de HENRY et chaque distributeur qui offre la marque HENRY sont consid\u00e9r\u00e9s comme nos partenaires. La soci\u00e9t\u00e9 W.W. Henry maintient un engagement ferme envers la croissance et la rentabilit\u00e9 des entreprises de nos clients gr\u00e2ce \u00e0&#8230;<\/p>\n<\/div>\n<ul>\n<li>Un service \u00e0 la client\u00e8le in\u00e9gal\u00e9 offert par plus de 80\u00a0professionnels des ventes sur le terrain les plus comp\u00e9tents de l\u2019industrie;<\/li>\n<li>L\u2019\u00e9quipe du soutien technique de HENRY qui poss\u00e8de une vaste exp\u00e9rience avec tout type d\u2019installation de rev\u00eatement de sol.<\/li>\n<li>Un engagement ferme en mati\u00e8re de recherche et de d\u00e9veloppement.<\/li>\n<\/ul>\n<h3>\u00c9cologique quand l\u2019\u00e9cologie n\u2019\u00e9tait pas \u00e0 la mode<\/h3>\n<div>\n<p>La soci\u00e9t\u00e9 W.W. Henry a fait preuve d\u2019un leadership coh\u00e9rent dans la r\u00e9duction de l\u2019impact environnemental de nos produits et la minimisation de l\u2019empreinte \u00e9cologique que nous laissons derri\u00e8re. Les premiers de l\u2019industrie \u00e0 d\u00e9velopper des adh\u00e9sifs sans solvant dans les ann\u00e9es 1990, nous avons r\u00e9cemment lanc\u00e9 une nouvelle norme environnementale, la technologie environnementale GreenLine<sup>MC<\/sup> de HENRY<sup>MD<\/sup>.<\/p>\n<p>Tous les adh\u00e9sifs GreenLine<sup>MC<\/sup> de HENRY<sup>MD<\/sup> ont des \u00e9missions COV tr\u00e8s faibles, sont hypoallerg\u00e9niques, sans solvant, n\u2019ont pratiquement aucune odeur perceptible et permettent \u00e0 des projets d\u2019\u00eatre admissibles \u00e0 des points LEED pr\u00e9cieux.<\/p>\n<\/div>\n","protected":false},"excerpt":{"rendered":"<p>La soci\u00e9t\u00e9 W.W. HENRY est l&rsquo;un des plus importants fabricants d&rsquo;adh\u00e9sifs au monde pour tous les types d&rsquo;installations de rev\u00eatement de sol. \u00c9tablie en 1933 par Warner W. Henry, Sr, HENRY a \u00e9t\u00e9 cr\u00e9\u00e9e \u00e0 l\u2019origine pour fabriquer des rev\u00eatements \u2026<\/p>\n","protected":false},"author":42,"featured_media":21154,"parent":0,"menu_order":0,"comment_status":"closed","ping_status":"closed","template":"page-overview.php","meta":{"_acf_changed":false,"footnotes":""},"class_list":["post-41274","page","type-page","status-publish","has-post-thumbnail","hentry"],"acf":[],"yoast_head":"<!-- This site is optimized with the Yoast SEO Premium plugin v27.3 (Yoast SEO v27.3) - https:\/\/yoast.com\/product\/yoast-seo-premium-wordpress\/ -->\n<title>HENRY: 75 years and going strong<\/title>\n<meta name=\"description\" content=\"In 2000 HENRY became a brand under ARDEX Americas, and it continues to be at the forefront of solutio offerings for all types of flooring installations.\" \/>\n<meta name=\"robots\" content=\"index, follow, max-snippet:-1, max-image-preview:large, max-video-preview:-1\" \/>\n<link rel=\"canonical\" href=\"https:\/\/www.wwhenry.com\/fr\/about-us\/\" \/>\n<meta property=\"og:locale\" content=\"fr_FR\" \/>\n<meta property=\"og:type\" content=\"article\" \/>\n<meta property=\"og:title\" content=\"\u00c0 PROPOS DE NOUS\" \/>\n<meta property=\"og:description\" content=\"In 2000 HENRY became a brand under ARDEX Americas, and it continues to be at the forefront of solutio offerings for all types of flooring installations.\" \/>\n<meta property=\"og:url\" content=\"https:\/\/www.wwhenry.com\/fr\/about-us\/\" \/>\n<meta property=\"og:site_name\" content=\"WW Henry\" \/>\n<meta property=\"article:publisher\" content=\"https:\/\/www.facebook.com\/ARDEXAmericas\/\" \/>\n<meta property=\"article:modified_time\" content=\"2022-07-19T15:51:11+00:00\" \/>\n<meta property=\"og:image\" content=\"https:\/\/www.wwhenry.com\/wp-content\/uploads\/2018\/10\/HENRY-BuildingOn-BLUE_edited.jpg\" \/>\n\t<meta property=\"og:image:width\" content=\"1754\" \/>\n\t<meta property=\"og:image:height\" content=\"451\" \/>\n\t<meta property=\"og:image:type\" content=\"image\/jpeg\" \/>\n<meta name=\"twitter:card\" content=\"summary_large_image\" \/>\n<meta name=\"twitter:site\" content=\"@ARDEXAmericas\" \/>\n<meta name=\"twitter:label1\" content=\"Dur\u00e9e de lecture estim\u00e9e\" \/>\n\t<meta name=\"twitter:data1\" content=\"3 minutes\" \/>\n<script type=\"application\/ld+json\" class=\"yoast-schema-graph\">{\"@context\":\"https:\\\/\\\/schema.org\",\"@graph\":[{\"@type\":\"WebPage\",\"@id\":\"https:\\\/\\\/www.wwhenry.com\\\/fr\\\/about-us\\\/\",\"url\":\"https:\\\/\\\/www.wwhenry.com\\\/fr\\\/about-us\\\/\",\"name\":\"HENRY: 75 years and going strong\",\"isPartOf\":{\"@id\":\"https:\\\/\\\/www.wwhenry.com\\\/#website\"},\"primaryImageOfPage\":{\"@id\":\"https:\\\/\\\/www.wwhenry.com\\\/fr\\\/about-us\\\/#primaryimage\"},\"image\":{\"@id\":\"https:\\\/\\\/www.wwhenry.com\\\/fr\\\/about-us\\\/#primaryimage\"},\"thumbnailUrl\":\"https:\\\/\\\/www.wwhenry.com\\\/wp-content\\\/uploads\\\/2018\\\/10\\\/HENRY-BuildingOn-BLUE_edited.jpg\",\"datePublished\":\"2017-05-10T14:43:00+00:00\",\"dateModified\":\"2022-07-19T15:51:11+00:00\",\"description\":\"In 2000 HENRY became a brand under ARDEX Americas, and it continues to be at the forefront of solutio offerings for all types of flooring installations.\",\"breadcrumb\":{\"@id\":\"https:\\\/\\\/www.wwhenry.com\\\/fr\\\/about-us\\\/#breadcrumb\"},\"inLanguage\":\"fr-FR\",\"potentialAction\":[{\"@type\":\"ReadAction\",\"target\":[\"https:\\\/\\\/www.wwhenry.com\\\/fr\\\/about-us\\\/\"]}]},{\"@type\":\"ImageObject\",\"inLanguage\":\"fr-FR\",\"@id\":\"https:\\\/\\\/www.wwhenry.com\\\/fr\\\/about-us\\\/#primaryimage\",\"url\":\"https:\\\/\\\/www.wwhenry.com\\\/wp-content\\\/uploads\\\/2018\\\/10\\\/HENRY-BuildingOn-BLUE_edited.jpg\",\"contentUrl\":\"https:\\\/\\\/www.wwhenry.com\\\/wp-content\\\/uploads\\\/2018\\\/10\\\/HENRY-BuildingOn-BLUE_edited.jpg\",\"width\":1754,\"height\":451,\"caption\":\"HENRY logo\"},{\"@type\":\"BreadcrumbList\",\"@id\":\"https:\\\/\\\/www.wwhenry.com\\\/fr\\\/about-us\\\/#breadcrumb\",\"itemListElement\":[{\"@type\":\"ListItem\",\"position\":1,\"name\":\"Home\",\"item\":\"https:\\\/\\\/www.wwhenry.com\\\/fr\\\/\"},{\"@type\":\"ListItem\",\"position\":2,\"name\":\"\u00c0 PROPOS DE NOUS\"}]},{\"@type\":\"WebSite\",\"@id\":\"https:\\\/\\\/www.wwhenry.com\\\/#website\",\"url\":\"https:\\\/\\\/www.wwhenry.com\\\/\",\"name\":\"WW Henry\",\"description\":\"The Professionals&#039; Formula for Success\",\"potentialAction\":[{\"@type\":\"SearchAction\",\"target\":{\"@type\":\"EntryPoint\",\"urlTemplate\":\"https:\\\/\\\/www.wwhenry.com\\\/?s={search_term_string}\"},\"query-input\":{\"@type\":\"PropertyValueSpecification\",\"valueRequired\":true,\"valueName\":\"search_term_string\"}}],\"inLanguage\":\"fr-FR\"}]}<\/script>\n<!-- \/ Yoast SEO Premium plugin. -->","yoast_head_json":{"title":"HENRY: 75 years and going strong","description":"In 2000 HENRY became a brand under ARDEX Americas, and it continues to be at the forefront of solutio offerings for all types of flooring installations.","robots":{"index":"index","follow":"follow","max-snippet":"max-snippet:-1","max-image-preview":"max-image-preview:large","max-video-preview":"max-video-preview:-1"},"canonical":"https:\/\/www.wwhenry.com\/fr\/about-us\/","og_locale":"fr_FR","og_type":"article","og_title":"\u00c0 PROPOS DE NOUS","og_description":"In 2000 HENRY became a brand under ARDEX Americas, and it continues to be at the forefront of solutio offerings for all types of flooring installations.","og_url":"https:\/\/www.wwhenry.com\/fr\/about-us\/","og_site_name":"WW Henry","article_publisher":"https:\/\/www.facebook.com\/ARDEXAmericas\/","article_modified_time":"2022-07-19T15:51:11+00:00","og_image":[{"width":1754,"height":451,"url":"https:\/\/www.wwhenry.com\/wp-content\/uploads\/2018\/10\/HENRY-BuildingOn-BLUE_edited.jpg","type":"image\/jpeg"}],"twitter_card":"summary_large_image","twitter_site":"@ARDEXAmericas","twitter_misc":{"Dur\u00e9e de lecture estim\u00e9e":"3 minutes"},"schema":{"@context":"https:\/\/schema.org","@graph":[{"@type":"WebPage","@id":"https:\/\/www.wwhenry.com\/fr\/about-us\/","url":"https:\/\/www.wwhenry.com\/fr\/about-us\/","name":"HENRY: 75 years and going strong","isPartOf":{"@id":"https:\/\/www.wwhenry.com\/#website"},"primaryImageOfPage":{"@id":"https:\/\/www.wwhenry.com\/fr\/about-us\/#primaryimage"},"image":{"@id":"https:\/\/www.wwhenry.com\/fr\/about-us\/#primaryimage"},"thumbnailUrl":"https:\/\/www.wwhenry.com\/wp-content\/uploads\/2018\/10\/HENRY-BuildingOn-BLUE_edited.jpg","datePublished":"2017-05-10T14:43:00+00:00","dateModified":"2022-07-19T15:51:11+00:00","description":"In 2000 HENRY became a brand under ARDEX Americas, and it continues to be at the forefront of solutio offerings for all types of flooring installations.","breadcrumb":{"@id":"https:\/\/www.wwhenry.com\/fr\/about-us\/#breadcrumb"},"inLanguage":"fr-FR","potentialAction":[{"@type":"ReadAction","target":["https:\/\/www.wwhenry.com\/fr\/about-us\/"]}]},{"@type":"ImageObject","inLanguage":"fr-FR","@id":"https:\/\/www.wwhenry.com\/fr\/about-us\/#primaryimage","url":"https:\/\/www.wwhenry.com\/wp-content\/uploads\/2018\/10\/HENRY-BuildingOn-BLUE_edited.jpg","contentUrl":"https:\/\/www.wwhenry.com\/wp-content\/uploads\/2018\/10\/HENRY-BuildingOn-BLUE_edited.jpg","width":1754,"height":451,"caption":"HENRY logo"},{"@type":"BreadcrumbList","@id":"https:\/\/www.wwhenry.com\/fr\/about-us\/#breadcrumb","itemListElement":[{"@type":"ListItem","position":1,"name":"Home","item":"https:\/\/www.wwhenry.com\/fr\/"},{"@type":"ListItem","position":2,"name":"\u00c0 PROPOS DE NOUS"}]},{"@type":"WebSite","@id":"https:\/\/www.wwhenry.com\/#website","url":"https:\/\/www.wwhenry.com\/","name":"WW Henry","description":"The Professionals&#039; Formula for Success","potentialAction":[{"@type":"SearchAction","target":{"@type":"EntryPoint","urlTemplate":"https:\/\/www.wwhenry.com\/?s={search_term_string}"},"query-input":{"@type":"PropertyValueSpecification","valueRequired":true,"valueName":"search_term_string"}}],"inLanguage":"fr-FR"}]}},"_links":{"self":[{"href":"https:\/\/www.wwhenry.com\/fr\/wp-json\/wp\/v2\/pages\/41274","targetHints":{"allow":["GET"]}}],"collection":[{"href":"https:\/\/www.wwhenry.com\/fr\/wp-json\/wp\/v2\/pages"}],"about":[{"href":"https:\/\/www.wwhenry.com\/fr\/wp-json\/wp\/v2\/types\/page"}],"author":[{"embeddable":true,"href":"https:\/\/www.wwhenry.com\/fr\/wp-json\/wp\/v2\/users\/42"}],"replies":[{"embeddable":true,"href":"https:\/\/www.wwhenry.com\/fr\/wp-json\/wp\/v2\/comments?post=41274"}],"version-history":[{"count":0,"href":"https:\/\/www.wwhenry.com\/fr\/wp-json\/wp\/v2\/pages\/41274\/revisions"}],"wp:featuredmedia":[{"embeddable":true,"href":"https:\/\/www.wwhenry.com\/fr\/wp-json\/wp\/v2\/media\/21154"}],"wp:attachment":[{"href":"https:\/\/www.wwhenry.com\/fr\/wp-json\/wp\/v2\/media?parent=41274"}],"curies":[{"name":"wp","href":"https:\/\/api.w.org\/{rel}","templated":true}]}}