{"id":41270,"date":"2017-05-12T12:37:07","date_gmt":"2017-05-12T16:37:07","guid":{"rendered":"https:\/\/www.wwhenry.com\/sustainability\/"},"modified":"2022-06-06T15:16:29","modified_gmt":"2022-06-06T19:16:29","slug":"durabilite","status":"publish","type":"page","link":"https:\/\/www.wwhenry.com\/fr\/about-us\/durabilite\/","title":{"rendered":"Durabilit\u00e9"},"content":{"rendered":"<p>HENRY s\u2019engage pleinement \u00e0 prot\u00e9ger notre environnement et en assurer la subsistance. Nous assumons la responsabilit\u00e9 de faire notre part pour donner \u00e0 nos enfants et aux g\u00e9n\u00e9rations suivantes un monde meilleur et plus s\u00e9curitaire dans lequel vivre.<\/p>\n<p>L\u2019engagement de HENRY envers le d\u00e9veloppement durable inclut ce qui suit\u00a0:<\/p>\n<ul>\n<li>Le d\u00e9veloppement de produits \u00e9cologiques;<\/li>\n<li>L\u2019incidence que nos installations ont sur leurs milieux environnants;<\/li>\n<li>Le soutien et l\u2019encouragement offerts \u00e0 nos employ\u00e9s pour prot\u00e9ger notre plan\u00e8te et ses ressources.<\/li>\n<\/ul>\n<p>On n\u2019y parvient pas seulement en respectant les r\u00e9glementations industrielles et environnementales civiques dans nos op\u00e9rations quotidiennes; nous d\u00e9ployons de grands efforts pour prendre en consid\u00e9ration l\u2019impact environnemental de nos produits pendant la recherche et le d\u00e9veloppement et tout au long de nos proc\u00e9d\u00e9s de fabrication, et comprendre les effets que nos produits pourraient avoir sur l\u2019environnement lorsqu\u2019ils sont utilis\u00e9s.<\/p>\n<p>HENRY continue d\u2019apporter des am\u00e9liorations environnementales \u00e0 nos produits, \u00e0 nos installations et \u00e0 nos proc\u00e9d\u00e9s, car c\u2019est la bonne chose \u00e0 faire!<\/p>\n<p><strong>Adh\u00e9sifs GreenLine<sup>MC<\/sup> de HENRY<sup>MD<\/sup><\/strong><\/p>\n<p>Tandis que nous d\u00e9veloppons des produits, l\u2019\u00e9quipe de recherche et de d\u00e9veloppement de HENRY, compos\u00e9e de scientifiques et de techniciens chevronn\u00e9s, travaille sans rel\u00e2che pour d\u00e9velopper de nouvelles formules qui r\u00e9duisent l\u2019empreinte \u00e9cologique de nos produits en consommant moins de ressources naturelles, en utilisant moins de mati\u00e8res recycl\u00e9es, en r\u00e9duisant les \u00e9missions et en ayant recours \u00e0 des am\u00e9liorations qui auront un impact environnemental positif. Parfois, c\u2019est ce qu\u2019un produit n\u2019a pas qui le rend meilleur.<\/p>\n<ol>\n<li>Faibles \u00e9missions COV<\/li>\n<li>Aucune odeur<\/li>\n<li>Contribue aux points LEED<\/li>\n<\/ol>\n<p>HENRY a \u00e9t\u00e9 la premi\u00e8re entreprise d\u2019adh\u00e9sifs \u00e0 lancer des adh\u00e9sifs \u00e0 base d\u2019eau, ce qui a \u00e9limin\u00e9 les solvants dans les ann\u00e9es 1990. Nous avons aussi \u00e9t\u00e9 les premiers \u00e0 pr\u00e9senter des \u00e9missions COV tr\u00e8s faibles et une technologie \u00e0 faible odeur dans les adh\u00e9sifs pour rev\u00eatement de sol lors de la pr\u00e9sentation de la technologie environnementale GreenLine<sup>MC<\/sup> de HENRY<sup>MD<\/sup>.<\/p>\n<p>Lorsqu\u2019ils utilisent les adh\u00e9sifs GreenLine<sup>MC<\/sup> de HENRY<sup>MD<\/sup>, nos clients n\u2019ont pas \u00e0 sacrifier la qualit\u00e9 ou le rendement pour une solution \u00e9cologique. Les adh\u00e9sifs HENRY sont des produits fiables \u00e0 rendement \u00e9lev\u00e9 appuy\u00e9s par une garantie de 75\u00a0ans et plus qui sont la cl\u00e9 du succ\u00e8s des professionnels et constituent un engagement ferme envers la protection de l\u2019environnement.<\/p>\n<p><strong>Adh\u00e9sifs biosourc\u00e9s de HENRY<sup>MD<\/sup><\/strong><\/p>\n<p>Cr\u00e9\u00e9 par le Farm Security and Rural Investment Act of 2002 (Loi de 2002 sur la s\u00e9curit\u00e9 des fermes et l\u2019investissement rural) et d\u00e9velopp\u00e9 par la Food, Conservation, and Energy Act of 2008 (Loi de 2008 sur les aliments, la conservation et l\u2019\u00e9nergie), le programme BioPreferred du d\u00e9partement de l\u2019Agriculture des \u00c9tats-Unis (USDA) a re\u00e7u l\u2019approbation du bureau ovale en 2012, ce qui a accru son utilisation d\u2019au moins 50 pour cent. Les produits biosourc\u00e9s comme HENRY<sup>MD<\/sup> 682 LinoLock et HENRY<sup>MD<\/sup> 622 VinylBond d\u00e9passent les exigences pour la teneur en carbone biosourc\u00e9 (norme ASTM D6866).<\/p>\n<p><strong>Un engagement dans toute l\u2019entreprise<\/strong><br \/>\nPour obtenir de plus amples renseignements sur la culture et l\u2019engagement de notre entreprise, consultez <a href=\"https:\/\/www.ardexamericas.com\/fr\/about-us\/careers\/culture\/\">la page de la culture d\u2019ARDEX Am\u00e9riques<\/a>\u00a0ou notre\u00a0<a href=\"https:\/\/www.ardexamericas.com\/fr\/about-us\/careers\/community-commitment\/\">page en mati\u00e8re d\u2019engagement communautaire<\/a>.<\/p>\n","protected":false},"excerpt":{"rendered":"<p>HENRY s\u2019engage pleinement \u00e0 prot\u00e9ger notre environnement et en assurer la subsistance. Nous assumons la responsabilit\u00e9 de faire notre part pour donner \u00e0 nos enfants et aux g\u00e9n\u00e9rations suivantes un monde meilleur et plus s\u00e9curitaire dans lequel vivre. L\u2019engagement de \u2026<\/p>\n","protected":false},"author":42,"featured_media":17736,"parent":41274,"menu_order":0,"comment_status":"closed","ping_status":"closed","template":"page-overview.php","meta":{"_acf_changed":false,"footnotes":""},"class_list":["post-41270","page","type-page","status-publish","has-post-thumbnail","hentry"],"acf":[],"yoast_head":"<!-- This site is optimized with the Yoast SEO Premium plugin v27.3 (Yoast SEO v27.3) - https:\/\/yoast.com\/product\/yoast-seo-premium-wordpress\/ -->\n<title>HENRY et la durabilit\u00e9<\/title>\n<meta name=\"description\" content=\"HENRY s\u2019engage pleinement \u00e0 prot\u00e9ger notre environnement et en assurer la subsistance.\" \/>\n<meta name=\"robots\" content=\"index, follow, max-snippet:-1, max-image-preview:large, max-video-preview:-1\" \/>\n<link rel=\"canonical\" href=\"https:\/\/www.wwhenry.com\/fr\/durabilite\/\" \/>\n<meta property=\"og:locale\" content=\"fr_FR\" \/>\n<meta property=\"og:type\" content=\"article\" \/>\n<meta property=\"og:title\" content=\"Durabilit\u00e9\" \/>\n<meta property=\"og:description\" content=\"HENRY s\u2019engage pleinement \u00e0 prot\u00e9ger notre environnement et en assurer la subsistance.\" \/>\n<meta property=\"og:url\" content=\"https:\/\/www.wwhenry.com\/fr\/durabilite\/\" \/>\n<meta property=\"og:site_name\" content=\"WW Henry\" \/>\n<meta property=\"article:publisher\" content=\"https:\/\/www.facebook.com\/ARDEXAmericas\/\" \/>\n<meta property=\"article:modified_time\" content=\"2022-06-06T19:16:29+00:00\" \/>\n<meta property=\"og:image\" content=\"https:\/\/www.wwhenry.com\/wp-content\/uploads\/2018\/08\/Sustainability-main-header-1024x449.jpg\" \/>\n\t<meta property=\"og:image:width\" content=\"1024\" \/>\n\t<meta property=\"og:image:height\" content=\"449\" \/>\n\t<meta property=\"og:image:type\" content=\"image\/jpeg\" \/>\n<meta name=\"twitter:card\" content=\"summary_large_image\" \/>\n<meta name=\"twitter:site\" content=\"@ARDEXAmericas\" \/>\n<meta name=\"twitter:label1\" content=\"Dur\u00e9e de lecture estim\u00e9e\" \/>\n\t<meta name=\"twitter:data1\" content=\"3 minutes\" \/>\n<script type=\"application\/ld+json\" class=\"yoast-schema-graph\">{\"@context\":\"https:\\\/\\\/schema.org\",\"@graph\":[{\"@type\":\"WebPage\",\"@id\":\"https:\\\/\\\/www.wwhenry.com\\\/fr\\\/durabilite\\\/\",\"url\":\"https:\\\/\\\/www.wwhenry.com\\\/fr\\\/durabilite\\\/\",\"name\":\"HENRY et la durabilit\u00e9\",\"isPartOf\":{\"@id\":\"https:\\\/\\\/www.wwhenry.com\\\/#website\"},\"primaryImageOfPage\":{\"@id\":\"https:\\\/\\\/www.wwhenry.com\\\/fr\\\/durabilite\\\/#primaryimage\"},\"image\":{\"@id\":\"https:\\\/\\\/www.wwhenry.com\\\/fr\\\/durabilite\\\/#primaryimage\"},\"thumbnailUrl\":\"https:\\\/\\\/www.wwhenry.com\\\/wp-content\\\/uploads\\\/2018\\\/08\\\/Sustainability-main-header.jpg\",\"datePublished\":\"2017-05-12T16:37:07+00:00\",\"dateModified\":\"2022-06-06T19:16:29+00:00\",\"description\":\"HENRY s\u2019engage pleinement \u00e0 prot\u00e9ger notre environnement et en assurer la subsistance.\",\"breadcrumb\":{\"@id\":\"https:\\\/\\\/www.wwhenry.com\\\/fr\\\/durabilite\\\/#breadcrumb\"},\"inLanguage\":\"fr-FR\",\"potentialAction\":[{\"@type\":\"ReadAction\",\"target\":[\"https:\\\/\\\/www.wwhenry.com\\\/fr\\\/durabilite\\\/\"]}]},{\"@type\":\"ImageObject\",\"inLanguage\":\"fr-FR\",\"@id\":\"https:\\\/\\\/www.wwhenry.com\\\/fr\\\/durabilite\\\/#primaryimage\",\"url\":\"https:\\\/\\\/www.wwhenry.com\\\/wp-content\\\/uploads\\\/2018\\\/08\\\/Sustainability-main-header.jpg\",\"contentUrl\":\"https:\\\/\\\/www.wwhenry.com\\\/wp-content\\\/uploads\\\/2018\\\/08\\\/Sustainability-main-header.jpg\",\"width\":1872,\"height\":820,\"caption\":\"Trees inside of a building,new york\"},{\"@type\":\"BreadcrumbList\",\"@id\":\"https:\\\/\\\/www.wwhenry.com\\\/fr\\\/durabilite\\\/#breadcrumb\",\"itemListElement\":[{\"@type\":\"ListItem\",\"position\":1,\"name\":\"Home\",\"item\":\"https:\\\/\\\/www.wwhenry.com\\\/fr\\\/\"},{\"@type\":\"ListItem\",\"position\":2,\"name\":\"Durabilit\u00e9\"}]},{\"@type\":\"WebSite\",\"@id\":\"https:\\\/\\\/www.wwhenry.com\\\/#website\",\"url\":\"https:\\\/\\\/www.wwhenry.com\\\/\",\"name\":\"WW Henry\",\"description\":\"The Professionals&#039; Formula for Success\",\"potentialAction\":[{\"@type\":\"SearchAction\",\"target\":{\"@type\":\"EntryPoint\",\"urlTemplate\":\"https:\\\/\\\/www.wwhenry.com\\\/?s={search_term_string}\"},\"query-input\":{\"@type\":\"PropertyValueSpecification\",\"valueRequired\":true,\"valueName\":\"search_term_string\"}}],\"inLanguage\":\"fr-FR\"}]}<\/script>\n<!-- \/ Yoast SEO Premium plugin. -->","yoast_head_json":{"title":"HENRY et la durabilit\u00e9","description":"HENRY s\u2019engage pleinement \u00e0 prot\u00e9ger notre environnement et en assurer la subsistance.","robots":{"index":"index","follow":"follow","max-snippet":"max-snippet:-1","max-image-preview":"max-image-preview:large","max-video-preview":"max-video-preview:-1"},"canonical":"https:\/\/www.wwhenry.com\/fr\/durabilite\/","og_locale":"fr_FR","og_type":"article","og_title":"Durabilit\u00e9","og_description":"HENRY s\u2019engage pleinement \u00e0 prot\u00e9ger notre environnement et en assurer la subsistance.","og_url":"https:\/\/www.wwhenry.com\/fr\/durabilite\/","og_site_name":"WW Henry","article_publisher":"https:\/\/www.facebook.com\/ARDEXAmericas\/","article_modified_time":"2022-06-06T19:16:29+00:00","og_image":[{"width":1024,"height":449,"url":"https:\/\/www.wwhenry.com\/wp-content\/uploads\/2018\/08\/Sustainability-main-header-1024x449.jpg","type":"image\/jpeg"}],"twitter_card":"summary_large_image","twitter_site":"@ARDEXAmericas","twitter_misc":{"Dur\u00e9e de lecture estim\u00e9e":"3 minutes"},"schema":{"@context":"https:\/\/schema.org","@graph":[{"@type":"WebPage","@id":"https:\/\/www.wwhenry.com\/fr\/durabilite\/","url":"https:\/\/www.wwhenry.com\/fr\/durabilite\/","name":"HENRY et la durabilit\u00e9","isPartOf":{"@id":"https:\/\/www.wwhenry.com\/#website"},"primaryImageOfPage":{"@id":"https:\/\/www.wwhenry.com\/fr\/durabilite\/#primaryimage"},"image":{"@id":"https:\/\/www.wwhenry.com\/fr\/durabilite\/#primaryimage"},"thumbnailUrl":"https:\/\/www.wwhenry.com\/wp-content\/uploads\/2018\/08\/Sustainability-main-header.jpg","datePublished":"2017-05-12T16:37:07+00:00","dateModified":"2022-06-06T19:16:29+00:00","description":"HENRY s\u2019engage pleinement \u00e0 prot\u00e9ger notre environnement et en assurer la subsistance.","breadcrumb":{"@id":"https:\/\/www.wwhenry.com\/fr\/durabilite\/#breadcrumb"},"inLanguage":"fr-FR","potentialAction":[{"@type":"ReadAction","target":["https:\/\/www.wwhenry.com\/fr\/durabilite\/"]}]},{"@type":"ImageObject","inLanguage":"fr-FR","@id":"https:\/\/www.wwhenry.com\/fr\/durabilite\/#primaryimage","url":"https:\/\/www.wwhenry.com\/wp-content\/uploads\/2018\/08\/Sustainability-main-header.jpg","contentUrl":"https:\/\/www.wwhenry.com\/wp-content\/uploads\/2018\/08\/Sustainability-main-header.jpg","width":1872,"height":820,"caption":"Trees inside of a building,new york"},{"@type":"BreadcrumbList","@id":"https:\/\/www.wwhenry.com\/fr\/durabilite\/#breadcrumb","itemListElement":[{"@type":"ListItem","position":1,"name":"Home","item":"https:\/\/www.wwhenry.com\/fr\/"},{"@type":"ListItem","position":2,"name":"Durabilit\u00e9"}]},{"@type":"WebSite","@id":"https:\/\/www.wwhenry.com\/#website","url":"https:\/\/www.wwhenry.com\/","name":"WW Henry","description":"The Professionals&#039; Formula for Success","potentialAction":[{"@type":"SearchAction","target":{"@type":"EntryPoint","urlTemplate":"https:\/\/www.wwhenry.com\/?s={search_term_string}"},"query-input":{"@type":"PropertyValueSpecification","valueRequired":true,"valueName":"search_term_string"}}],"inLanguage":"fr-FR"}]}},"_links":{"self":[{"href":"https:\/\/www.wwhenry.com\/fr\/wp-json\/wp\/v2\/pages\/41270","targetHints":{"allow":["GET"]}}],"collection":[{"href":"https:\/\/www.wwhenry.com\/fr\/wp-json\/wp\/v2\/pages"}],"about":[{"href":"https:\/\/www.wwhenry.com\/fr\/wp-json\/wp\/v2\/types\/page"}],"author":[{"embeddable":true,"href":"https:\/\/www.wwhenry.com\/fr\/wp-json\/wp\/v2\/users\/42"}],"replies":[{"embeddable":true,"href":"https:\/\/www.wwhenry.com\/fr\/wp-json\/wp\/v2\/comments?post=41270"}],"version-history":[{"count":0,"href":"https:\/\/www.wwhenry.com\/fr\/wp-json\/wp\/v2\/pages\/41270\/revisions"}],"up":[{"embeddable":true,"href":"https:\/\/www.wwhenry.com\/fr\/wp-json\/wp\/v2\/pages\/41274"}],"wp:featuredmedia":[{"embeddable":true,"href":"https:\/\/www.wwhenry.com\/fr\/wp-json\/wp\/v2\/media\/17736"}],"wp:attachment":[{"href":"https:\/\/www.wwhenry.com\/fr\/wp-json\/wp\/v2\/media?parent=41270"}],"curies":[{"name":"wp","href":"https:\/\/api.w.org\/{rel}","templated":true}]}}