{"id":41266,"date":"2018-05-16T09:49:31","date_gmt":"2018-05-16T13:49:31","guid":{"rendered":"https:\/\/www.wwhenry.com\/warranties\/"},"modified":"2022-06-20T11:33:11","modified_gmt":"2022-06-20T15:33:11","slug":"garanties","status":"publish","type":"page","link":"https:\/\/www.wwhenry.com\/fr\/garanties\/","title":{"rendered":"GARANTIES"},"content":{"rendered":"<p>Soyez assur\u00e9s que vous utilisez les meilleurs adh\u00e9sifs de rev\u00eatement de sol pour toutes vos installations en choisissant HENRY<sup>MD<\/sup>. Nous appuyons nos produits et croyons au d\u00e9veloppement et \u00e0 l\u2019essai pouss\u00e9s des produits pour maintenir des normes de qualit\u00e9 sup\u00e9rieure. Apprenez-en davantage sur les garanties de produit HENRY disponibles ci-dessous.<\/p>\n<p>Lorsque vous utilisez HENRY conjointement \u00e0 nos produits ARDEX, vous pourriez \u00eatre admissible \u00e0 notre\u00a0<a href=\"https:\/\/www.wwhenry.com\/fr\/warranties\/\">garantie SystemOne<sup>MC<\/sup><\/a>. Ces solutions d\u2019installation de rev\u00eatement de sol compl\u00e8tes comprennent une garantie de remplacement compl\u00e8te \u2013 la meilleure de l\u2019industrie! Vous pouvez en apprendre plus ci-dessous, ou\u00a0<a href=\"https:\/\/www.wwhenry.com\/fr\/nous-contacter\/\">nous contacter<\/a>\u00a0pour obtenir de plus amples renseignements.<\/p>\n","protected":false},"excerpt":{"rendered":"<p>Soyez assur\u00e9s que vous utilisez les meilleurs adh\u00e9sifs de rev\u00eatement de sol pour toutes vos installations en choisissant HENRYMD. Nous appuyons nos produits et croyons au d\u00e9veloppement et \u00e0 l\u2019essai pouss\u00e9s des produits pour maintenir des normes de qualit\u00e9 sup\u00e9rieure. \u2026<\/p>\n","protected":false},"author":42,"featured_media":13134,"parent":0,"menu_order":0,"comment_status":"closed","ping_status":"closed","template":"page-overview.php","meta":{"_acf_changed":false,"footnotes":""},"class_list":["post-41266","page","type-page","status-publish","has-post-thumbnail","hentry"],"acf":[],"yoast_head":"<!-- This site is optimized with the Yoast SEO Premium plugin v27.3 (Yoast SEO v27.3) - https:\/\/yoast.com\/product\/yoast-seo-premium-wordpress\/ -->\n<title>HENRY Product Warranties: Simply the best in the business!<\/title>\n<meta name=\"description\" content=\"Check out our HENRY product warranties, and now (when used in combination with ARDEX products) we offer SystemOne - the best warranty in the industry!\" \/>\n<meta name=\"robots\" content=\"index, follow, max-snippet:-1, max-image-preview:large, max-video-preview:-1\" \/>\n<link rel=\"canonical\" href=\"https:\/\/www.wwhenry.com\/fr\/garanties\/\" \/>\n<meta property=\"og:locale\" content=\"fr_FR\" \/>\n<meta property=\"og:type\" content=\"article\" \/>\n<meta property=\"og:title\" content=\"GARANTIES\" \/>\n<meta property=\"og:description\" content=\"Check out our HENRY product warranties, and now (when used in combination with ARDEX products) we offer SystemOne - the best warranty in the industry!\" \/>\n<meta property=\"og:url\" content=\"https:\/\/www.wwhenry.com\/fr\/garanties\/\" \/>\n<meta property=\"og:site_name\" content=\"WW Henry\" \/>\n<meta property=\"article:publisher\" content=\"https:\/\/www.facebook.com\/ARDEXAmericas\/\" \/>\n<meta property=\"article:modified_time\" content=\"2022-06-20T15:33:11+00:00\" \/>\n<meta property=\"og:image\" content=\"https:\/\/www.wwhenry.com\/wp-content\/uploads\/Warranty-overview.jpg\" \/>\n\t<meta property=\"og:image:width\" content=\"1872\" \/>\n\t<meta property=\"og:image:height\" content=\"820\" \/>\n\t<meta property=\"og:image:type\" content=\"image\/jpeg\" \/>\n<meta name=\"twitter:card\" content=\"summary_large_image\" \/>\n<meta name=\"twitter:site\" content=\"@ARDEXAmericas\" \/>\n<meta name=\"twitter:label1\" content=\"Dur\u00e9e de lecture estim\u00e9e\" \/>\n\t<meta name=\"twitter:data1\" content=\"1 minute\" \/>\n<script type=\"application\/ld+json\" class=\"yoast-schema-graph\">{\"@context\":\"https:\\\/\\\/schema.org\",\"@graph\":[{\"@type\":\"WebPage\",\"@id\":\"https:\\\/\\\/www.wwhenry.com\\\/fr\\\/garanties\\\/\",\"url\":\"https:\\\/\\\/www.wwhenry.com\\\/fr\\\/garanties\\\/\",\"name\":\"HENRY Product Warranties: Simply the best in the business!\",\"isPartOf\":{\"@id\":\"https:\\\/\\\/www.wwhenry.com\\\/#website\"},\"primaryImageOfPage\":{\"@id\":\"https:\\\/\\\/www.wwhenry.com\\\/fr\\\/garanties\\\/#primaryimage\"},\"image\":{\"@id\":\"https:\\\/\\\/www.wwhenry.com\\\/fr\\\/garanties\\\/#primaryimage\"},\"thumbnailUrl\":\"https:\\\/\\\/www.wwhenry.com\\\/wp-content\\\/uploads\\\/Warranty-overview.jpg\",\"datePublished\":\"2018-05-16T13:49:31+00:00\",\"dateModified\":\"2022-06-20T15:33:11+00:00\",\"description\":\"Check out our HENRY product warranties, and now (when used in combination with ARDEX products) we offer SystemOne - the best warranty in the industry!\",\"breadcrumb\":{\"@id\":\"https:\\\/\\\/www.wwhenry.com\\\/fr\\\/garanties\\\/#breadcrumb\"},\"inLanguage\":\"fr-FR\",\"potentialAction\":[{\"@type\":\"ReadAction\",\"target\":[\"https:\\\/\\\/www.wwhenry.com\\\/fr\\\/garanties\\\/\"]}]},{\"@type\":\"ImageObject\",\"inLanguage\":\"fr-FR\",\"@id\":\"https:\\\/\\\/www.wwhenry.com\\\/fr\\\/garanties\\\/#primaryimage\",\"url\":\"https:\\\/\\\/www.wwhenry.com\\\/wp-content\\\/uploads\\\/Warranty-overview.jpg\",\"contentUrl\":\"https:\\\/\\\/www.wwhenry.com\\\/wp-content\\\/uploads\\\/Warranty-overview.jpg\",\"width\":1872,\"height\":820},{\"@type\":\"BreadcrumbList\",\"@id\":\"https:\\\/\\\/www.wwhenry.com\\\/fr\\\/garanties\\\/#breadcrumb\",\"itemListElement\":[{\"@type\":\"ListItem\",\"position\":1,\"name\":\"Home\",\"item\":\"https:\\\/\\\/www.wwhenry.com\\\/fr\\\/\"},{\"@type\":\"ListItem\",\"position\":2,\"name\":\"GARANTIES\"}]},{\"@type\":\"WebSite\",\"@id\":\"https:\\\/\\\/www.wwhenry.com\\\/#website\",\"url\":\"https:\\\/\\\/www.wwhenry.com\\\/\",\"name\":\"WW Henry\",\"description\":\"The Professionals&#039; Formula for Success\",\"potentialAction\":[{\"@type\":\"SearchAction\",\"target\":{\"@type\":\"EntryPoint\",\"urlTemplate\":\"https:\\\/\\\/www.wwhenry.com\\\/?s={search_term_string}\"},\"query-input\":{\"@type\":\"PropertyValueSpecification\",\"valueRequired\":true,\"valueName\":\"search_term_string\"}}],\"inLanguage\":\"fr-FR\"}]}<\/script>\n<!-- \/ Yoast SEO Premium plugin. -->","yoast_head_json":{"title":"HENRY Product Warranties: Simply the best in the business!","description":"Check out our HENRY product warranties, and now (when used in combination with ARDEX products) we offer SystemOne - the best warranty in the industry!","robots":{"index":"index","follow":"follow","max-snippet":"max-snippet:-1","max-image-preview":"max-image-preview:large","max-video-preview":"max-video-preview:-1"},"canonical":"https:\/\/www.wwhenry.com\/fr\/garanties\/","og_locale":"fr_FR","og_type":"article","og_title":"GARANTIES","og_description":"Check out our HENRY product warranties, and now (when used in combination with ARDEX products) we offer SystemOne - the best warranty in the industry!","og_url":"https:\/\/www.wwhenry.com\/fr\/garanties\/","og_site_name":"WW Henry","article_publisher":"https:\/\/www.facebook.com\/ARDEXAmericas\/","article_modified_time":"2022-06-20T15:33:11+00:00","og_image":[{"width":1872,"height":820,"url":"https:\/\/www.wwhenry.com\/wp-content\/uploads\/Warranty-overview.jpg","type":"image\/jpeg"}],"twitter_card":"summary_large_image","twitter_site":"@ARDEXAmericas","twitter_misc":{"Dur\u00e9e de lecture estim\u00e9e":"1 minute"},"schema":{"@context":"https:\/\/schema.org","@graph":[{"@type":"WebPage","@id":"https:\/\/www.wwhenry.com\/fr\/garanties\/","url":"https:\/\/www.wwhenry.com\/fr\/garanties\/","name":"HENRY Product Warranties: Simply the best in the business!","isPartOf":{"@id":"https:\/\/www.wwhenry.com\/#website"},"primaryImageOfPage":{"@id":"https:\/\/www.wwhenry.com\/fr\/garanties\/#primaryimage"},"image":{"@id":"https:\/\/www.wwhenry.com\/fr\/garanties\/#primaryimage"},"thumbnailUrl":"https:\/\/www.wwhenry.com\/wp-content\/uploads\/Warranty-overview.jpg","datePublished":"2018-05-16T13:49:31+00:00","dateModified":"2022-06-20T15:33:11+00:00","description":"Check out our HENRY product warranties, and now (when used in combination with ARDEX products) we offer SystemOne - the best warranty in the industry!","breadcrumb":{"@id":"https:\/\/www.wwhenry.com\/fr\/garanties\/#breadcrumb"},"inLanguage":"fr-FR","potentialAction":[{"@type":"ReadAction","target":["https:\/\/www.wwhenry.com\/fr\/garanties\/"]}]},{"@type":"ImageObject","inLanguage":"fr-FR","@id":"https:\/\/www.wwhenry.com\/fr\/garanties\/#primaryimage","url":"https:\/\/www.wwhenry.com\/wp-content\/uploads\/Warranty-overview.jpg","contentUrl":"https:\/\/www.wwhenry.com\/wp-content\/uploads\/Warranty-overview.jpg","width":1872,"height":820},{"@type":"BreadcrumbList","@id":"https:\/\/www.wwhenry.com\/fr\/garanties\/#breadcrumb","itemListElement":[{"@type":"ListItem","position":1,"name":"Home","item":"https:\/\/www.wwhenry.com\/fr\/"},{"@type":"ListItem","position":2,"name":"GARANTIES"}]},{"@type":"WebSite","@id":"https:\/\/www.wwhenry.com\/#website","url":"https:\/\/www.wwhenry.com\/","name":"WW Henry","description":"The Professionals&#039; Formula for Success","potentialAction":[{"@type":"SearchAction","target":{"@type":"EntryPoint","urlTemplate":"https:\/\/www.wwhenry.com\/?s={search_term_string}"},"query-input":{"@type":"PropertyValueSpecification","valueRequired":true,"valueName":"search_term_string"}}],"inLanguage":"fr-FR"}]}},"_links":{"self":[{"href":"https:\/\/www.wwhenry.com\/fr\/wp-json\/wp\/v2\/pages\/41266","targetHints":{"allow":["GET"]}}],"collection":[{"href":"https:\/\/www.wwhenry.com\/fr\/wp-json\/wp\/v2\/pages"}],"about":[{"href":"https:\/\/www.wwhenry.com\/fr\/wp-json\/wp\/v2\/types\/page"}],"author":[{"embeddable":true,"href":"https:\/\/www.wwhenry.com\/fr\/wp-json\/wp\/v2\/users\/42"}],"replies":[{"embeddable":true,"href":"https:\/\/www.wwhenry.com\/fr\/wp-json\/wp\/v2\/comments?post=41266"}],"version-history":[{"count":0,"href":"https:\/\/www.wwhenry.com\/fr\/wp-json\/wp\/v2\/pages\/41266\/revisions"}],"wp:featuredmedia":[{"embeddable":true,"href":"https:\/\/www.wwhenry.com\/fr\/wp-json\/wp\/v2\/media\/13134"}],"wp:attachment":[{"href":"https:\/\/www.wwhenry.com\/fr\/wp-json\/wp\/v2\/media?parent=41266"}],"curies":[{"name":"wp","href":"https:\/\/api.w.org\/{rel}","templated":true}]}}