{"id":41263,"date":"2018-06-12T07:08:41","date_gmt":"2018-06-12T11:08:41","guid":{"rendered":"https:\/\/www.wwhenry.com\/henry-warranty\/"},"modified":"2022-06-06T14:44:45","modified_gmt":"2022-06-06T18:44:45","slug":"garanties-henry","status":"publish","type":"page","link":"https:\/\/www.wwhenry.com\/fr\/garanties\/garanties-henry\/","title":{"rendered":"Garanties HENRY"},"content":{"rendered":"<p>Soyez assur\u00e9s que vous utilisez les meilleurs adh\u00e9sifs de rev\u00eatement de sol pour toutes vos installations en choisissant HENRY<sup>MD<\/sup>. Nous appuyons nos produits et croyons au d\u00e9veloppement et \u00e0 l\u2019essai pouss\u00e9s des produits pour maintenir des normes de qualit\u00e9 sup\u00e9rieure. Apprenez-en davantage sur les garanties de produit HENRY disponibles ci-dessous.<\/p>\n<h3><a href=\"https:\/\/www.wwhenry.com\/wp-content\/uploads\/Henrys-Best-10-Year-Seal.jpg\"><img decoding=\"async\" class=\"size-medium wp-image-13185 alignnone\" src=\"https:\/\/www.wwhenry.com\/wp-content\/uploads\/\/Henrys-Best-10-Year-Seal-300x300.jpg\" alt=\"\" width=\"300\" height=\"300\" srcset=\"https:\/\/www.wwhenry.com\/wp-content\/uploads\/Henrys-Best-10-Year-Seal-300x300.jpg 300w, https:\/\/www.wwhenry.com\/wp-content\/uploads\/Henrys-Best-10-Year-Seal-150x150.jpg 150w, https:\/\/www.wwhenry.com\/wp-content\/uploads\/Henrys-Best-10-Year-Seal-160x160.jpg 160w, https:\/\/www.wwhenry.com\/wp-content\/uploads\/Henrys-Best-10-Year-Seal-446x446.jpg 446w, https:\/\/www.wwhenry.com\/wp-content\/uploads\/Henrys-Best-10-Year-Seal.jpg 512w\" sizes=\"(max-width: 300px) 100vw, 300px\" \/><\/a><\/h3>\n<h3>Meilleure garantie limit\u00e9e de dix ans de HENRY<\/h3>\n<p>Nous garantissons que les adh\u00e9sifs et les produits de pr\u00e9paration du plancher de HENRY ne se d\u00e9sagr\u00e9geront pas et ne perdront pas leur force de coh\u00e9sion en raison d&rsquo;un d\u00e9faut de fabrication ou de formulation pendant dix ans \u00e0 compter de la date d&rsquo;installation.<br \/>\nSi ce qui pr\u00e9c\u00e8de devait arriver et si on nous informe pendant la p\u00e9riode de garantie de dix ans, nous paierons les co\u00fbts des mat\u00e9riaux pour r\u00e9parer ou remplacer (\u00e0 notre discr\u00e9tion) la surface du plancher touch\u00e9e par le produit HENRY. Si le plancher a \u00e9t\u00e9 install\u00e9 par un professionnel conform\u00e9ment aux instructions du fabricant et aux pratiques courantes de l&rsquo;industrie, HENRY paiera \u00e9galement des co\u00fbts de main-d&rsquo;\u0153uvre jug\u00e9s raisonnables pour effectuer la r\u00e9paration ou le remplacement.<br \/>\nAfin que cette garantie s&rsquo;applique, les produits HENRY doivent \u00eatre utilis\u00e9s seulement pour leur but \u00e9nonc\u00e9, les produits doivent \u00eatre appliqu\u00e9s conform\u00e9ment aux instructions d&rsquo;application de HENRY et tout autre produit utilis\u00e9 doit \u00eatre compatible avec les produits HENRY.<br \/>\nLa pr\u00e9sente garantie ne couvre pas l&rsquo;installation inappropri\u00e9e ou d\u00e9faillante du rev\u00eatement de sol, les irr\u00e9gularit\u00e9s du faux plancher, la d\u00e9coloration ascendante caus\u00e9e par la moisissure, le mildiou ou la prolif\u00e9ration bact\u00e9rienne, les installations qui subissent de l&rsquo;humidit\u00e9 excessive ou des alcalis, ou un entretien inappropri\u00e9. La responsabilit\u00e9 li\u00e9e aux garanties de rendement ou non pour le mat\u00e9riau de rev\u00eatement de sol r\u00e9el, la sous-couche de plancher et le support de plancher incombe au fabricant de ces produits et non \u00e0 nous.<br \/>\nPour pr\u00e9senter une demande, communiquez avec votre d\u00e9taillant.<br \/>\nNous excluons et ne paierons pas de dommages cons\u00e9cutifs ou indirects en vertu de cette garantie. Nous voulons dire toute perte, toute d\u00e9pense ou tout dommage autre que les produits HENRY en soi. Il n&rsquo;existe pas de garanties implicites, y compris la qualit\u00e9 marchande et l&rsquo;adaptation \u00e0 un usage particulier, qui se prolongent au-del\u00e0 du terme de la pr\u00e9sente garantie \u00e9crite.<br \/>\nVEUILLEZ NOTER\u00a0: Certaines provinces ne permettent pas l&rsquo;exclusion ou la limitation des dommages indirects ou cons\u00e9cutifs, ou les limitations sur la dur\u00e9e d&rsquo;une garantie implicite, donc la limitation ou l&rsquo;exclusion ci-dessus pourrait ne pas s&rsquo;appliquer \u00e0 vous. La pr\u00e9sente garantie vous donne des droits juridiques. Vous pourriez aussi avoir d\u2019autres droits qui varient d\u2019une province \u00e0 l\u2019autre.<br \/>\n<em>La pr\u00e9sente garantie entre en vigueur le 1<sup>er <\/sup>f\u00e9vrier 1999.<\/em><\/p>\n<h3><a href=\"https:\/\/www.wwhenry.com\/wp-content\/uploads\/Henrys-Best-5-Year-Seal.jpg\"><img decoding=\"async\" class=\"size-medium wp-image-13179 alignnone\" src=\"https:\/\/www.wwhenry.com\/wp-content\/uploads\/\/Henrys-Best-5-Year-Seal-300x300.jpg\" alt=\"\" width=\"300\" height=\"300\" srcset=\"https:\/\/www.wwhenry.com\/wp-content\/uploads\/Henrys-Best-5-Year-Seal-300x300.jpg 300w, https:\/\/www.wwhenry.com\/wp-content\/uploads\/Henrys-Best-5-Year-Seal-150x150.jpg 150w, https:\/\/www.wwhenry.com\/wp-content\/uploads\/Henrys-Best-5-Year-Seal-160x160.jpg 160w, https:\/\/www.wwhenry.com\/wp-content\/uploads\/Henrys-Best-5-Year-Seal-446x446.jpg 446w, https:\/\/www.wwhenry.com\/wp-content\/uploads\/Henrys-Best-5-Year-Seal.jpg 512w\" sizes=\"(max-width: 300px) 100vw, 300px\" \/><\/a><\/h3>\n<h3>Meilleure garantie limit\u00e9e de cinq ans de HENRY<\/h3>\n<p>Nous garantissons que les adh\u00e9sifs et les produits de pr\u00e9paration du plancher de HENRY ne se d\u00e9sagr\u00e9geront pas et ne perdront pas leur force de coh\u00e9sion en raison d&rsquo;un d\u00e9faut de fabrication ou de formulation pendant cinq ans \u00e0 compter de la date d&rsquo;installation.<br \/>\nSi ce qui pr\u00e9c\u00e8de devait arriver et si on nous informe pendant la p\u00e9riode de garantie de cinq ans, nous paierons les co\u00fbts des mat\u00e9riaux pour r\u00e9parer ou remplacer (\u00e0 notre discr\u00e9tion) la surface du plancher touch\u00e9e par le produit HENRY. Si le plancher a \u00e9t\u00e9 install\u00e9 par un professionnel conform\u00e9ment aux instructions du fabricant et aux pratiques courantes de l&rsquo;industrie, HENRY paiera \u00e9galement des co\u00fbts de main-d&rsquo;\u0153uvre jug\u00e9s raisonnables pour effectuer la r\u00e9paration ou le remplacement.<br \/>\nAfin que cette garantie s&rsquo;applique, les produits HENRY doivent \u00eatre utilis\u00e9s seulement pour leur but \u00e9nonc\u00e9, les produits doivent \u00eatre appliqu\u00e9s conform\u00e9ment aux instructions d&rsquo;application de HENRY et tout autre produit utilis\u00e9 doit \u00eatre compatible avec les produits HENRY.<br \/>\nLa pr\u00e9sente garantie ne couvre pas l&rsquo;installation inappropri\u00e9e ou d\u00e9faillante du rev\u00eatement de sol, les irr\u00e9gularit\u00e9s du faux plancher, la d\u00e9coloration ascendante caus\u00e9e par la moisissure, le mildiou ou la prolif\u00e9ration bact\u00e9rienne, les installations qui subissent de l&rsquo;humidit\u00e9 excessive ou des alcalis, ou un entretien inappropri\u00e9. La responsabilit\u00e9 li\u00e9e aux garanties de rendement ou non pour le mat\u00e9riau de rev\u00eatement de sol r\u00e9el, la sous-couche de plancher et le support de plancher incombe au fabricant de ces produits et non \u00e0 nous.<br \/>\nPour pr\u00e9senter une demande, communiquez avec votre d\u00e9taillant.<br \/>\nNous excluons et ne paierons pas de dommages cons\u00e9cutifs ou indirects en vertu de cette garantie. Nous voulons dire toute perte, toute d\u00e9pense ou tout dommage autre que les produits HENRY en soi. Il n&rsquo;existe pas de garanties implicites, y compris la qualit\u00e9 marchande et l&rsquo;adaptation \u00e0 un usage particulier, qui se prolongent au-del\u00e0 du terme de la pr\u00e9sente garantie \u00e9crite.<br \/>\nVEUILLEZ NOTER\u00a0: Certaines provinces ne permettent pas l&rsquo;exclusion ou la limitation des dommages indirects ou cons\u00e9cutifs, ou les limitations sur la dur\u00e9e d&rsquo;une garantie implicite, donc la limitation ou l&rsquo;exclusion ci-dessus pourrait ne pas s&rsquo;appliquer \u00e0 vous. La pr\u00e9sente garantie vous donne des droits juridiques. Vous pourriez aussi avoir d\u2019autres droits qui varient d\u2019une province \u00e0 l\u2019autre.<br \/>\n<em>La pr\u00e9sente garantie entre en vigueur le 1<sup>er <\/sup>f\u00e9vrier 1999.<\/em><\/p>\n<h3>Meilleure garantie limit\u00e9e d\u2019un an de HENRY<\/h3>\n<p>Nous garantissons que les adh\u00e9sifs et les produits de pr\u00e9paration du plancher de HENRY ne se d\u00e9sagr\u00e9geront pas et ne perdront pas leur force de coh\u00e9sion en raison d&rsquo;un d\u00e9faut de fabrication ou de formulation pendant d\u2019un an \u00e0 compter de la date d&rsquo;installation.<br \/>\nSi ce qui pr\u00e9c\u00e8de devait arriver et si on nous informe pendant la p\u00e9riode de garantie d\u2019un an, nous paierons les co\u00fbts des mat\u00e9riaux pour r\u00e9parer ou remplacer (\u00e0 notre discr\u00e9tion) la surface du plancher touch\u00e9e par le produit HENRY. Si le plancher a \u00e9t\u00e9 install\u00e9 par un professionnel conform\u00e9ment aux instructions du fabricant et aux pratiques courantes de l&rsquo;industrie, HENRY paiera \u00e9galement des co\u00fbts de main-d&rsquo;\u0153uvre jug\u00e9s raisonnables pour effectuer la r\u00e9paration ou le remplacement.<br \/>\nAfin que cette garantie s&rsquo;applique, les produits HENRY doivent \u00eatre utilis\u00e9s seulement pour leur but \u00e9nonc\u00e9, les produits doivent \u00eatre appliqu\u00e9s conform\u00e9ment aux instructions d&rsquo;application de HENRY et tout autre produit utilis\u00e9 doit \u00eatre compatible avec les produits HENRY.<br \/>\nLa pr\u00e9sente garantie ne couvre pas l&rsquo;installation inappropri\u00e9e ou d\u00e9faillante du rev\u00eatement de sol, les irr\u00e9gularit\u00e9s du faux plancher, la d\u00e9coloration ascendante caus\u00e9e par la moisissure, le mildiou ou la prolif\u00e9ration bact\u00e9rienne, les installations qui subissent de l&rsquo;humidit\u00e9 excessive ou des alcalis, ou un entretien inappropri\u00e9. La responsabilit\u00e9 li\u00e9e aux garanties de rendement ou non pour le mat\u00e9riau de rev\u00eatement de sol r\u00e9el, la sous-couche de plancher et le support de plancher incombe au fabricant de ces produits et non \u00e0 nous.<br \/>\nPour pr\u00e9senter une demande, communiquez avec votre d\u00e9taillant.<br \/>\nNous excluons et ne paierons pas de dommages cons\u00e9cutifs ou indirects en vertu de cette garantie. Nous voulons dire toute perte, toute d\u00e9pense ou tout dommage autre que les produits HENRY en soi. Il n&rsquo;existe pas de garanties implicites, y compris la qualit\u00e9 marchande et l&rsquo;adaptation \u00e0 un usage particulier, qui se prolongent au-del\u00e0 du terme de la pr\u00e9sente garantie \u00e9crite.<br \/>\nVEUILLEZ NOTER\u00a0: Certaines provinces ne permettent pas l&rsquo;exclusion ou la limitation des dommages indirects ou cons\u00e9cutifs, ou les limitations sur la dur\u00e9e d&rsquo;une garantie implicite, donc la limitation ou l&rsquo;exclusion ci-dessus pourrait ne pas s&rsquo;appliquer \u00e0 vous. La pr\u00e9sente garantie vous donne des droits juridiques. Vous pourriez aussi avoir d\u2019autres droits qui varient d\u2019une province \u00e0 l\u2019autre.<br \/>\n<em>La pr\u00e9sente garantie entre en vigueur le 1<sup>er <\/sup>f\u00e9vrier 1999.<\/em><\/p>\n","protected":false},"excerpt":{"rendered":"<p>Soyez assur\u00e9s que vous utilisez les meilleurs adh\u00e9sifs de rev\u00eatement de sol pour toutes vos installations en choisissant HENRYMD. Nous appuyons nos produits et croyons au d\u00e9veloppement et \u00e0 l\u2019essai pouss\u00e9s des produits pour maintenir des normes de qualit\u00e9 sup\u00e9rieure. \u2026<\/p>\n","protected":false},"author":42,"featured_media":0,"parent":41266,"menu_order":0,"comment_status":"closed","ping_status":"closed","template":"","meta":{"_acf_changed":false,"footnotes":""},"class_list":["post-41263","page","type-page","status-publish","hentry"],"acf":[],"yoast_head":"<!-- This site is optimized with the Yoast SEO Premium plugin v27.3 (Yoast SEO v27.3) - https:\/\/yoast.com\/product\/yoast-seo-premium-wordpress\/ -->\n<title>Garanties HENRY<\/title>\n<meta name=\"description\" content=\"Soyez assur\u00e9s que vous utilisez les meilleurs adh\u00e9sifs de rev\u00eatement de sol pour toutes vos installations en choisissant HENRYMD.\" \/>\n<meta name=\"robots\" content=\"index, follow, max-snippet:-1, max-image-preview:large, max-video-preview:-1\" \/>\n<link rel=\"canonical\" href=\"https:\/\/www.wwhenry.com\/fr\/garanties-henry\/\" \/>\n<meta property=\"og:locale\" content=\"fr_FR\" \/>\n<meta property=\"og:type\" content=\"article\" \/>\n<meta property=\"og:title\" content=\"Garanties HENRY\" \/>\n<meta property=\"og:description\" content=\"Soyez assur\u00e9s que vous utilisez les meilleurs adh\u00e9sifs de rev\u00eatement de sol pour toutes vos installations en choisissant HENRYMD.\" \/>\n<meta property=\"og:url\" content=\"https:\/\/www.wwhenry.com\/fr\/garanties-henry\/\" \/>\n<meta property=\"og:site_name\" content=\"WW Henry\" \/>\n<meta property=\"article:publisher\" content=\"https:\/\/www.facebook.com\/ARDEXAmericas\/\" \/>\n<meta property=\"article:modified_time\" content=\"2022-06-06T18:44:45+00:00\" \/>\n<meta property=\"og:image\" content=\"https:\/\/www.wwhenry.com\/wp-content\/uploads\/\/Henrys-Best-10-Year-Seal-300x300.jpg\" \/>\n<meta name=\"twitter:card\" content=\"summary_large_image\" \/>\n<meta name=\"twitter:site\" content=\"@ARDEXAmericas\" \/>\n<meta name=\"twitter:label1\" content=\"Dur\u00e9e de lecture estim\u00e9e\" \/>\n\t<meta name=\"twitter:data1\" content=\"6 minutes\" \/>\n<script type=\"application\/ld+json\" class=\"yoast-schema-graph\">{\"@context\":\"https:\\\/\\\/schema.org\",\"@graph\":[{\"@type\":\"WebPage\",\"@id\":\"https:\\\/\\\/www.wwhenry.com\\\/fr\\\/garanties-henry\\\/\",\"url\":\"https:\\\/\\\/www.wwhenry.com\\\/fr\\\/garanties-henry\\\/\",\"name\":\"Garanties HENRY\",\"isPartOf\":{\"@id\":\"https:\\\/\\\/www.wwhenry.com\\\/#website\"},\"primaryImageOfPage\":{\"@id\":\"https:\\\/\\\/www.wwhenry.com\\\/fr\\\/garanties-henry\\\/#primaryimage\"},\"image\":{\"@id\":\"https:\\\/\\\/www.wwhenry.com\\\/fr\\\/garanties-henry\\\/#primaryimage\"},\"thumbnailUrl\":\"https:\\\/\\\/www.wwhenry.com\\\/wp-content\\\/uploads\\\/\\\/Henrys-Best-10-Year-Seal-300x300.jpg\",\"datePublished\":\"2018-06-12T11:08:41+00:00\",\"dateModified\":\"2022-06-06T18:44:45+00:00\",\"description\":\"Soyez assur\u00e9s que vous utilisez les meilleurs adh\u00e9sifs de rev\u00eatement de sol pour toutes vos installations en choisissant HENRYMD.\",\"breadcrumb\":{\"@id\":\"https:\\\/\\\/www.wwhenry.com\\\/fr\\\/garanties-henry\\\/#breadcrumb\"},\"inLanguage\":\"fr-FR\",\"potentialAction\":[{\"@type\":\"ReadAction\",\"target\":[\"https:\\\/\\\/www.wwhenry.com\\\/fr\\\/garanties-henry\\\/\"]}]},{\"@type\":\"ImageObject\",\"inLanguage\":\"fr-FR\",\"@id\":\"https:\\\/\\\/www.wwhenry.com\\\/fr\\\/garanties-henry\\\/#primaryimage\",\"url\":\"https:\\\/\\\/www.wwhenry.com\\\/wp-content\\\/uploads\\\/\\\/Henrys-Best-10-Year-Seal-300x300.jpg\",\"contentUrl\":\"https:\\\/\\\/www.wwhenry.com\\\/wp-content\\\/uploads\\\/\\\/Henrys-Best-10-Year-Seal-300x300.jpg\"},{\"@type\":\"BreadcrumbList\",\"@id\":\"https:\\\/\\\/www.wwhenry.com\\\/fr\\\/garanties-henry\\\/#breadcrumb\",\"itemListElement\":[{\"@type\":\"ListItem\",\"position\":1,\"name\":\"Home\",\"item\":\"https:\\\/\\\/www.wwhenry.com\\\/fr\\\/\"},{\"@type\":\"ListItem\",\"position\":2,\"name\":\"Garanties HENRY\"}]},{\"@type\":\"WebSite\",\"@id\":\"https:\\\/\\\/www.wwhenry.com\\\/#website\",\"url\":\"https:\\\/\\\/www.wwhenry.com\\\/\",\"name\":\"WW Henry\",\"description\":\"The Professionals&#039; Formula for Success\",\"potentialAction\":[{\"@type\":\"SearchAction\",\"target\":{\"@type\":\"EntryPoint\",\"urlTemplate\":\"https:\\\/\\\/www.wwhenry.com\\\/?s={search_term_string}\"},\"query-input\":{\"@type\":\"PropertyValueSpecification\",\"valueRequired\":true,\"valueName\":\"search_term_string\"}}],\"inLanguage\":\"fr-FR\"}]}<\/script>\n<!-- \/ Yoast SEO Premium plugin. -->","yoast_head_json":{"title":"Garanties HENRY","description":"Soyez assur\u00e9s que vous utilisez les meilleurs adh\u00e9sifs de rev\u00eatement de sol pour toutes vos installations en choisissant HENRYMD.","robots":{"index":"index","follow":"follow","max-snippet":"max-snippet:-1","max-image-preview":"max-image-preview:large","max-video-preview":"max-video-preview:-1"},"canonical":"https:\/\/www.wwhenry.com\/fr\/garanties-henry\/","og_locale":"fr_FR","og_type":"article","og_title":"Garanties HENRY","og_description":"Soyez assur\u00e9s que vous utilisez les meilleurs adh\u00e9sifs de rev\u00eatement de sol pour toutes vos installations en choisissant HENRYMD.","og_url":"https:\/\/www.wwhenry.com\/fr\/garanties-henry\/","og_site_name":"WW Henry","article_publisher":"https:\/\/www.facebook.com\/ARDEXAmericas\/","article_modified_time":"2022-06-06T18:44:45+00:00","og_image":[{"url":"https:\/\/www.wwhenry.com\/wp-content\/uploads\/\/Henrys-Best-10-Year-Seal-300x300.jpg","type":"","width":"","height":""}],"twitter_card":"summary_large_image","twitter_site":"@ARDEXAmericas","twitter_misc":{"Dur\u00e9e de lecture estim\u00e9e":"6 minutes"},"schema":{"@context":"https:\/\/schema.org","@graph":[{"@type":"WebPage","@id":"https:\/\/www.wwhenry.com\/fr\/garanties-henry\/","url":"https:\/\/www.wwhenry.com\/fr\/garanties-henry\/","name":"Garanties HENRY","isPartOf":{"@id":"https:\/\/www.wwhenry.com\/#website"},"primaryImageOfPage":{"@id":"https:\/\/www.wwhenry.com\/fr\/garanties-henry\/#primaryimage"},"image":{"@id":"https:\/\/www.wwhenry.com\/fr\/garanties-henry\/#primaryimage"},"thumbnailUrl":"https:\/\/www.wwhenry.com\/wp-content\/uploads\/\/Henrys-Best-10-Year-Seal-300x300.jpg","datePublished":"2018-06-12T11:08:41+00:00","dateModified":"2022-06-06T18:44:45+00:00","description":"Soyez assur\u00e9s que vous utilisez les meilleurs adh\u00e9sifs de rev\u00eatement de sol pour toutes vos installations en choisissant HENRYMD.","breadcrumb":{"@id":"https:\/\/www.wwhenry.com\/fr\/garanties-henry\/#breadcrumb"},"inLanguage":"fr-FR","potentialAction":[{"@type":"ReadAction","target":["https:\/\/www.wwhenry.com\/fr\/garanties-henry\/"]}]},{"@type":"ImageObject","inLanguage":"fr-FR","@id":"https:\/\/www.wwhenry.com\/fr\/garanties-henry\/#primaryimage","url":"https:\/\/www.wwhenry.com\/wp-content\/uploads\/\/Henrys-Best-10-Year-Seal-300x300.jpg","contentUrl":"https:\/\/www.wwhenry.com\/wp-content\/uploads\/\/Henrys-Best-10-Year-Seal-300x300.jpg"},{"@type":"BreadcrumbList","@id":"https:\/\/www.wwhenry.com\/fr\/garanties-henry\/#breadcrumb","itemListElement":[{"@type":"ListItem","position":1,"name":"Home","item":"https:\/\/www.wwhenry.com\/fr\/"},{"@type":"ListItem","position":2,"name":"Garanties HENRY"}]},{"@type":"WebSite","@id":"https:\/\/www.wwhenry.com\/#website","url":"https:\/\/www.wwhenry.com\/","name":"WW Henry","description":"The Professionals&#039; Formula for Success","potentialAction":[{"@type":"SearchAction","target":{"@type":"EntryPoint","urlTemplate":"https:\/\/www.wwhenry.com\/?s={search_term_string}"},"query-input":{"@type":"PropertyValueSpecification","valueRequired":true,"valueName":"search_term_string"}}],"inLanguage":"fr-FR"}]}},"_links":{"self":[{"href":"https:\/\/www.wwhenry.com\/fr\/wp-json\/wp\/v2\/pages\/41263","targetHints":{"allow":["GET"]}}],"collection":[{"href":"https:\/\/www.wwhenry.com\/fr\/wp-json\/wp\/v2\/pages"}],"about":[{"href":"https:\/\/www.wwhenry.com\/fr\/wp-json\/wp\/v2\/types\/page"}],"author":[{"embeddable":true,"href":"https:\/\/www.wwhenry.com\/fr\/wp-json\/wp\/v2\/users\/42"}],"replies":[{"embeddable":true,"href":"https:\/\/www.wwhenry.com\/fr\/wp-json\/wp\/v2\/comments?post=41263"}],"version-history":[{"count":0,"href":"https:\/\/www.wwhenry.com\/fr\/wp-json\/wp\/v2\/pages\/41263\/revisions"}],"up":[{"embeddable":true,"href":"https:\/\/www.wwhenry.com\/fr\/wp-json\/wp\/v2\/pages\/41266"}],"wp:attachment":[{"href":"https:\/\/www.wwhenry.com\/fr\/wp-json\/wp\/v2\/media?parent=41263"}],"curies":[{"name":"wp","href":"https:\/\/api.w.org\/{rel}","templated":true}]}}