{"id":41227,"date":"2018-10-16T14:55:09","date_gmt":"2018-10-16T18:55:09","guid":{"rendered":"https:\/\/www.wwhenry.com\/brands\/"},"modified":"2022-05-26T09:23:57","modified_gmt":"2022-05-26T13:23:57","slug":"marques","status":"publish","type":"page","link":"https:\/\/www.wwhenry.com\/fr\/about-us\/marques\/","title":{"rendered":"MARQUES"},"content":{"rendered":"<h3><img decoding=\"async\" class=\"alignnone \" src=\"https:\/\/www.wwhenry.com\/wp-content\/uploads\/2018\/10\/HENRY-BuildingOn-BLUE_edited.jpg\" alt=\"HENRY logo\" width=\"132\" height=\"34\" \/><\/h3>\n<h3>Since 1933 flooring installation professionals, both commercial and residential, have depended upon HENRY. As one of the world\u2019s largest manufacturers of adhesives for flooring installations, the W.W. Henry Company, has a comprehensive line-up of industry-known products.<\/h3>\n<h3>HENRY is one of four strong brands that make up ARDEX Americas, designed to meet the needs of our customers, every time. Read more about the other three brands that comprise ARDEX Americas below.<\/h3>\n<p>&nbsp;<\/p>\n<p><img decoding=\"async\" class=\"alignnone wp-image-8204\" src=\"https:\/\/www.wwhenry.com\/wp-content\/uploads\/\/ARDEX-black-pebble-logo-300x188.png\" alt=\"ARDEX PEBBLE\" width=\"113\" height=\"71\" srcset=\"https:\/\/www.wwhenry.com\/wp-content\/uploads\/ARDEX-black-pebble-logo-300x188.png 300w, https:\/\/www.wwhenry.com\/wp-content\/uploads\/ARDEX-black-pebble-logo-768x480.png 768w, https:\/\/www.wwhenry.com\/wp-content\/uploads\/ARDEX-black-pebble-logo-1024x640.png 1024w, https:\/\/www.wwhenry.com\/wp-content\/uploads\/ARDEX-black-pebble-logo-936x585.png 936w\" sizes=\"(max-width: 113px) 100vw, 113px\" \/><\/p>\n<p>ARDEX est un gage de leadership technologique et innovateur dans le monde. L\u2019entreprise est reconnue pour son innovation de pointe dans l\u2019industrie et ses solutions uniformes \u00e9prouv\u00e9es aux probl\u00e8mes d\u2019installation les plus complexes. Le portefeuille de produits couvre la r\u00e9paration et la resurfa\u00e7age, la pr\u00e9paration des supports, le contr\u00f4le de l\u2019humidit\u00e9, les produits pour carreau et pierre, et les autres types de mat\u00e9riaux de rev\u00eatement de sol. Cliquez\u00a0<a href=\"https:\/\/www.ardexamericas.com\/fr\/products\/\">ici<\/a>\u00a0pour en apprendre davantage sur nos produits.<\/p>\n<p>&nbsp;<\/p>\n<p><img decoding=\"async\" class=\"alignnone \" src=\"https:\/\/www.wwhenry.com\/wp-content\/uploads\/2018\/10\/pandomo-logo-1011.png\" alt=\"PANDOMO LOGO\" width=\"165\" height=\"37\" \/><\/p>\n<p>PANDOMO r\u00e9pond aux exigences les plus \u00e9lev\u00e9es en mati\u00e8re de style, d\u2019exclusivit\u00e9 et de durabilit\u00e9. Les finis de mur et de plancher sans interruption ni joint donnent une impression spacieuse. Gr\u00e2ce \u00e0 un \u00e9ventail de nuances, de tons et de techniques de couleur, chaque surface PANDOMO d\u00e9finit l\u2019espace. Cliquez\u00a0<a href=\"https:\/\/www.ardexamericas.com\/fr\/products\/pandomo\/\">ici<\/a>\u00a0pour en apprendre plus sur le portefeuille de produits PANDOMO.<\/p>\n<p>&nbsp;<\/p>\n<p><img decoding=\"async\" class=\"alignnone \" src=\"https:\/\/www.wwhenry.com\/wp-content\/uploads\/2018\/10\/DTA.jpg\" alt=\"DTA LOGO\" width=\"77\" height=\"83\" \/><\/p>\n<p>DTA est un fournisseur chef de file en mati\u00e8re d\u2019outils, d\u2019accessoires et de garnitures de carrelage et de rev\u00eatement de sol qui est en exploitation depuis plus de 40\u00a0ans. Ils participent \u00e0 la fabrication, \u00e0 l\u2019importation et \u00e0 la distribution d\u2019outils, de garnitures et de machines de qualit\u00e9 pour le march\u00e9 du mur et du plancher. La vaste gamme de produits de marque DTA est bien connue dans l\u2019ensemble de l\u2019industrie; cependant, nous avons aussi des ententes de distribution avec de nombreuses marques internationales de pointe de partout dans le monde. Consultez le\u00a0<a href=\"http:\/\/www.dtausagroup.com\/\">www.dtausagroup.com<\/a>\u00a0pour obtenir de plus amples renseignements.<\/p>\n<p>&nbsp;<\/p>\n","protected":false},"excerpt":{"rendered":"<p>Since 1933 flooring installation professionals, both commercial and residential, have depended upon HENRY. As one of the world\u2019s largest manufacturers of adhesives for flooring installations, the W.W. Henry Company, has a comprehensive line-up of industry-known products. HENRY is one of \u2026<\/p>\n","protected":false},"author":42,"featured_media":25610,"parent":41274,"menu_order":0,"comment_status":"closed","ping_status":"closed","template":"page-overview.php","meta":{"_acf_changed":false,"footnotes":""},"class_list":["post-41227","page","type-page","status-publish","has-post-thumbnail","hentry"],"acf":[],"yoast_head":"<!-- This site is optimized with the Yoast SEO Premium plugin v27.3 (Yoast SEO v27.3) - https:\/\/yoast.com\/product\/yoast-seo-premium-wordpress\/ -->\n<title>Marques<\/title>\n<meta name=\"robots\" content=\"index, follow, max-snippet:-1, max-image-preview:large, max-video-preview:-1\" \/>\n<link rel=\"canonical\" href=\"https:\/\/www.wwhenry.com\/fr\/marques\/\" \/>\n<meta property=\"og:locale\" content=\"fr_FR\" \/>\n<meta property=\"og:type\" content=\"article\" \/>\n<meta property=\"og:title\" content=\"MARQUES\" \/>\n<meta property=\"og:description\" content=\"Since 1933 flooring installation professionals, both commercial and residential, have depended upon HENRY. As one of the world\u2019s largest manufacturers of adhesives for flooring installations, the W.W. Henry Company, has a comprehensive line-up of industry-known products. HENRY is one of \u2026\" \/>\n<meta property=\"og:url\" content=\"https:\/\/www.wwhenry.com\/fr\/marques\/\" \/>\n<meta property=\"og:site_name\" content=\"WW Henry\" \/>\n<meta property=\"article:publisher\" content=\"https:\/\/www.facebook.com\/ARDEXAmericas\/\" \/>\n<meta property=\"article:modified_time\" content=\"2022-05-26T13:23:57+00:00\" \/>\n<meta property=\"og:image\" content=\"https:\/\/www.wwhenry.com\/wp-content\/uploads\/2019\/02\/brands-of-ardex.jpg\" \/>\n\t<meta property=\"og:image:width\" content=\"3999\" \/>\n\t<meta property=\"og:image:height\" content=\"2090\" \/>\n\t<meta property=\"og:image:type\" content=\"image\/jpeg\" \/>\n<meta name=\"twitter:card\" content=\"summary_large_image\" \/>\n<meta name=\"twitter:site\" content=\"@ARDEXAmericas\" \/>\n<meta name=\"twitter:label1\" content=\"Dur\u00e9e de lecture estim\u00e9e\" \/>\n\t<meta name=\"twitter:data1\" content=\"3 minutes\" \/>\n<script type=\"application\/ld+json\" class=\"yoast-schema-graph\">{\"@context\":\"https:\\\/\\\/schema.org\",\"@graph\":[{\"@type\":\"WebPage\",\"@id\":\"https:\\\/\\\/www.wwhenry.com\\\/fr\\\/marques\\\/\",\"url\":\"https:\\\/\\\/www.wwhenry.com\\\/fr\\\/marques\\\/\",\"name\":\"Marques\",\"isPartOf\":{\"@id\":\"https:\\\/\\\/www.wwhenry.com\\\/#website\"},\"primaryImageOfPage\":{\"@id\":\"https:\\\/\\\/www.wwhenry.com\\\/fr\\\/marques\\\/#primaryimage\"},\"image\":{\"@id\":\"https:\\\/\\\/www.wwhenry.com\\\/fr\\\/marques\\\/#primaryimage\"},\"thumbnailUrl\":\"https:\\\/\\\/www.wwhenry.com\\\/wp-content\\\/uploads\\\/2019\\\/02\\\/brands-of-ardex.jpg\",\"datePublished\":\"2018-10-16T18:55:09+00:00\",\"dateModified\":\"2022-05-26T13:23:57+00:00\",\"breadcrumb\":{\"@id\":\"https:\\\/\\\/www.wwhenry.com\\\/fr\\\/marques\\\/#breadcrumb\"},\"inLanguage\":\"fr-FR\",\"potentialAction\":[{\"@type\":\"ReadAction\",\"target\":[\"https:\\\/\\\/www.wwhenry.com\\\/fr\\\/marques\\\/\"]}]},{\"@type\":\"ImageObject\",\"inLanguage\":\"fr-FR\",\"@id\":\"https:\\\/\\\/www.wwhenry.com\\\/fr\\\/marques\\\/#primaryimage\",\"url\":\"https:\\\/\\\/www.wwhenry.com\\\/wp-content\\\/uploads\\\/2019\\\/02\\\/brands-of-ardex.jpg\",\"contentUrl\":\"https:\\\/\\\/www.wwhenry.com\\\/wp-content\\\/uploads\\\/2019\\\/02\\\/brands-of-ardex.jpg\",\"width\":3999,\"height\":2090,\"caption\":\"Businessman using tablet at night time\"},{\"@type\":\"BreadcrumbList\",\"@id\":\"https:\\\/\\\/www.wwhenry.com\\\/fr\\\/marques\\\/#breadcrumb\",\"itemListElement\":[{\"@type\":\"ListItem\",\"position\":1,\"name\":\"Home\",\"item\":\"https:\\\/\\\/www.wwhenry.com\\\/fr\\\/\"},{\"@type\":\"ListItem\",\"position\":2,\"name\":\"MARQUES\"}]},{\"@type\":\"WebSite\",\"@id\":\"https:\\\/\\\/www.wwhenry.com\\\/#website\",\"url\":\"https:\\\/\\\/www.wwhenry.com\\\/\",\"name\":\"WW Henry\",\"description\":\"The Professionals&#039; Formula for Success\",\"potentialAction\":[{\"@type\":\"SearchAction\",\"target\":{\"@type\":\"EntryPoint\",\"urlTemplate\":\"https:\\\/\\\/www.wwhenry.com\\\/?s={search_term_string}\"},\"query-input\":{\"@type\":\"PropertyValueSpecification\",\"valueRequired\":true,\"valueName\":\"search_term_string\"}}],\"inLanguage\":\"fr-FR\"}]}<\/script>\n<!-- \/ Yoast SEO Premium plugin. -->","yoast_head_json":{"title":"Marques","robots":{"index":"index","follow":"follow","max-snippet":"max-snippet:-1","max-image-preview":"max-image-preview:large","max-video-preview":"max-video-preview:-1"},"canonical":"https:\/\/www.wwhenry.com\/fr\/marques\/","og_locale":"fr_FR","og_type":"article","og_title":"MARQUES","og_description":"Since 1933 flooring installation professionals, both commercial and residential, have depended upon HENRY. As one of the world\u2019s largest manufacturers of adhesives for flooring installations, the W.W. Henry Company, has a comprehensive line-up of industry-known products. HENRY is one of \u2026","og_url":"https:\/\/www.wwhenry.com\/fr\/marques\/","og_site_name":"WW Henry","article_publisher":"https:\/\/www.facebook.com\/ARDEXAmericas\/","article_modified_time":"2022-05-26T13:23:57+00:00","og_image":[{"width":3999,"height":2090,"url":"https:\/\/www.wwhenry.com\/wp-content\/uploads\/2019\/02\/brands-of-ardex.jpg","type":"image\/jpeg"}],"twitter_card":"summary_large_image","twitter_site":"@ARDEXAmericas","twitter_misc":{"Dur\u00e9e de lecture estim\u00e9e":"3 minutes"},"schema":{"@context":"https:\/\/schema.org","@graph":[{"@type":"WebPage","@id":"https:\/\/www.wwhenry.com\/fr\/marques\/","url":"https:\/\/www.wwhenry.com\/fr\/marques\/","name":"Marques","isPartOf":{"@id":"https:\/\/www.wwhenry.com\/#website"},"primaryImageOfPage":{"@id":"https:\/\/www.wwhenry.com\/fr\/marques\/#primaryimage"},"image":{"@id":"https:\/\/www.wwhenry.com\/fr\/marques\/#primaryimage"},"thumbnailUrl":"https:\/\/www.wwhenry.com\/wp-content\/uploads\/2019\/02\/brands-of-ardex.jpg","datePublished":"2018-10-16T18:55:09+00:00","dateModified":"2022-05-26T13:23:57+00:00","breadcrumb":{"@id":"https:\/\/www.wwhenry.com\/fr\/marques\/#breadcrumb"},"inLanguage":"fr-FR","potentialAction":[{"@type":"ReadAction","target":["https:\/\/www.wwhenry.com\/fr\/marques\/"]}]},{"@type":"ImageObject","inLanguage":"fr-FR","@id":"https:\/\/www.wwhenry.com\/fr\/marques\/#primaryimage","url":"https:\/\/www.wwhenry.com\/wp-content\/uploads\/2019\/02\/brands-of-ardex.jpg","contentUrl":"https:\/\/www.wwhenry.com\/wp-content\/uploads\/2019\/02\/brands-of-ardex.jpg","width":3999,"height":2090,"caption":"Businessman using tablet at night time"},{"@type":"BreadcrumbList","@id":"https:\/\/www.wwhenry.com\/fr\/marques\/#breadcrumb","itemListElement":[{"@type":"ListItem","position":1,"name":"Home","item":"https:\/\/www.wwhenry.com\/fr\/"},{"@type":"ListItem","position":2,"name":"MARQUES"}]},{"@type":"WebSite","@id":"https:\/\/www.wwhenry.com\/#website","url":"https:\/\/www.wwhenry.com\/","name":"WW Henry","description":"The Professionals&#039; Formula for Success","potentialAction":[{"@type":"SearchAction","target":{"@type":"EntryPoint","urlTemplate":"https:\/\/www.wwhenry.com\/?s={search_term_string}"},"query-input":{"@type":"PropertyValueSpecification","valueRequired":true,"valueName":"search_term_string"}}],"inLanguage":"fr-FR"}]}},"_links":{"self":[{"href":"https:\/\/www.wwhenry.com\/fr\/wp-json\/wp\/v2\/pages\/41227","targetHints":{"allow":["GET"]}}],"collection":[{"href":"https:\/\/www.wwhenry.com\/fr\/wp-json\/wp\/v2\/pages"}],"about":[{"href":"https:\/\/www.wwhenry.com\/fr\/wp-json\/wp\/v2\/types\/page"}],"author":[{"embeddable":true,"href":"https:\/\/www.wwhenry.com\/fr\/wp-json\/wp\/v2\/users\/42"}],"replies":[{"embeddable":true,"href":"https:\/\/www.wwhenry.com\/fr\/wp-json\/wp\/v2\/comments?post=41227"}],"version-history":[{"count":0,"href":"https:\/\/www.wwhenry.com\/fr\/wp-json\/wp\/v2\/pages\/41227\/revisions"}],"up":[{"embeddable":true,"href":"https:\/\/www.wwhenry.com\/fr\/wp-json\/wp\/v2\/pages\/41274"}],"wp:featuredmedia":[{"embeddable":true,"href":"https:\/\/www.wwhenry.com\/fr\/wp-json\/wp\/v2\/media\/25610"}],"wp:attachment":[{"href":"https:\/\/www.wwhenry.com\/fr\/wp-json\/wp\/v2\/media?parent=41227"}],"curies":[{"name":"wp","href":"https:\/\/api.w.org\/{rel}","templated":true}]}}