{"id":42355,"date":"2025-07-08T08:37:02","date_gmt":"2025-07-08T12:37:02","guid":{"rendered":"https:\/\/www.wwhenry.com\/?page_id=42355"},"modified":"2025-07-08T08:40:06","modified_gmt":"2025-07-08T12:40:06","slug":"henry-lanza-trueblue","status":"publish","type":"page","link":"https:\/\/www.wwhenry.com\/es\/coming-soon\/henry-lanza-trueblue\/","title":{"rendered":"HENRY\u00ae lanza TRUEblue\u2122"},"content":{"rendered":"<p><strong>Celebrando la confianza, la innovaci\u00f3n, y generaciones de lealtad de los contratistas<\/strong><\/p>\n<p>Aliquippa, PA \u2013 [8 de julio de 2025]<\/p>\n<p>HENRY<sub>\u00ae<\/sub>, una marca del ARDEXGROUP y l\u00edder de confianza en productos de instalaci\u00f3n de pisos, anuncia el lanzamiento de su nueva campa\u00f1a de conciencia de marca: <strong><em>HENRY TRUEblue\u2122 Soluciones para pisos<\/em><\/strong>. Basada en d\u00e9cadas de confiabilidad del producto y confianza del contratista, la campa\u00f1a destaca el compromiso continuo de HENRY con el desempe\u00f1o, la innovaci\u00f3n y la integridad de cada cubeta.<\/p>\n<p>TRUEblue\u2122 refleja el liderazgo de HENRY en innovaci\u00f3n, con tecnolog\u00edas de vanguardia con pol\u00edmeros dise\u00f1ados para satisfacer las demandas de la constante evoluci\u00f3n de los proyectos de pisos en la construcci\u00f3n comercial e institucional, as\u00ed como en residencias unifamiliares y multifamiliares.<\/p>\n<p>A la cabeza se encuentra el reci\u00e9n lanzado <strong>HENRY<sub>\u00ae<\/sub> 2575 Floor &amp; Wall Adhesivo de silano modificado para pisos<\/strong>, un adhesivo de \u00faltima generaci\u00f3n formulado para una fuerza de adhesi\u00f3n excepcional, resistencia a condiciones adversas tanto en interiores como en exteriores, y una amplia compatibilidad con substratos.<\/p>\n<p>\u00abHENRY 2575 trabaja tan duro como nuestros clientes\u00bb, dijo Dave Fabyonic, Gerente de la categor\u00eda de adhesivos de ARDEX Americas. \u00ab2575 Floor &amp; Wall representa lo \u00faltimo en resistencia y versatilidad, y estamos orgullosos de ofrecerlo como parte de nuestro compromiso continuo con TRUEblue\u2122\u00bb.<\/p>\n<p>TRUEblue\u2122 tambi\u00e9n enfatiza lo que HENRY significa para los instaladores profesionales de pisos en todo el continente americano: un socio confiable en cada lugar de trabajo. Un nombre transmitido de generaci\u00f3n en generaci\u00f3n, y un s\u00edmbolo de lealtad a la marca inigualable construido a lo largo de casi un siglo.<\/p>\n<p>\u00abAlgunos de nuestros productos de legado, como el adhesivo <strong>HENRY\u00ae 440 Adhesivo para z\u00f3calos<\/strong>, cuentan con la confianza de tantas generaciones de instaladores profesionales, es como tener a otro miembro de la familia en el trabajo\u00bb, agreg\u00f3 Fabyonic.<\/p>\n<p>HENRY continuar\u00e1 ampliando su oferta de productos bajo la bandera TRUEblue\u2122, reforzando su promesa de calidad, desempe\u00f1o y tranquilidad. Todos los productos TRUEblue est\u00e1n respaldados por la mejor garant\u00eda de la industria, SystemOne\u2122 de ARDEX Americas, que brinda una seguridad inigualable en la obra.<\/p>\n<p>Para obtener m\u00e1s informaci\u00f3n sobre <strong><em>HENRY TRUEblue\u2122 Soluciones para pisos<\/em><\/strong> y la l\u00ednea completa de productos de instalaci\u00f3n ARDEX y HENRY, visite wwhenry.com o ardexamericas.com.<\/p>\n","protected":false},"excerpt":{"rendered":"<p>Celebrando la confianza, la innovaci\u00f3n, y generaciones de lealtad de los contratistas Aliquippa, PA \u2013 [8 de julio de 2025] HENRY\u00ae, una marca del ARDEXGROUP y l\u00edder de confianza en productos de instalaci\u00f3n de pisos, anuncia el lanzamiento de su \u2026<\/p>\n","protected":false},"author":46,"featured_media":0,"parent":40172,"menu_order":0,"comment_status":"closed","ping_status":"closed","template":"","meta":{"_acf_changed":false,"footnotes":""},"class_list":["post-42355","page","type-page","status-publish","hentry"],"acf":[],"yoast_head":"<!-- This site is optimized with the Yoast SEO Premium plugin v27.5 (Yoast SEO v27.5) - https:\/\/yoast.com\/product\/yoast-seo-premium-wordpress\/ -->\n<title>HENRY\u00ae lanza TRUEblue\u2122 - WW Henry<\/title>\n<meta name=\"robots\" content=\"index, follow, max-snippet:-1, max-image-preview:large, max-video-preview:-1\" \/>\n<link rel=\"canonical\" href=\"https:\/\/www.wwhenry.com\/es\/coming-soon\/henry-lanza-trueblue\/\" \/>\n<meta property=\"og:locale\" content=\"es_ES\" \/>\n<meta property=\"og:type\" content=\"article\" \/>\n<meta property=\"og:title\" content=\"HENRY\u00ae lanza TRUEblue\u2122\" \/>\n<meta property=\"og:description\" content=\"Celebrando la confianza, la innovaci\u00f3n, y generaciones de lealtad de los contratistas Aliquippa, PA \u2013 [8 de julio de 2025] HENRY\u00ae, una marca del ARDEXGROUP y l\u00edder de confianza en productos de instalaci\u00f3n de pisos, anuncia el lanzamiento de su \u2026\" \/>\n<meta property=\"og:url\" content=\"https:\/\/www.wwhenry.com\/es\/coming-soon\/henry-lanza-trueblue\/\" \/>\n<meta property=\"og:site_name\" content=\"WW Henry\" \/>\n<meta property=\"article:publisher\" content=\"https:\/\/www.facebook.com\/ARDEXAmericas\/\" \/>\n<meta property=\"article:modified_time\" content=\"2025-07-08T12:40:06+00:00\" \/>\n<meta name=\"twitter:card\" content=\"summary_large_image\" \/>\n<meta name=\"twitter:site\" content=\"@ARDEXAmericas\" \/>\n<meta name=\"twitter:label1\" content=\"Tiempo de lectura\" \/>\n\t<meta name=\"twitter:data1\" content=\"2 minutos\" \/>\n<script type=\"application\/ld+json\" class=\"yoast-schema-graph\">{\"@context\":\"https:\\\/\\\/schema.org\",\"@graph\":[{\"@type\":\"WebPage\",\"@id\":\"https:\\\/\\\/www.wwhenry.com\\\/es\\\/coming-soon\\\/henry-lanza-trueblue\\\/\",\"url\":\"https:\\\/\\\/www.wwhenry.com\\\/es\\\/coming-soon\\\/henry-lanza-trueblue\\\/\",\"name\":\"HENRY\u00ae lanza TRUEblue\u2122 - WW Henry\",\"isPartOf\":{\"@id\":\"https:\\\/\\\/www.wwhenry.com\\\/#website\"},\"datePublished\":\"2025-07-08T12:37:02+00:00\",\"dateModified\":\"2025-07-08T12:40:06+00:00\",\"breadcrumb\":{\"@id\":\"https:\\\/\\\/www.wwhenry.com\\\/es\\\/coming-soon\\\/henry-lanza-trueblue\\\/#breadcrumb\"},\"inLanguage\":\"es\",\"potentialAction\":[{\"@type\":\"ReadAction\",\"target\":[\"https:\\\/\\\/www.wwhenry.com\\\/es\\\/coming-soon\\\/henry-lanza-trueblue\\\/\"]}]},{\"@type\":\"BreadcrumbList\",\"@id\":\"https:\\\/\\\/www.wwhenry.com\\\/es\\\/coming-soon\\\/henry-lanza-trueblue\\\/#breadcrumb\",\"itemListElement\":[{\"@type\":\"ListItem\",\"position\":1,\"name\":\"Inicio\",\"item\":\"https:\\\/\\\/www.wwhenry.com\\\/es\\\/\"},{\"@type\":\"ListItem\",\"position\":2,\"name\":\"Home\",\"item\":\"https:\\\/\\\/www.wwhenry.com\\\/es\\\/\"},{\"@type\":\"ListItem\",\"position\":3,\"name\":\"HENRY\u00ae lanza TRUEblue\u2122\"}]},{\"@type\":\"WebSite\",\"@id\":\"https:\\\/\\\/www.wwhenry.com\\\/#website\",\"url\":\"https:\\\/\\\/www.wwhenry.com\\\/\",\"name\":\"WW Henry\",\"description\":\"The Professionals&#039; Formula for Success\",\"potentialAction\":[{\"@type\":\"SearchAction\",\"target\":{\"@type\":\"EntryPoint\",\"urlTemplate\":\"https:\\\/\\\/www.wwhenry.com\\\/?s={search_term_string}\"},\"query-input\":{\"@type\":\"PropertyValueSpecification\",\"valueRequired\":true,\"valueName\":\"search_term_string\"}}],\"inLanguage\":\"es\"}]}<\/script>\n<!-- \/ Yoast SEO Premium plugin. -->","yoast_head_json":{"title":"HENRY\u00ae lanza TRUEblue\u2122 - WW Henry","robots":{"index":"index","follow":"follow","max-snippet":"max-snippet:-1","max-image-preview":"max-image-preview:large","max-video-preview":"max-video-preview:-1"},"canonical":"https:\/\/www.wwhenry.com\/es\/coming-soon\/henry-lanza-trueblue\/","og_locale":"es_ES","og_type":"article","og_title":"HENRY\u00ae lanza TRUEblue\u2122","og_description":"Celebrando la confianza, la innovaci\u00f3n, y generaciones de lealtad de los contratistas Aliquippa, PA \u2013 [8 de julio de 2025] HENRY\u00ae, una marca del ARDEXGROUP y l\u00edder de confianza en productos de instalaci\u00f3n de pisos, anuncia el lanzamiento de su \u2026","og_url":"https:\/\/www.wwhenry.com\/es\/coming-soon\/henry-lanza-trueblue\/","og_site_name":"WW Henry","article_publisher":"https:\/\/www.facebook.com\/ARDEXAmericas\/","article_modified_time":"2025-07-08T12:40:06+00:00","twitter_card":"summary_large_image","twitter_site":"@ARDEXAmericas","twitter_misc":{"Tiempo de lectura":"2 minutos"},"schema":{"@context":"https:\/\/schema.org","@graph":[{"@type":"WebPage","@id":"https:\/\/www.wwhenry.com\/es\/coming-soon\/henry-lanza-trueblue\/","url":"https:\/\/www.wwhenry.com\/es\/coming-soon\/henry-lanza-trueblue\/","name":"HENRY\u00ae lanza TRUEblue\u2122 - WW Henry","isPartOf":{"@id":"https:\/\/www.wwhenry.com\/#website"},"datePublished":"2025-07-08T12:37:02+00:00","dateModified":"2025-07-08T12:40:06+00:00","breadcrumb":{"@id":"https:\/\/www.wwhenry.com\/es\/coming-soon\/henry-lanza-trueblue\/#breadcrumb"},"inLanguage":"es","potentialAction":[{"@type":"ReadAction","target":["https:\/\/www.wwhenry.com\/es\/coming-soon\/henry-lanza-trueblue\/"]}]},{"@type":"BreadcrumbList","@id":"https:\/\/www.wwhenry.com\/es\/coming-soon\/henry-lanza-trueblue\/#breadcrumb","itemListElement":[{"@type":"ListItem","position":1,"name":"Inicio","item":"https:\/\/www.wwhenry.com\/es\/"},{"@type":"ListItem","position":2,"name":"Home","item":"https:\/\/www.wwhenry.com\/es\/"},{"@type":"ListItem","position":3,"name":"HENRY\u00ae lanza TRUEblue\u2122"}]},{"@type":"WebSite","@id":"https:\/\/www.wwhenry.com\/#website","url":"https:\/\/www.wwhenry.com\/","name":"WW Henry","description":"The Professionals&#039; Formula for Success","potentialAction":[{"@type":"SearchAction","target":{"@type":"EntryPoint","urlTemplate":"https:\/\/www.wwhenry.com\/?s={search_term_string}"},"query-input":{"@type":"PropertyValueSpecification","valueRequired":true,"valueName":"search_term_string"}}],"inLanguage":"es"}]}},"_links":{"self":[{"href":"https:\/\/www.wwhenry.com\/es\/wp-json\/wp\/v2\/pages\/42355","targetHints":{"allow":["GET"]}}],"collection":[{"href":"https:\/\/www.wwhenry.com\/es\/wp-json\/wp\/v2\/pages"}],"about":[{"href":"https:\/\/www.wwhenry.com\/es\/wp-json\/wp\/v2\/types\/page"}],"author":[{"embeddable":true,"href":"https:\/\/www.wwhenry.com\/es\/wp-json\/wp\/v2\/users\/46"}],"replies":[{"embeddable":true,"href":"https:\/\/www.wwhenry.com\/es\/wp-json\/wp\/v2\/comments?post=42355"}],"version-history":[{"count":0,"href":"https:\/\/www.wwhenry.com\/es\/wp-json\/wp\/v2\/pages\/42355\/revisions"}],"up":[{"embeddable":true,"href":"https:\/\/www.wwhenry.com\/es\/wp-json\/wp\/v2\/pages\/40172"}],"wp:attachment":[{"href":"https:\/\/www.wwhenry.com\/es\/wp-json\/wp\/v2\/media?parent=42355"}],"curies":[{"name":"wp","href":"https:\/\/api.w.org\/{rel}","templated":true}]}}