{"id":41255,"date":"2018-06-12T07:08:41","date_gmt":"2018-06-12T11:08:41","guid":{"rendered":"https:\/\/www.wwhenry.com\/garantias\/henry-warranty\/"},"modified":"2022-06-06T13:47:33","modified_gmt":"2022-06-06T17:47:33","slug":"henry","status":"publish","type":"page","link":"https:\/\/www.wwhenry.com\/es\/garantias\/henry\/","title":{"rendered":"Garant\u00edas HENRY\u00ae"},"content":{"rendered":"<p>Al usar HENRY\u00ae, puede estar seguro de que est\u00e1 utilizando los mejores productos disponibles. Respaldamos nuestros productos y creemos que el desarrollo extenso y las pruebas de productos en laboratorios son necesarios para mantener el m\u00e1s alto est\u00e1ndar de calidad. Lea a continuaci\u00f3n sobre las garant\u00edas disponibles de los productos HENRY.<\/p>\n<h3><a href=\"https:\/\/www.wwhenry.com\/wp-content\/uploads\/Henrys-Best-10-Year-Seal.jpg\"><img decoding=\"async\" class=\"size-medium wp-image-13186 alignnone\" src=\"https:\/\/www.wwhenry.com\/wp-content\/uploads\/\/Henrys-Best-10-Year-Seal-300x300.jpg\" alt=\"\" width=\"300\" height=\"300\" srcset=\"https:\/\/www.wwhenry.com\/wp-content\/uploads\/Henrys-Best-10-Year-Seal-300x300.jpg 300w, https:\/\/www.wwhenry.com\/wp-content\/uploads\/Henrys-Best-10-Year-Seal-150x150.jpg 150w, https:\/\/www.wwhenry.com\/wp-content\/uploads\/Henrys-Best-10-Year-Seal-160x160.jpg 160w, https:\/\/www.wwhenry.com\/wp-content\/uploads\/Henrys-Best-10-Year-Seal-446x446.jpg 446w, https:\/\/www.wwhenry.com\/wp-content\/uploads\/Henrys-Best-10-Year-Seal.jpg 512w\" sizes=\"(max-width: 300px) 100vw, 300px\" \/><\/a><\/h3>\n<h3>La mejor garant\u00eda limitada de 10 a\u00f1os de HENRY<\/h3>\n<p>Garantizamos que los productos adhesivos y de preparaci\u00f3n de pisos de HENRY no se romper\u00e1n ni perder\u00e1n su fuerza de adhesi\u00f3n debido a un defecto de fabricaci\u00f3n o formulaci\u00f3n durante 10 a\u00f1os a partir de la fecha de instalaci\u00f3n.<br \/>\nSi lo anterior ocurriera y si recibimos una notificaci\u00f3n dentro del per\u00edodo de garant\u00eda de, 10 a\u00f1os, pagaremos los costos de materiales para reparar o reemplazar (a nuestra opci\u00f3n) el \u00e1rea del piso afectada por el producto HENRY. Si el piso se instal\u00f3 profesionalmente de acuerdo con las instrucciones del fabricante y las pr\u00e1cticas est\u00e1ndar de la industria, HENRY tambi\u00e9n pagar\u00e1 los costos de mano de obra razonables para las reparaciones directas o el reemplazo.<br \/>\nPara que se pueda aplicar esta garant\u00eda, los productos HENRY se deben usar solo para el prop\u00f3sito manifestado, los productos se deben aplicar de acuerdo con las instrucciones de aplicaci\u00f3n de HENRY y cualquier otro producto utilizado debe ser compatible con los productos HENRY.<br \/>\nEsta garant\u00eda no cubre la instalaci\u00f3n incorrecta o defectuosa del piso; irregularidades del subsuelo; tinci\u00f3n de abajo hacia arriba debido a moho, hongos o crecimiento bacteriano; instalaci\u00f3n donde haya exceso de humedad y\/o \u00e1lcali o mantenimiento inadecuado. La responsabilidad por las garant\u00edas y\/o las garant\u00edas de desempe\u00f1o del material del piso actual, la base del piso y el substrato del piso recae en el fabricante de esos productos y no en nosotros.<br \/>\nPara hacer una reclamaci\u00f3n, comun\u00edquese con su distribuidor.<br \/>\nExcluimos y no pagaremos da\u00f1os consecuentes o incidentales bajo esta garant\u00eda. Con esto nos referimos a cualquier p\u00e9rdida, gasto o da\u00f1o que no sean de los propios productos HENRY. No existen garant\u00edas impl\u00edcitas, incluyendo la comerciabilidad y la idoneidad para un prop\u00f3sito particular, que se extiendan m\u00e1s all\u00e1 del t\u00e9rmino de esta garant\u00eda escrita.<br \/>\nTENGA EN CUENTA: algunos estados no permiten la exclusi\u00f3n o limitaci\u00f3n de da\u00f1os incidentales o consecuentes, o limitaciones sobre la duraci\u00f3n de una garant\u00eda impl\u00edcita, por lo que es posible que la limitaci\u00f3n o exclusi\u00f3n anterior no se aplique a su caso. Esta garant\u00eda le otorga derechos legales espec\u00edficos. Tambi\u00e9n puede tener otros derechos que var\u00edan de un estado a otro.<\/p>\n<p>Esta Garant\u00eda limitada entr\u00f3 en vigor el 1 de febrero de 1999.<\/p>\n<p>&nbsp;<\/p>\n<h3><a href=\"https:\/\/www.wwhenry.com\/wp-content\/uploads\/Henrys-Best-5-Year-Seal.jpg\"><img decoding=\"async\" class=\"size-medium wp-image-13180 alignnone\" src=\"https:\/\/www.wwhenry.com\/wp-content\/uploads\/\/Henrys-Best-5-Year-Seal-300x300.jpg\" alt=\"\" width=\"300\" height=\"300\" srcset=\"https:\/\/www.wwhenry.com\/wp-content\/uploads\/Henrys-Best-5-Year-Seal-300x300.jpg 300w, https:\/\/www.wwhenry.com\/wp-content\/uploads\/Henrys-Best-5-Year-Seal-150x150.jpg 150w, https:\/\/www.wwhenry.com\/wp-content\/uploads\/Henrys-Best-5-Year-Seal-160x160.jpg 160w, https:\/\/www.wwhenry.com\/wp-content\/uploads\/Henrys-Best-5-Year-Seal-446x446.jpg 446w, https:\/\/www.wwhenry.com\/wp-content\/uploads\/Henrys-Best-5-Year-Seal.jpg 512w\" sizes=\"(max-width: 300px) 100vw, 300px\" \/><\/a><\/h3>\n<h3>La mejor garant\u00eda limitada de 5 a\u00f1os de HENRY<\/h3>\n<p>Garantizamos que los productos adhesivos y de preparaci\u00f3n de pisos de HENRY no se romper\u00e1n ni perder\u00e1n su fuerza de adhesi\u00f3n debido a un defecto de fabricaci\u00f3n o formulaci\u00f3n durante 5 a\u00f1os a partir de la fecha de instalaci\u00f3n.<br \/>\nSi lo anterior ocurriera y si recibimos una notificaci\u00f3n dentro del per\u00edodo de garant\u00eda de 5a\u00f1os, pagaremos los costos de materiales para reparar o reemplazar (a nuestra opci\u00f3n) el \u00e1rea del piso afectada por el producto HENRY. Si el piso se instal\u00f3 profesionalmente de acuerdo con las instrucciones del fabricante y las pr\u00e1cticas est\u00e1ndar de la industria, HENRY tambi\u00e9n pagar\u00e1 los costos de mano de obra razonables para las reparaciones directas o el reemplazo.<br \/>\nPara que se pueda aplicar esta garant\u00eda, los productos HENRY se deben usar solo para el prop\u00f3sito manifestado, los productos se deben aplicar de acuerdo con las instrucciones de aplicaci\u00f3n de HENRY y cualquier otro producto utilizado debe ser compatible con los productos HENRY.<br \/>\nEsta garant\u00eda no cubre la instalaci\u00f3n incorrecta o defectuosa del piso; irregularidades del subsuelo; tinci\u00f3n de abajo hacia arriba debido a moho, hongos o crecimiento bacteriano; instalaci\u00f3n donde haya exceso de humedad y\/o \u00e1lcali o mantenimiento inadecuado. La responsabilidad por las garant\u00edas y\/o las garant\u00edas de desempe\u00f1o del material del piso actual, la base del piso y el substrato del piso recae en el fabricante de esos productos y no en nosotros.<br \/>\nPara hacer una reclamaci\u00f3n, comun\u00edquese con su distribuidor.<br \/>\nExcluimos y no pagaremos da\u00f1os consecuentes o incidentales bajo esta garant\u00eda. Con esto nos referimos a cualquier p\u00e9rdida, gasto o da\u00f1o que no sean de los propios productos HENRY. No existen garant\u00edas impl\u00edcitas, incluyendo la comerciabilidad y la idoneidad para un prop\u00f3sito particular, que se extiendan m\u00e1s all\u00e1 del t\u00e9rmino de esta garant\u00eda escrita.<br \/>\nTENGA EN CUENTA: algunos estados no permiten la exclusi\u00f3n o limitaci\u00f3n de da\u00f1os incidentales o consecuentes, o limitaciones sobre la duraci\u00f3n de una garant\u00eda impl\u00edcita, por lo que es posible que la limitaci\u00f3n o exclusi\u00f3n anterior no se aplique a su caso. Esta garant\u00eda le otorga derechos legales espec\u00edficos. Tambi\u00e9n puede tener otros derechos que var\u00edan de un estado a otro.<br \/>\nEsta Garant\u00eda limitada entr\u00f3 en vigor el 1 de febrero de 1999.<\/p>\n<h3>La mejor garant\u00eda limitada de 1 a\u00f1o de HENRY<\/h3>\n<p>Garantizamos que los productos adhesivos y de preparaci\u00f3n de pisos de HENRY no se romper\u00e1n ni perder\u00e1n su fuerza de adhesi\u00f3n debido a un defecto de fabricaci\u00f3n o formulaci\u00f3n durante 1 a\u00f1o a partir de la fecha de instalaci\u00f3n.<br \/>\nSi lo anterior ocurriera y si recibimos una notificaci\u00f3n dentro del per\u00edodo de garant\u00eda de 1 a\u00f1o, pagaremos los costos de materiales para reparar o reemplazar (a nuestra opci\u00f3n) el \u00e1rea del piso afectada por el producto HENRY. Si el piso se instal\u00f3 profesionalmente de acuerdo con las instrucciones del fabricante y las pr\u00e1cticas est\u00e1ndar de la industria, HENRY tambi\u00e9n pagar\u00e1 los costos de mano de obra razonables para las reparaciones directas o el reemplazo.<br \/>\nPara que se pueda aplicar esta garant\u00eda, los productos HENRY se deben usar solo para el prop\u00f3sito manifestado, los productos se deben aplicar de acuerdo con las instrucciones de aplicaci\u00f3n de HENRY y cualquier otro producto utilizado debe ser compatible con los productos HENRY.<br \/>\nEsta garant\u00eda no cubre la instalaci\u00f3n incorrecta o defectuosa del piso; irregularidades del subsuelo; tinci\u00f3n de abajo hacia arriba debido a moho, hongos o crecimiento bacteriano; instalaci\u00f3n donde haya exceso de humedad y\/o \u00e1lcali o mantenimiento inadecuado. La responsabilidad por las garant\u00edas y\/o las garant\u00edas de desempe\u00f1o del material del piso actual, la base del piso y el substrato del piso recae en el fabricante de esos productos y no en nosotros.<br \/>\nPara hacer una reclamaci\u00f3n, comun\u00edquese con su distribuidor.<br \/>\nExcluimos y no pagaremos da\u00f1os consecuentes o incidentales bajo esta garant\u00eda. Con esto nos referimos a cualquier p\u00e9rdida, gasto o da\u00f1o que no sean de los propios productos HENRY. No existen garant\u00edas impl\u00edcitas, incluyendo la comerciabilidad y la idoneidad para un prop\u00f3sito particular, que se extiendan m\u00e1s all\u00e1 del t\u00e9rmino de esta garant\u00eda escrita.<br \/>\nTENGA EN CUENTA: algunos estados no permiten la exclusi\u00f3n o limitaci\u00f3n de da\u00f1os incidentales o consecuentes, o limitaciones sobre la duraci\u00f3n de una garant\u00eda impl\u00edcita, por lo que es posible que la limitaci\u00f3n o exclusi\u00f3n anterior no se aplique a su caso. Esta garant\u00eda le otorga derechos legales espec\u00edficos. Tambi\u00e9n puede tener otros derechos que var\u00edan de un estado a otro.<br \/>\nEsta Garant\u00eda limitada entr\u00f3 en vigor el 1 de febrero de 1999.<\/p>\n","protected":false},"excerpt":{"rendered":"<p>Al usar HENRY\u00ae, puede estar seguro de que est\u00e1 utilizando los mejores productos disponibles. Respaldamos nuestros productos y creemos que el desarrollo extenso y las pruebas de productos en laboratorios son necesarios para mantener el m\u00e1s alto est\u00e1ndar de calidad. \u2026<\/p>\n","protected":false},"author":42,"featured_media":0,"parent":41252,"menu_order":0,"comment_status":"closed","ping_status":"closed","template":"","meta":{"_acf_changed":false,"footnotes":""},"class_list":["post-41255","page","type-page","status-publish","hentry"],"acf":[],"yoast_head":"<!-- This site is optimized with the Yoast SEO Premium plugin v27.3 (Yoast SEO v27.3) - https:\/\/yoast.com\/product\/yoast-seo-premium-wordpress\/ -->\n<title>Garant\u00edas HENRY<\/title>\n<meta name=\"description\" content=\"Al usar HENRY\u00ae, puede estar seguro de que est\u00e1 utilizando los mejores productos disponibles.\" \/>\n<meta name=\"robots\" content=\"index, follow, max-snippet:-1, max-image-preview:large, max-video-preview:-1\" \/>\n<link rel=\"canonical\" href=\"https:\/\/www.wwhenry.com\/es\/garantias\/henry\/\" \/>\n<meta property=\"og:locale\" content=\"es_ES\" \/>\n<meta property=\"og:type\" content=\"article\" \/>\n<meta property=\"og:title\" content=\"Garant\u00edas HENRY\u00ae\" \/>\n<meta property=\"og:description\" content=\"Al usar HENRY\u00ae, puede estar seguro de que est\u00e1 utilizando los mejores productos disponibles.\" \/>\n<meta property=\"og:url\" content=\"https:\/\/www.wwhenry.com\/es\/garantias\/henry\/\" \/>\n<meta property=\"og:site_name\" content=\"WW Henry\" \/>\n<meta property=\"article:publisher\" content=\"https:\/\/www.facebook.com\/ARDEXAmericas\/\" \/>\n<meta property=\"article:modified_time\" content=\"2022-06-06T17:47:33+00:00\" \/>\n<meta property=\"og:image\" content=\"https:\/\/www.wwhenry.com\/wp-content\/uploads\/\/Henrys-Best-10-Year-Seal-300x300.jpg\" \/>\n<meta name=\"twitter:card\" content=\"summary_large_image\" \/>\n<meta name=\"twitter:site\" content=\"@ARDEXAmericas\" \/>\n<meta name=\"twitter:label1\" content=\"Tiempo de lectura\" \/>\n\t<meta name=\"twitter:data1\" content=\"6 minutos\" \/>\n<script type=\"application\/ld+json\" class=\"yoast-schema-graph\">{\"@context\":\"https:\\\/\\\/schema.org\",\"@graph\":[{\"@type\":\"WebPage\",\"@id\":\"https:\\\/\\\/www.wwhenry.com\\\/es\\\/garantias\\\/henry\\\/\",\"url\":\"https:\\\/\\\/www.wwhenry.com\\\/es\\\/garantias\\\/henry\\\/\",\"name\":\"Garant\u00edas HENRY\",\"isPartOf\":{\"@id\":\"https:\\\/\\\/www.wwhenry.com\\\/#website\"},\"primaryImageOfPage\":{\"@id\":\"https:\\\/\\\/www.wwhenry.com\\\/es\\\/garantias\\\/henry\\\/#primaryimage\"},\"image\":{\"@id\":\"https:\\\/\\\/www.wwhenry.com\\\/es\\\/garantias\\\/henry\\\/#primaryimage\"},\"thumbnailUrl\":\"https:\\\/\\\/www.wwhenry.com\\\/wp-content\\\/uploads\\\/\\\/Henrys-Best-10-Year-Seal-300x300.jpg\",\"datePublished\":\"2018-06-12T11:08:41+00:00\",\"dateModified\":\"2022-06-06T17:47:33+00:00\",\"description\":\"Al usar HENRY\u00ae, puede estar seguro de que est\u00e1 utilizando los mejores productos disponibles.\",\"breadcrumb\":{\"@id\":\"https:\\\/\\\/www.wwhenry.com\\\/es\\\/garantias\\\/henry\\\/#breadcrumb\"},\"inLanguage\":\"es\",\"potentialAction\":[{\"@type\":\"ReadAction\",\"target\":[\"https:\\\/\\\/www.wwhenry.com\\\/es\\\/garantias\\\/henry\\\/\"]}]},{\"@type\":\"ImageObject\",\"inLanguage\":\"es\",\"@id\":\"https:\\\/\\\/www.wwhenry.com\\\/es\\\/garantias\\\/henry\\\/#primaryimage\",\"url\":\"https:\\\/\\\/www.wwhenry.com\\\/wp-content\\\/uploads\\\/\\\/Henrys-Best-10-Year-Seal-300x300.jpg\",\"contentUrl\":\"https:\\\/\\\/www.wwhenry.com\\\/wp-content\\\/uploads\\\/\\\/Henrys-Best-10-Year-Seal-300x300.jpg\"},{\"@type\":\"BreadcrumbList\",\"@id\":\"https:\\\/\\\/www.wwhenry.com\\\/es\\\/garantias\\\/henry\\\/#breadcrumb\",\"itemListElement\":[{\"@type\":\"ListItem\",\"position\":1,\"name\":\"Inicio\",\"item\":\"https:\\\/\\\/www.wwhenry.com\\\/es\\\/\"},{\"@type\":\"ListItem\",\"position\":2,\"name\":\"Garant\u00edas\",\"item\":\"https:\\\/\\\/www.wwhenry.com\\\/es\\\/garantias\\\/\"},{\"@type\":\"ListItem\",\"position\":3,\"name\":\"Garant\u00edas HENRY\u00ae\"}]},{\"@type\":\"WebSite\",\"@id\":\"https:\\\/\\\/www.wwhenry.com\\\/#website\",\"url\":\"https:\\\/\\\/www.wwhenry.com\\\/\",\"name\":\"WW Henry\",\"description\":\"The Professionals&#039; Formula for Success\",\"potentialAction\":[{\"@type\":\"SearchAction\",\"target\":{\"@type\":\"EntryPoint\",\"urlTemplate\":\"https:\\\/\\\/www.wwhenry.com\\\/?s={search_term_string}\"},\"query-input\":{\"@type\":\"PropertyValueSpecification\",\"valueRequired\":true,\"valueName\":\"search_term_string\"}}],\"inLanguage\":\"es\"}]}<\/script>\n<!-- \/ Yoast SEO Premium plugin. -->","yoast_head_json":{"title":"Garant\u00edas HENRY","description":"Al usar HENRY\u00ae, puede estar seguro de que est\u00e1 utilizando los mejores productos disponibles.","robots":{"index":"index","follow":"follow","max-snippet":"max-snippet:-1","max-image-preview":"max-image-preview:large","max-video-preview":"max-video-preview:-1"},"canonical":"https:\/\/www.wwhenry.com\/es\/garantias\/henry\/","og_locale":"es_ES","og_type":"article","og_title":"Garant\u00edas HENRY\u00ae","og_description":"Al usar HENRY\u00ae, puede estar seguro de que est\u00e1 utilizando los mejores productos disponibles.","og_url":"https:\/\/www.wwhenry.com\/es\/garantias\/henry\/","og_site_name":"WW Henry","article_publisher":"https:\/\/www.facebook.com\/ARDEXAmericas\/","article_modified_time":"2022-06-06T17:47:33+00:00","og_image":[{"url":"https:\/\/www.wwhenry.com\/wp-content\/uploads\/\/Henrys-Best-10-Year-Seal-300x300.jpg","type":"","width":"","height":""}],"twitter_card":"summary_large_image","twitter_site":"@ARDEXAmericas","twitter_misc":{"Tiempo de lectura":"6 minutos"},"schema":{"@context":"https:\/\/schema.org","@graph":[{"@type":"WebPage","@id":"https:\/\/www.wwhenry.com\/es\/garantias\/henry\/","url":"https:\/\/www.wwhenry.com\/es\/garantias\/henry\/","name":"Garant\u00edas HENRY","isPartOf":{"@id":"https:\/\/www.wwhenry.com\/#website"},"primaryImageOfPage":{"@id":"https:\/\/www.wwhenry.com\/es\/garantias\/henry\/#primaryimage"},"image":{"@id":"https:\/\/www.wwhenry.com\/es\/garantias\/henry\/#primaryimage"},"thumbnailUrl":"https:\/\/www.wwhenry.com\/wp-content\/uploads\/\/Henrys-Best-10-Year-Seal-300x300.jpg","datePublished":"2018-06-12T11:08:41+00:00","dateModified":"2022-06-06T17:47:33+00:00","description":"Al usar HENRY\u00ae, puede estar seguro de que est\u00e1 utilizando los mejores productos disponibles.","breadcrumb":{"@id":"https:\/\/www.wwhenry.com\/es\/garantias\/henry\/#breadcrumb"},"inLanguage":"es","potentialAction":[{"@type":"ReadAction","target":["https:\/\/www.wwhenry.com\/es\/garantias\/henry\/"]}]},{"@type":"ImageObject","inLanguage":"es","@id":"https:\/\/www.wwhenry.com\/es\/garantias\/henry\/#primaryimage","url":"https:\/\/www.wwhenry.com\/wp-content\/uploads\/\/Henrys-Best-10-Year-Seal-300x300.jpg","contentUrl":"https:\/\/www.wwhenry.com\/wp-content\/uploads\/\/Henrys-Best-10-Year-Seal-300x300.jpg"},{"@type":"BreadcrumbList","@id":"https:\/\/www.wwhenry.com\/es\/garantias\/henry\/#breadcrumb","itemListElement":[{"@type":"ListItem","position":1,"name":"Inicio","item":"https:\/\/www.wwhenry.com\/es\/"},{"@type":"ListItem","position":2,"name":"Garant\u00edas","item":"https:\/\/www.wwhenry.com\/es\/garantias\/"},{"@type":"ListItem","position":3,"name":"Garant\u00edas HENRY\u00ae"}]},{"@type":"WebSite","@id":"https:\/\/www.wwhenry.com\/#website","url":"https:\/\/www.wwhenry.com\/","name":"WW Henry","description":"The Professionals&#039; Formula for Success","potentialAction":[{"@type":"SearchAction","target":{"@type":"EntryPoint","urlTemplate":"https:\/\/www.wwhenry.com\/?s={search_term_string}"},"query-input":{"@type":"PropertyValueSpecification","valueRequired":true,"valueName":"search_term_string"}}],"inLanguage":"es"}]}},"_links":{"self":[{"href":"https:\/\/www.wwhenry.com\/es\/wp-json\/wp\/v2\/pages\/41255","targetHints":{"allow":["GET"]}}],"collection":[{"href":"https:\/\/www.wwhenry.com\/es\/wp-json\/wp\/v2\/pages"}],"about":[{"href":"https:\/\/www.wwhenry.com\/es\/wp-json\/wp\/v2\/types\/page"}],"author":[{"embeddable":true,"href":"https:\/\/www.wwhenry.com\/es\/wp-json\/wp\/v2\/users\/42"}],"replies":[{"embeddable":true,"href":"https:\/\/www.wwhenry.com\/es\/wp-json\/wp\/v2\/comments?post=41255"}],"version-history":[{"count":0,"href":"https:\/\/www.wwhenry.com\/es\/wp-json\/wp\/v2\/pages\/41255\/revisions"}],"up":[{"embeddable":true,"href":"https:\/\/www.wwhenry.com\/es\/wp-json\/wp\/v2\/pages\/41252"}],"wp:attachment":[{"href":"https:\/\/www.wwhenry.com\/es\/wp-json\/wp\/v2\/media?parent=41255"}],"curies":[{"name":"wp","href":"https:\/\/api.w.org\/{rel}","templated":true}]}}