{"id":41252,"date":"2018-05-16T09:49:31","date_gmt":"2018-05-16T13:49:31","guid":{"rendered":"https:\/\/www.wwhenry.com\/warranties\/"},"modified":"2022-06-06T13:48:54","modified_gmt":"2022-06-06T17:48:54","slug":"garantias","status":"publish","type":"page","link":"https:\/\/www.wwhenry.com\/es\/garantias\/","title":{"rendered":"Garant\u00edas"},"content":{"rendered":"<p>Al usar HENRY\u00ae, puede estar seguro de que est\u00e1 utilizando los mejores productos disponibles. Respaldamos nuestros productos y creemos que el desarrollo extenso y las pruebas de productos en laboratorios son necesarios para mantener el m\u00e1s alto est\u00e1ndar de calidad. Lea a continuaci\u00f3n sobre las garant\u00edas disponibles de los productos HENRY.<\/p>\n<p>Al usar HENRY en combinaci\u00f3n con nuestros productos ARDEX, puede calificar para nuestra <a href=\"https:\/\/www.ardexamericas.com\/es\/servicios\/garantias\/systemone\/\">Garant\u00eda SystemOne\u2122<\/a>. Estas soluciones completas de instalaci\u00f3n de pisos vienen con una garant\u00eda de reemplazo total: \u00a1la mejor de la industria! Para m\u00e1s informaci\u00f3n vea a continuaci\u00f3n o <a href=\"https:\/\/www.ardexamericas.com\/es\/sobre-nosotros\/comuniquese-con-nosotros\/\">comun\u00edquese con nosotros<\/a>.<\/p>\n","protected":false},"excerpt":{"rendered":"<p>Al usar HENRY\u00ae, puede estar seguro de que est\u00e1 utilizando los mejores productos disponibles. Respaldamos nuestros productos y creemos que el desarrollo extenso y las pruebas de productos en laboratorios son necesarios para mantener el m\u00e1s alto est\u00e1ndar de calidad. \u2026<\/p>\n","protected":false},"author":42,"featured_media":13135,"parent":0,"menu_order":0,"comment_status":"closed","ping_status":"closed","template":"page-overview.php","meta":{"_acf_changed":false,"footnotes":""},"class_list":["post-41252","page","type-page","status-publish","has-post-thumbnail","hentry"],"acf":[],"yoast_head":"<!-- This site is optimized with the Yoast SEO Premium plugin v27.3 (Yoast SEO v27.3) - https:\/\/yoast.com\/product\/yoast-seo-premium-wordpress\/ -->\n<title>HENRY Product Warranties: Simply the best in the business!<\/title>\n<meta name=\"description\" content=\"Check out our HENRY product warranties, and now (when used in combination with ARDEX products) we offer SystemOne - the best warranty in the industry!\" \/>\n<meta name=\"robots\" content=\"index, follow, max-snippet:-1, max-image-preview:large, max-video-preview:-1\" \/>\n<link rel=\"canonical\" href=\"https:\/\/www.wwhenry.com\/es\/garantias\/\" \/>\n<meta property=\"og:locale\" content=\"es_ES\" \/>\n<meta property=\"og:type\" content=\"article\" \/>\n<meta property=\"og:title\" content=\"Garant\u00edas\" \/>\n<meta property=\"og:description\" content=\"Check out our HENRY product warranties, and now (when used in combination with ARDEX products) we offer SystemOne - the best warranty in the industry!\" \/>\n<meta property=\"og:url\" content=\"https:\/\/www.wwhenry.com\/es\/garantias\/\" \/>\n<meta property=\"og:site_name\" content=\"WW Henry\" \/>\n<meta property=\"article:publisher\" content=\"https:\/\/www.facebook.com\/ARDEXAmericas\/\" \/>\n<meta property=\"article:modified_time\" content=\"2022-06-06T17:48:54+00:00\" \/>\n<meta property=\"og:image\" content=\"https:\/\/www.wwhenry.com\/wp-content\/uploads\/Warranty-overview.jpg\" \/>\n\t<meta property=\"og:image:width\" content=\"1872\" \/>\n\t<meta property=\"og:image:height\" content=\"820\" \/>\n\t<meta property=\"og:image:type\" content=\"image\/jpeg\" \/>\n<meta name=\"twitter:card\" content=\"summary_large_image\" \/>\n<meta name=\"twitter:site\" content=\"@ARDEXAmericas\" \/>\n<meta name=\"twitter:label1\" content=\"Tiempo de lectura\" \/>\n\t<meta name=\"twitter:data1\" content=\"1 minuto\" \/>\n<script type=\"application\/ld+json\" class=\"yoast-schema-graph\">{\"@context\":\"https:\\\/\\\/schema.org\",\"@graph\":[{\"@type\":\"WebPage\",\"@id\":\"https:\\\/\\\/www.wwhenry.com\\\/es\\\/garantias\\\/\",\"url\":\"https:\\\/\\\/www.wwhenry.com\\\/es\\\/garantias\\\/\",\"name\":\"HENRY Product Warranties: Simply the best in the business!\",\"isPartOf\":{\"@id\":\"https:\\\/\\\/www.wwhenry.com\\\/#website\"},\"primaryImageOfPage\":{\"@id\":\"https:\\\/\\\/www.wwhenry.com\\\/es\\\/garantias\\\/#primaryimage\"},\"image\":{\"@id\":\"https:\\\/\\\/www.wwhenry.com\\\/es\\\/garantias\\\/#primaryimage\"},\"thumbnailUrl\":\"https:\\\/\\\/www.wwhenry.com\\\/wp-content\\\/uploads\\\/Warranty-overview.jpg\",\"datePublished\":\"2018-05-16T13:49:31+00:00\",\"dateModified\":\"2022-06-06T17:48:54+00:00\",\"description\":\"Check out our HENRY product warranties, and now (when used in combination with ARDEX products) we offer SystemOne - the best warranty in the industry!\",\"breadcrumb\":{\"@id\":\"https:\\\/\\\/www.wwhenry.com\\\/es\\\/garantias\\\/#breadcrumb\"},\"inLanguage\":\"es\",\"potentialAction\":[{\"@type\":\"ReadAction\",\"target\":[\"https:\\\/\\\/www.wwhenry.com\\\/es\\\/garantias\\\/\"]}]},{\"@type\":\"ImageObject\",\"inLanguage\":\"es\",\"@id\":\"https:\\\/\\\/www.wwhenry.com\\\/es\\\/garantias\\\/#primaryimage\",\"url\":\"https:\\\/\\\/www.wwhenry.com\\\/wp-content\\\/uploads\\\/Warranty-overview.jpg\",\"contentUrl\":\"https:\\\/\\\/www.wwhenry.com\\\/wp-content\\\/uploads\\\/Warranty-overview.jpg\",\"width\":1872,\"height\":820},{\"@type\":\"BreadcrumbList\",\"@id\":\"https:\\\/\\\/www.wwhenry.com\\\/es\\\/garantias\\\/#breadcrumb\",\"itemListElement\":[{\"@type\":\"ListItem\",\"position\":1,\"name\":\"Inicio\",\"item\":\"https:\\\/\\\/www.wwhenry.com\\\/es\\\/\"},{\"@type\":\"ListItem\",\"position\":2,\"name\":\"Garant\u00edas\"}]},{\"@type\":\"WebSite\",\"@id\":\"https:\\\/\\\/www.wwhenry.com\\\/#website\",\"url\":\"https:\\\/\\\/www.wwhenry.com\\\/\",\"name\":\"WW Henry\",\"description\":\"The Professionals&#039; Formula for Success\",\"potentialAction\":[{\"@type\":\"SearchAction\",\"target\":{\"@type\":\"EntryPoint\",\"urlTemplate\":\"https:\\\/\\\/www.wwhenry.com\\\/?s={search_term_string}\"},\"query-input\":{\"@type\":\"PropertyValueSpecification\",\"valueRequired\":true,\"valueName\":\"search_term_string\"}}],\"inLanguage\":\"es\"}]}<\/script>\n<!-- \/ Yoast SEO Premium plugin. -->","yoast_head_json":{"title":"HENRY Product Warranties: Simply the best in the business!","description":"Check out our HENRY product warranties, and now (when used in combination with ARDEX products) we offer SystemOne - the best warranty in the industry!","robots":{"index":"index","follow":"follow","max-snippet":"max-snippet:-1","max-image-preview":"max-image-preview:large","max-video-preview":"max-video-preview:-1"},"canonical":"https:\/\/www.wwhenry.com\/es\/garantias\/","og_locale":"es_ES","og_type":"article","og_title":"Garant\u00edas","og_description":"Check out our HENRY product warranties, and now (when used in combination with ARDEX products) we offer SystemOne - the best warranty in the industry!","og_url":"https:\/\/www.wwhenry.com\/es\/garantias\/","og_site_name":"WW Henry","article_publisher":"https:\/\/www.facebook.com\/ARDEXAmericas\/","article_modified_time":"2022-06-06T17:48:54+00:00","og_image":[{"width":1872,"height":820,"url":"https:\/\/www.wwhenry.com\/wp-content\/uploads\/Warranty-overview.jpg","type":"image\/jpeg"}],"twitter_card":"summary_large_image","twitter_site":"@ARDEXAmericas","twitter_misc":{"Tiempo de lectura":"1 minuto"},"schema":{"@context":"https:\/\/schema.org","@graph":[{"@type":"WebPage","@id":"https:\/\/www.wwhenry.com\/es\/garantias\/","url":"https:\/\/www.wwhenry.com\/es\/garantias\/","name":"HENRY Product Warranties: Simply the best in the business!","isPartOf":{"@id":"https:\/\/www.wwhenry.com\/#website"},"primaryImageOfPage":{"@id":"https:\/\/www.wwhenry.com\/es\/garantias\/#primaryimage"},"image":{"@id":"https:\/\/www.wwhenry.com\/es\/garantias\/#primaryimage"},"thumbnailUrl":"https:\/\/www.wwhenry.com\/wp-content\/uploads\/Warranty-overview.jpg","datePublished":"2018-05-16T13:49:31+00:00","dateModified":"2022-06-06T17:48:54+00:00","description":"Check out our HENRY product warranties, and now (when used in combination with ARDEX products) we offer SystemOne - the best warranty in the industry!","breadcrumb":{"@id":"https:\/\/www.wwhenry.com\/es\/garantias\/#breadcrumb"},"inLanguage":"es","potentialAction":[{"@type":"ReadAction","target":["https:\/\/www.wwhenry.com\/es\/garantias\/"]}]},{"@type":"ImageObject","inLanguage":"es","@id":"https:\/\/www.wwhenry.com\/es\/garantias\/#primaryimage","url":"https:\/\/www.wwhenry.com\/wp-content\/uploads\/Warranty-overview.jpg","contentUrl":"https:\/\/www.wwhenry.com\/wp-content\/uploads\/Warranty-overview.jpg","width":1872,"height":820},{"@type":"BreadcrumbList","@id":"https:\/\/www.wwhenry.com\/es\/garantias\/#breadcrumb","itemListElement":[{"@type":"ListItem","position":1,"name":"Inicio","item":"https:\/\/www.wwhenry.com\/es\/"},{"@type":"ListItem","position":2,"name":"Garant\u00edas"}]},{"@type":"WebSite","@id":"https:\/\/www.wwhenry.com\/#website","url":"https:\/\/www.wwhenry.com\/","name":"WW Henry","description":"The Professionals&#039; Formula for Success","potentialAction":[{"@type":"SearchAction","target":{"@type":"EntryPoint","urlTemplate":"https:\/\/www.wwhenry.com\/?s={search_term_string}"},"query-input":{"@type":"PropertyValueSpecification","valueRequired":true,"valueName":"search_term_string"}}],"inLanguage":"es"}]}},"_links":{"self":[{"href":"https:\/\/www.wwhenry.com\/es\/wp-json\/wp\/v2\/pages\/41252","targetHints":{"allow":["GET"]}}],"collection":[{"href":"https:\/\/www.wwhenry.com\/es\/wp-json\/wp\/v2\/pages"}],"about":[{"href":"https:\/\/www.wwhenry.com\/es\/wp-json\/wp\/v2\/types\/page"}],"author":[{"embeddable":true,"href":"https:\/\/www.wwhenry.com\/es\/wp-json\/wp\/v2\/users\/42"}],"replies":[{"embeddable":true,"href":"https:\/\/www.wwhenry.com\/es\/wp-json\/wp\/v2\/comments?post=41252"}],"version-history":[{"count":0,"href":"https:\/\/www.wwhenry.com\/es\/wp-json\/wp\/v2\/pages\/41252\/revisions"}],"wp:featuredmedia":[{"embeddable":true,"href":"https:\/\/www.wwhenry.com\/es\/wp-json\/wp\/v2\/media\/13135"}],"wp:attachment":[{"href":"https:\/\/www.wwhenry.com\/es\/wp-json\/wp\/v2\/media?parent=41252"}],"curies":[{"name":"wp","href":"https:\/\/api.w.org\/{rel}","templated":true}]}}