{"id":41249,"date":"2018-05-16T09:49:31","date_gmt":"2018-05-16T13:49:31","guid":{"rendered":"https:\/\/www.wwhenry.com\/technical-services\/"},"modified":"2022-06-06T11:59:47","modified_gmt":"2022-06-06T15:59:47","slug":"servicios-tecnicos","status":"publish","type":"page","link":"https:\/\/www.wwhenry.com\/es\/servicios-tecnicos\/","title":{"rendered":"Servicios t\u00e9cnicos"},"content":{"rendered":"<p>HENRY y ARDEX cuentan con los profesionales de servicio t\u00e9cnico m\u00e1s confiables y experimentados de la industria. Los consultores de servicio t\u00e9cnico est\u00e1n disponibles por tel\u00e9fono de 8 a. m. a 5 p. m., de lunes a viernes, EST. Ofrecen recomendaciones de productos e instalaci\u00f3n basadas en d\u00e9cadas de experiencia. Las recomendaciones t\u00e9cnicas para todo tipo de entornos de instalaci\u00f3n se pueden hacer por escrito cuando sea necesario.<\/p>\n<p>Tel\u00e9fono para los servicios t\u00e9cnicos de ARDEX y HENRY:<br \/>\n<a href=\"tel:+1 888 512 7339\">1 888 512 7339<\/a><\/p>\n","protected":false},"excerpt":{"rendered":"<p>HENRY y ARDEX cuentan con los profesionales de servicio t\u00e9cnico m\u00e1s confiables y experimentados de la industria. Los consultores de servicio t\u00e9cnico est\u00e1n disponibles por tel\u00e9fono de 8 a. m. a 5 p. m., de lunes a viernes, EST. Ofrecen \u2026<\/p>\n","protected":false},"author":42,"featured_media":9649,"parent":0,"menu_order":0,"comment_status":"closed","ping_status":"closed","template":"page-overview.php","meta":{"_acf_changed":false,"footnotes":""},"class_list":["post-41249","page","type-page","status-publish","has-post-thumbnail","hentry"],"acf":[],"yoast_head":"<!-- This site is optimized with the Yoast SEO Premium plugin v27.3 (Yoast SEO v27.3) - https:\/\/yoast.com\/product\/yoast-seo-premium-wordpress\/ -->\n<title>HENRY Technical Services: Our experts provide the answers you need<\/title>\n<meta name=\"description\" content=\"Have product questions? Count on our live HENRY technical service experts for answers you can trust. Technical recommendations in writing also available.\" \/>\n<meta name=\"robots\" content=\"index, follow, max-snippet:-1, max-image-preview:large, max-video-preview:-1\" \/>\n<link rel=\"canonical\" href=\"https:\/\/www.wwhenry.com\/es\/servicios-tecnicos\/\" \/>\n<meta property=\"og:locale\" content=\"es_ES\" \/>\n<meta property=\"og:type\" content=\"article\" \/>\n<meta property=\"og:title\" content=\"Servicios t\u00e9cnicos\" \/>\n<meta property=\"og:description\" content=\"Have product questions? Count on our live HENRY technical service experts for answers you can trust. Technical recommendations in writing also available.\" \/>\n<meta property=\"og:url\" content=\"https:\/\/www.wwhenry.com\/es\/servicios-tecnicos\/\" \/>\n<meta property=\"og:site_name\" content=\"WW Henry\" \/>\n<meta property=\"article:publisher\" content=\"https:\/\/www.facebook.com\/ARDEXAmericas\/\" \/>\n<meta property=\"article:modified_time\" content=\"2022-06-06T15:59:47+00:00\" \/>\n<meta property=\"og:image\" content=\"https:\/\/www.wwhenry.com\/wp-content\/uploads\/technical-services-header.jpg\" \/>\n\t<meta property=\"og:image:width\" content=\"1872\" \/>\n\t<meta property=\"og:image:height\" content=\"820\" \/>\n\t<meta property=\"og:image:type\" content=\"image\/jpeg\" \/>\n<meta name=\"twitter:card\" content=\"summary_large_image\" \/>\n<meta name=\"twitter:site\" content=\"@ARDEXAmericas\" \/>\n<meta name=\"twitter:label1\" content=\"Tiempo de lectura\" \/>\n\t<meta name=\"twitter:data1\" content=\"1 minuto\" \/>\n<script type=\"application\/ld+json\" class=\"yoast-schema-graph\">{\"@context\":\"https:\\\/\\\/schema.org\",\"@graph\":[{\"@type\":\"WebPage\",\"@id\":\"https:\\\/\\\/www.wwhenry.com\\\/es\\\/servicios-tecnicos\\\/\",\"url\":\"https:\\\/\\\/www.wwhenry.com\\\/es\\\/servicios-tecnicos\\\/\",\"name\":\"HENRY Technical Services: Our experts provide the answers you need\",\"isPartOf\":{\"@id\":\"https:\\\/\\\/www.wwhenry.com\\\/#website\"},\"primaryImageOfPage\":{\"@id\":\"https:\\\/\\\/www.wwhenry.com\\\/es\\\/servicios-tecnicos\\\/#primaryimage\"},\"image\":{\"@id\":\"https:\\\/\\\/www.wwhenry.com\\\/es\\\/servicios-tecnicos\\\/#primaryimage\"},\"thumbnailUrl\":\"https:\\\/\\\/www.wwhenry.com\\\/wp-content\\\/uploads\\\/technical-services-header.jpg\",\"datePublished\":\"2018-05-16T13:49:31+00:00\",\"dateModified\":\"2022-06-06T15:59:47+00:00\",\"description\":\"Have product questions? Count on our live HENRY technical service experts for answers you can trust. Technical recommendations in writing also available.\",\"breadcrumb\":{\"@id\":\"https:\\\/\\\/www.wwhenry.com\\\/es\\\/servicios-tecnicos\\\/#breadcrumb\"},\"inLanguage\":\"es\",\"potentialAction\":[{\"@type\":\"ReadAction\",\"target\":[\"https:\\\/\\\/www.wwhenry.com\\\/es\\\/servicios-tecnicos\\\/\"]}]},{\"@type\":\"ImageObject\",\"inLanguage\":\"es\",\"@id\":\"https:\\\/\\\/www.wwhenry.com\\\/es\\\/servicios-tecnicos\\\/#primaryimage\",\"url\":\"https:\\\/\\\/www.wwhenry.com\\\/wp-content\\\/uploads\\\/technical-services-header.jpg\",\"contentUrl\":\"https:\\\/\\\/www.wwhenry.com\\\/wp-content\\\/uploads\\\/technical-services-header.jpg\",\"width\":1872,\"height\":820,\"caption\":\"ARDEX Technical expert with advice\"},{\"@type\":\"BreadcrumbList\",\"@id\":\"https:\\\/\\\/www.wwhenry.com\\\/es\\\/servicios-tecnicos\\\/#breadcrumb\",\"itemListElement\":[{\"@type\":\"ListItem\",\"position\":1,\"name\":\"Inicio\",\"item\":\"https:\\\/\\\/www.wwhenry.com\\\/es\\\/\"},{\"@type\":\"ListItem\",\"position\":2,\"name\":\"Servicios t\u00e9cnicos\"}]},{\"@type\":\"WebSite\",\"@id\":\"https:\\\/\\\/www.wwhenry.com\\\/#website\",\"url\":\"https:\\\/\\\/www.wwhenry.com\\\/\",\"name\":\"WW Henry\",\"description\":\"The Professionals&#039; Formula for Success\",\"potentialAction\":[{\"@type\":\"SearchAction\",\"target\":{\"@type\":\"EntryPoint\",\"urlTemplate\":\"https:\\\/\\\/www.wwhenry.com\\\/?s={search_term_string}\"},\"query-input\":{\"@type\":\"PropertyValueSpecification\",\"valueRequired\":true,\"valueName\":\"search_term_string\"}}],\"inLanguage\":\"es\"}]}<\/script>\n<!-- \/ Yoast SEO Premium plugin. -->","yoast_head_json":{"title":"HENRY Technical Services: Our experts provide the answers you need","description":"Have product questions? Count on our live HENRY technical service experts for answers you can trust. Technical recommendations in writing also available.","robots":{"index":"index","follow":"follow","max-snippet":"max-snippet:-1","max-image-preview":"max-image-preview:large","max-video-preview":"max-video-preview:-1"},"canonical":"https:\/\/www.wwhenry.com\/es\/servicios-tecnicos\/","og_locale":"es_ES","og_type":"article","og_title":"Servicios t\u00e9cnicos","og_description":"Have product questions? Count on our live HENRY technical service experts for answers you can trust. Technical recommendations in writing also available.","og_url":"https:\/\/www.wwhenry.com\/es\/servicios-tecnicos\/","og_site_name":"WW Henry","article_publisher":"https:\/\/www.facebook.com\/ARDEXAmericas\/","article_modified_time":"2022-06-06T15:59:47+00:00","og_image":[{"width":1872,"height":820,"url":"https:\/\/www.wwhenry.com\/wp-content\/uploads\/technical-services-header.jpg","type":"image\/jpeg"}],"twitter_card":"summary_large_image","twitter_site":"@ARDEXAmericas","twitter_misc":{"Tiempo de lectura":"1 minuto"},"schema":{"@context":"https:\/\/schema.org","@graph":[{"@type":"WebPage","@id":"https:\/\/www.wwhenry.com\/es\/servicios-tecnicos\/","url":"https:\/\/www.wwhenry.com\/es\/servicios-tecnicos\/","name":"HENRY Technical Services: Our experts provide the answers you need","isPartOf":{"@id":"https:\/\/www.wwhenry.com\/#website"},"primaryImageOfPage":{"@id":"https:\/\/www.wwhenry.com\/es\/servicios-tecnicos\/#primaryimage"},"image":{"@id":"https:\/\/www.wwhenry.com\/es\/servicios-tecnicos\/#primaryimage"},"thumbnailUrl":"https:\/\/www.wwhenry.com\/wp-content\/uploads\/technical-services-header.jpg","datePublished":"2018-05-16T13:49:31+00:00","dateModified":"2022-06-06T15:59:47+00:00","description":"Have product questions? Count on our live HENRY technical service experts for answers you can trust. Technical recommendations in writing also available.","breadcrumb":{"@id":"https:\/\/www.wwhenry.com\/es\/servicios-tecnicos\/#breadcrumb"},"inLanguage":"es","potentialAction":[{"@type":"ReadAction","target":["https:\/\/www.wwhenry.com\/es\/servicios-tecnicos\/"]}]},{"@type":"ImageObject","inLanguage":"es","@id":"https:\/\/www.wwhenry.com\/es\/servicios-tecnicos\/#primaryimage","url":"https:\/\/www.wwhenry.com\/wp-content\/uploads\/technical-services-header.jpg","contentUrl":"https:\/\/www.wwhenry.com\/wp-content\/uploads\/technical-services-header.jpg","width":1872,"height":820,"caption":"ARDEX Technical expert with advice"},{"@type":"BreadcrumbList","@id":"https:\/\/www.wwhenry.com\/es\/servicios-tecnicos\/#breadcrumb","itemListElement":[{"@type":"ListItem","position":1,"name":"Inicio","item":"https:\/\/www.wwhenry.com\/es\/"},{"@type":"ListItem","position":2,"name":"Servicios t\u00e9cnicos"}]},{"@type":"WebSite","@id":"https:\/\/www.wwhenry.com\/#website","url":"https:\/\/www.wwhenry.com\/","name":"WW Henry","description":"The Professionals&#039; Formula for Success","potentialAction":[{"@type":"SearchAction","target":{"@type":"EntryPoint","urlTemplate":"https:\/\/www.wwhenry.com\/?s={search_term_string}"},"query-input":{"@type":"PropertyValueSpecification","valueRequired":true,"valueName":"search_term_string"}}],"inLanguage":"es"}]}},"_links":{"self":[{"href":"https:\/\/www.wwhenry.com\/es\/wp-json\/wp\/v2\/pages\/41249","targetHints":{"allow":["GET"]}}],"collection":[{"href":"https:\/\/www.wwhenry.com\/es\/wp-json\/wp\/v2\/pages"}],"about":[{"href":"https:\/\/www.wwhenry.com\/es\/wp-json\/wp\/v2\/types\/page"}],"author":[{"embeddable":true,"href":"https:\/\/www.wwhenry.com\/es\/wp-json\/wp\/v2\/users\/42"}],"replies":[{"embeddable":true,"href":"https:\/\/www.wwhenry.com\/es\/wp-json\/wp\/v2\/comments?post=41249"}],"version-history":[{"count":0,"href":"https:\/\/www.wwhenry.com\/es\/wp-json\/wp\/v2\/pages\/41249\/revisions"}],"wp:featuredmedia":[{"embeddable":true,"href":"https:\/\/www.wwhenry.com\/es\/wp-json\/wp\/v2\/media\/9649"}],"wp:attachment":[{"href":"https:\/\/www.wwhenry.com\/es\/wp-json\/wp\/v2\/media?parent=41249"}],"curies":[{"name":"wp","href":"https:\/\/api.w.org\/{rel}","templated":true}]}}