{"id":41246,"date":"2017-05-10T10:43:00","date_gmt":"2017-05-10T14:43:00","guid":{"rendered":"https:\/\/www.wwhenry.com\/about-us\/"},"modified":"2022-06-06T11:48:50","modified_gmt":"2022-06-06T15:48:50","slug":"sobre-nosotros","status":"publish","type":"page","link":"https:\/\/www.wwhenry.com\/es\/sobre-nosotros\/","title":{"rendered":"Sobre Nosotros"},"content":{"rendered":"<div>La compa\u00f1\u00eda W. W. Henry es uno de los mayores fabricantes de adhesivos para todo tipo de instalaciones de pisos en el mundo. Establecida en 1933 por Warner W. Henry, Sr., HENRY se desarroll\u00f3 inicialmente para fabricar revestimientos para techos, masillas para techos y selladores para las entradas de veh\u00edculos. En la d\u00e9cada de 1950, W. W. Henry fue el fabricante de adhesivos para pisos m\u00e1s grande de los EE. UU. W. W. HENRY fue pionero en el uso de adhesivos de \u00abemulsi\u00f3n\u00bb (a base de l\u00e1tex), expandi\u00e9ndose desde productos tipo pasta de lin\u00f3leo hasta adhesivos multiusos para base de molduras y adhesivos para techos ac\u00fasticos. En 1964, la empresa present\u00f3 HENRY 356, un adhesivo para pisos multiuso a base de l\u00e1tex. HENRY 356 se convirti\u00f3 en el adhesivo para pisos m\u00e1s popular del pa\u00eds y sigue siendo el adhesivo multiusos para pisos m\u00e1s conocido en la industria actual.<\/div>\n<div>\n<p>En 1986, las industrias Armstrong World le compraron a Warner Henry la compa\u00f1\u00eda de adhesivos para pisos W.W. Henry. Durante la d\u00e9cada de los 90s, WWH fue el primer fabricante de adhesivos en cambiar de adhesivos a base de solventes a adhesivos sin solventes.<\/p>\n<\/div>\n<div>En el a\u00f1o 2000, la compa\u00f1\u00eda W. W. Henry pas\u00f3 a formar parte de ARDEX Americas y hoy HENRY es uno de los pilares de las marcas ARDEX Americas. El ajuste fue natural, ya que ambas empresas comparten una cultura de innovaci\u00f3n, excelencia y servicio al cliente.<\/div>\n<h3><img decoding=\"async\" src=\"http:\/\/henrysales.ardex.com\/assets\/tech%20bldg.%20flags.jpg\" alt=\"\" width=\"257\" height=\"227\" align=\"right\" border=\"0\" \/><\/h3>\n<h4>La f\u00f3rmula del \u00e9xito del profesional<\/h4>\n<div>\n<p>Los profesionales de la instalaci\u00f3n de pisos han transmitido confiadamente el uso de los adhesivos premium para pisos HENRY de generaci\u00f3n en generaci\u00f3n. Como un amigo de la familia de toda la vida, HENRY siempre ha sido sin\u00f3nimo de excelencia, confiabilidad, innovaci\u00f3n y servicio.<\/p>\n<h4>Compromiso con nuestros clientes<\/h4>\n<p>Consideramos como nuestros socios a cada contratista que utiliza los productos HENRY y a cada distribuidor que lleva la marca HENRY. La compa\u00f1\u00eda W. W. Henry mantiene un firme compromiso con el crecimiento y la rentabilidad de los negocios de nuestros clientes a trav\u00e9s de&#8230;<\/p>\n<\/div>\n<ul>\n<li>Servicio al cliente inigualable con m\u00e1s de 80 Profesionales de Ventas en el campo de los m\u00e1s informados en la industria<\/li>\n<li>El equipo de soporte t\u00e9cnico de HENRY tiene amplia experiencia para cualquier tipo de instalaci\u00f3n de pisos<\/li>\n<li>Un fuerte compromiso con la investigaci\u00f3n y el desarrollo<\/li>\n<\/ul>\n<h4>Verde cuando el verde no estaba de moda<\/h4>\n<div>\n<p>La compa\u00f1\u00eda W. W. Henry ha demostrado un liderazgo constante en la reducci\u00f3n del impacto ambiental de nuestros productos y en la minimizaci\u00f3n de la huella que dejamos. En la d\u00e9cada de los 90s, fuimos los primeros en la industria en desarrollar adhesivos sin solventes, recientemente presentamos un nuevo est\u00e1ndar ambiental: la tecnolog\u00eda ambiental HENRY\u00ae GreenLine\u2122.<\/p>\n<p>Todos los adhesivos HENRY\u00ae GreenLine\u2122 tienen emisiones VOC ultrabajas, son hipoalerg\u00e9nicos, no contienen solventes, pr\u00e1cticamente no tienen olor perceptible y pueden ayudar a que los proyectos califiquen para valiosos puntos LEED.<\/p>\n<\/div>\n","protected":false},"excerpt":{"rendered":"<p>La compa\u00f1\u00eda W. W. Henry es uno de los mayores fabricantes de adhesivos para todo tipo de instalaciones de pisos en el mundo. Establecida en 1933 por Warner W. Henry, Sr., HENRY se desarroll\u00f3 inicialmente para fabricar revestimientos para techos, \u2026<\/p>\n","protected":false},"author":42,"featured_media":42430,"parent":0,"menu_order":0,"comment_status":"closed","ping_status":"closed","template":"page-overview.php","meta":{"_acf_changed":false,"footnotes":""},"class_list":["post-41246","page","type-page","status-publish","has-post-thumbnail","hentry"],"acf":[],"yoast_head":"<!-- This site is optimized with the Yoast SEO Premium plugin v27.5 (Yoast SEO v27.5) - https:\/\/yoast.com\/product\/yoast-seo-premium-wordpress\/ -->\n<title>HENRY: 75 years and going strong<\/title>\n<meta name=\"description\" content=\"In 2000 HENRY became a brand under ARDEX Americas, and it continues to be at the forefront of solutio offerings for all types of flooring installations.\" \/>\n<meta name=\"robots\" content=\"index, follow, max-snippet:-1, max-image-preview:large, max-video-preview:-1\" \/>\n<link rel=\"canonical\" href=\"https:\/\/www.wwhenry.com\/es\/sobre-nosotros\/\" \/>\n<meta property=\"og:locale\" content=\"es_ES\" \/>\n<meta property=\"og:type\" content=\"article\" \/>\n<meta property=\"og:title\" content=\"Sobre Nosotros\" \/>\n<meta property=\"og:description\" content=\"In 2000 HENRY became a brand under ARDEX Americas, and it continues to be at the forefront of solutio offerings for all types of flooring installations.\" \/>\n<meta property=\"og:url\" content=\"https:\/\/www.wwhenry.com\/es\/sobre-nosotros\/\" \/>\n<meta property=\"og:site_name\" content=\"WW Henry\" \/>\n<meta property=\"article:publisher\" content=\"https:\/\/www.facebook.com\/ARDEXAmericas\/\" \/>\n<meta property=\"article:modified_time\" content=\"2022-06-06T15:48:50+00:00\" \/>\n<meta property=\"og:image\" content=\"https:\/\/www.wwhenry.com\/wp-content\/uploads\/2018\/10\/HENRY-BuildingOn-BLUE_edited.jpg\" \/>\n\t<meta property=\"og:image:width\" content=\"1754\" \/>\n\t<meta property=\"og:image:height\" content=\"451\" \/>\n\t<meta property=\"og:image:type\" content=\"image\/jpeg\" \/>\n<meta name=\"twitter:card\" content=\"summary_large_image\" \/>\n<meta name=\"twitter:site\" content=\"@ARDEXAmericas\" \/>\n<meta name=\"twitter:label1\" content=\"Tiempo de lectura\" \/>\n\t<meta name=\"twitter:data1\" content=\"3 minutos\" \/>\n<script type=\"application\/ld+json\" class=\"yoast-schema-graph\">{\"@context\":\"https:\\\/\\\/schema.org\",\"@graph\":[{\"@type\":\"WebPage\",\"@id\":\"https:\\\/\\\/www.wwhenry.com\\\/es\\\/sobre-nosotros\\\/\",\"url\":\"https:\\\/\\\/www.wwhenry.com\\\/es\\\/sobre-nosotros\\\/\",\"name\":\"HENRY: 75 years and going strong\",\"isPartOf\":{\"@id\":\"https:\\\/\\\/www.wwhenry.com\\\/#website\"},\"primaryImageOfPage\":{\"@id\":\"https:\\\/\\\/www.wwhenry.com\\\/es\\\/sobre-nosotros\\\/#primaryimage\"},\"image\":{\"@id\":\"https:\\\/\\\/www.wwhenry.com\\\/es\\\/sobre-nosotros\\\/#primaryimage\"},\"thumbnailUrl\":\"https:\\\/\\\/www.wwhenry.com\\\/wp-content\\\/uploads\\\/2026\\\/04\\\/HenryARDEXGROUP_BrandLogo_Reflex-Blue.png\",\"datePublished\":\"2017-05-10T14:43:00+00:00\",\"dateModified\":\"2022-06-06T15:48:50+00:00\",\"description\":\"In 2000 HENRY became a brand under ARDEX Americas, and it continues to be at the forefront of solutio offerings for all types of flooring installations.\",\"breadcrumb\":{\"@id\":\"https:\\\/\\\/www.wwhenry.com\\\/es\\\/sobre-nosotros\\\/#breadcrumb\"},\"inLanguage\":\"es\",\"potentialAction\":[{\"@type\":\"ReadAction\",\"target\":[\"https:\\\/\\\/www.wwhenry.com\\\/es\\\/sobre-nosotros\\\/\"]}]},{\"@type\":\"ImageObject\",\"inLanguage\":\"es\",\"@id\":\"https:\\\/\\\/www.wwhenry.com\\\/es\\\/sobre-nosotros\\\/#primaryimage\",\"url\":\"https:\\\/\\\/www.wwhenry.com\\\/wp-content\\\/uploads\\\/2026\\\/04\\\/HenryARDEXGROUP_BrandLogo_Reflex-Blue.png\",\"contentUrl\":\"https:\\\/\\\/www.wwhenry.com\\\/wp-content\\\/uploads\\\/2026\\\/04\\\/HenryARDEXGROUP_BrandLogo_Reflex-Blue.png\",\"width\":3300,\"height\":2550},{\"@type\":\"BreadcrumbList\",\"@id\":\"https:\\\/\\\/www.wwhenry.com\\\/es\\\/sobre-nosotros\\\/#breadcrumb\",\"itemListElement\":[{\"@type\":\"ListItem\",\"position\":1,\"name\":\"Inicio\",\"item\":\"https:\\\/\\\/www.wwhenry.com\\\/es\\\/\"},{\"@type\":\"ListItem\",\"position\":2,\"name\":\"Sobre Nosotros\"}]},{\"@type\":\"WebSite\",\"@id\":\"https:\\\/\\\/www.wwhenry.com\\\/#website\",\"url\":\"https:\\\/\\\/www.wwhenry.com\\\/\",\"name\":\"WW Henry\",\"description\":\"The Professionals&#039; Formula for Success\",\"potentialAction\":[{\"@type\":\"SearchAction\",\"target\":{\"@type\":\"EntryPoint\",\"urlTemplate\":\"https:\\\/\\\/www.wwhenry.com\\\/?s={search_term_string}\"},\"query-input\":{\"@type\":\"PropertyValueSpecification\",\"valueRequired\":true,\"valueName\":\"search_term_string\"}}],\"inLanguage\":\"es\"}]}<\/script>\n<!-- \/ Yoast SEO Premium plugin. -->","yoast_head_json":{"title":"HENRY: 75 years and going strong","description":"In 2000 HENRY became a brand under ARDEX Americas, and it continues to be at the forefront of solutio offerings for all types of flooring installations.","robots":{"index":"index","follow":"follow","max-snippet":"max-snippet:-1","max-image-preview":"max-image-preview:large","max-video-preview":"max-video-preview:-1"},"canonical":"https:\/\/www.wwhenry.com\/es\/sobre-nosotros\/","og_locale":"es_ES","og_type":"article","og_title":"Sobre Nosotros","og_description":"In 2000 HENRY became a brand under ARDEX Americas, and it continues to be at the forefront of solutio offerings for all types of flooring installations.","og_url":"https:\/\/www.wwhenry.com\/es\/sobre-nosotros\/","og_site_name":"WW Henry","article_publisher":"https:\/\/www.facebook.com\/ARDEXAmericas\/","article_modified_time":"2022-06-06T15:48:50+00:00","og_image":[{"width":1754,"height":451,"url":"https:\/\/www.wwhenry.com\/wp-content\/uploads\/2018\/10\/HENRY-BuildingOn-BLUE_edited.jpg","type":"image\/jpeg"}],"twitter_card":"summary_large_image","twitter_site":"@ARDEXAmericas","twitter_misc":{"Tiempo de lectura":"3 minutos"},"schema":{"@context":"https:\/\/schema.org","@graph":[{"@type":"WebPage","@id":"https:\/\/www.wwhenry.com\/es\/sobre-nosotros\/","url":"https:\/\/www.wwhenry.com\/es\/sobre-nosotros\/","name":"HENRY: 75 years and going strong","isPartOf":{"@id":"https:\/\/www.wwhenry.com\/#website"},"primaryImageOfPage":{"@id":"https:\/\/www.wwhenry.com\/es\/sobre-nosotros\/#primaryimage"},"image":{"@id":"https:\/\/www.wwhenry.com\/es\/sobre-nosotros\/#primaryimage"},"thumbnailUrl":"https:\/\/www.wwhenry.com\/wp-content\/uploads\/2026\/04\/HenryARDEXGROUP_BrandLogo_Reflex-Blue.png","datePublished":"2017-05-10T14:43:00+00:00","dateModified":"2022-06-06T15:48:50+00:00","description":"In 2000 HENRY became a brand under ARDEX Americas, and it continues to be at the forefront of solutio offerings for all types of flooring installations.","breadcrumb":{"@id":"https:\/\/www.wwhenry.com\/es\/sobre-nosotros\/#breadcrumb"},"inLanguage":"es","potentialAction":[{"@type":"ReadAction","target":["https:\/\/www.wwhenry.com\/es\/sobre-nosotros\/"]}]},{"@type":"ImageObject","inLanguage":"es","@id":"https:\/\/www.wwhenry.com\/es\/sobre-nosotros\/#primaryimage","url":"https:\/\/www.wwhenry.com\/wp-content\/uploads\/2026\/04\/HenryARDEXGROUP_BrandLogo_Reflex-Blue.png","contentUrl":"https:\/\/www.wwhenry.com\/wp-content\/uploads\/2026\/04\/HenryARDEXGROUP_BrandLogo_Reflex-Blue.png","width":3300,"height":2550},{"@type":"BreadcrumbList","@id":"https:\/\/www.wwhenry.com\/es\/sobre-nosotros\/#breadcrumb","itemListElement":[{"@type":"ListItem","position":1,"name":"Inicio","item":"https:\/\/www.wwhenry.com\/es\/"},{"@type":"ListItem","position":2,"name":"Sobre Nosotros"}]},{"@type":"WebSite","@id":"https:\/\/www.wwhenry.com\/#website","url":"https:\/\/www.wwhenry.com\/","name":"WW Henry","description":"The Professionals&#039; Formula for Success","potentialAction":[{"@type":"SearchAction","target":{"@type":"EntryPoint","urlTemplate":"https:\/\/www.wwhenry.com\/?s={search_term_string}"},"query-input":{"@type":"PropertyValueSpecification","valueRequired":true,"valueName":"search_term_string"}}],"inLanguage":"es"}]}},"_links":{"self":[{"href":"https:\/\/www.wwhenry.com\/es\/wp-json\/wp\/v2\/pages\/41246","targetHints":{"allow":["GET"]}}],"collection":[{"href":"https:\/\/www.wwhenry.com\/es\/wp-json\/wp\/v2\/pages"}],"about":[{"href":"https:\/\/www.wwhenry.com\/es\/wp-json\/wp\/v2\/types\/page"}],"author":[{"embeddable":true,"href":"https:\/\/www.wwhenry.com\/es\/wp-json\/wp\/v2\/users\/42"}],"replies":[{"embeddable":true,"href":"https:\/\/www.wwhenry.com\/es\/wp-json\/wp\/v2\/comments?post=41246"}],"version-history":[{"count":0,"href":"https:\/\/www.wwhenry.com\/es\/wp-json\/wp\/v2\/pages\/41246\/revisions"}],"wp:featuredmedia":[{"embeddable":true,"href":"https:\/\/www.wwhenry.com\/es\/wp-json\/wp\/v2\/media\/42430"}],"wp:attachment":[{"href":"https:\/\/www.wwhenry.com\/es\/wp-json\/wp\/v2\/media?parent=41246"}],"curies":[{"name":"wp","href":"https:\/\/api.w.org\/{rel}","templated":true}]}}