{"id":41243,"date":"2018-05-16T09:49:33","date_gmt":"2018-05-16T13:49:33","guid":{"rendered":"https:\/\/www.wwhenry.com\/careers\/"},"modified":"2022-06-06T10:14:26","modified_gmt":"2022-06-06T14:14:26","slug":"carreras","status":"publish","type":"page","link":"https:\/\/www.wwhenry.com\/es\/sobre-nosotros\/carreras\/","title":{"rendered":"CARRERAS"},"content":{"rendered":"<p>La compa\u00f1\u00eda W. W. Henry es una divisi\u00f3n de ARDEX Americas. \u00a1\u00danase a nuestro equipo y ay\u00fadenos a dar forma a nuestro futuro juntos!<\/p>\n<p>ARDEX Americas tiene su oficina central cerca de Pittsburgh, Pennsylvania, a unos 20 minutos al norte del Aeropuerto Internacional de Pittsburgh. Tambi\u00e9n tenemos oficinas en Bourbonnais, Illinois; Mansfield, Texas; Stockton, California y Dallas, Georgia.<\/p>\n<p>Ya sea que busque un puesto para principiantes o que busque avanzar su carrera, es posible que ARDEX Americas tenga la oportunidad que desea.<\/p>\n<p><a href=\"https:\/\/ardexamericas.atsondemand.com\/index.cfm?\"><img decoding=\"async\" class=\"alignnone wp-image-18240 \" src=\"https:\/\/www.wwhenry.com\/wp-content\/uploads\/2018\/08\/button-view-open-positions-spanish-300x100.png\" alt=\"\" width=\"195\" height=\"65\" srcset=\"https:\/\/www.wwhenry.com\/wp-content\/uploads\/2018\/08\/button-view-open-positions-spanish-300x100.png 300w, https:\/\/www.wwhenry.com\/wp-content\/uploads\/2018\/08\/button-view-open-positions-spanish.png 572w\" sizes=\"(max-width: 195px) 100vw, 195px\" \/><\/a><\/p>\n<p>Si no se encuentra un puesto inmediato para sus habilidades o ubicaci\u00f3n preferida, comun\u00edquese con nuestro equipo de Recursos Humanos para una conversaci\u00f3n confidencial referente a posibles puestos futuros en los EE.UU. o Canad\u00e1:\u00a0<a href=\"mailto:careers@ardexamericas.com\">careers@ardexamericas.com<\/a>.<\/p>\n<h4>Premio a su destacado compromiso con la Educaci\u00f3n y el Desarrollo de los Empleados<\/h4>\n<p><img decoding=\"async\" class=\"wp-image-21060\" src=\"https:\/\/www.wwhenry.com\/wp-content\/uploads\/2018\/10\/EP_Award_Round-300x300.jpg\" alt=\"\" width=\"172\" height=\"172\" srcset=\"https:\/\/www.wwhenry.com\/wp-content\/uploads\/2018\/10\/EP_Award_Round-300x300.jpg 300w, https:\/\/www.wwhenry.com\/wp-content\/uploads\/2018\/10\/EP_Award_Round-150x150.jpg 150w, https:\/\/www.wwhenry.com\/wp-content\/uploads\/2018\/10\/EP_Award_Round-768x768.jpg 768w, https:\/\/www.wwhenry.com\/wp-content\/uploads\/2018\/10\/EP_Award_Round-1024x1024.jpg 1024w, https:\/\/www.wwhenry.com\/wp-content\/uploads\/2018\/10\/EP_Award_Round-160x160.jpg 160w, https:\/\/www.wwhenry.com\/wp-content\/uploads\/2018\/10\/EP_Award_Round-446x446.jpg 446w, https:\/\/www.wwhenry.com\/wp-content\/uploads\/2018\/10\/EP_Award_Round-936x936.jpg 936w, https:\/\/www.wwhenry.com\/wp-content\/uploads\/2018\/10\/EP_Award_Round.jpg 1250w\" sizes=\"(max-width: 172px) 100vw, 172px\" \/><\/p>\n<p>&nbsp;<\/p>\n","protected":false},"excerpt":{"rendered":"<p>La compa\u00f1\u00eda W. W. Henry es una divisi\u00f3n de ARDEX Americas. \u00a1\u00danase a nuestro equipo y ay\u00fadenos a dar forma a nuestro futuro juntos! ARDEX Americas tiene su oficina central cerca de Pittsburgh, Pennsylvania, a unos 20 minutos al norte \u2026<\/p>\n","protected":false},"author":42,"featured_media":12484,"parent":41246,"menu_order":0,"comment_status":"closed","ping_status":"closed","template":"page-overview.php","meta":{"_acf_changed":false,"footnotes":""},"class_list":["post-41243","page","type-page","status-publish","has-post-thumbnail","hentry"],"acf":[],"yoast_head":"<!-- This site is optimized with the Yoast SEO Premium plugin v27.3 (Yoast SEO v27.3) - https:\/\/yoast.com\/product\/yoast-seo-premium-wordpress\/ -->\n<title>HENRY Carreras: \u00a1Vea nuestros puestos disponibles ahora!<\/title>\n<meta name=\"description\" content=\"\u00bfQuieres comenzar una carrera con HENRY? Desde principiantes hasta avanzar su carrera, es posible que tengamos la oportunidad que desea.\" \/>\n<meta name=\"robots\" content=\"index, follow, max-snippet:-1, max-image-preview:large, max-video-preview:-1\" \/>\n<link rel=\"canonical\" href=\"https:\/\/www.wwhenry.com\/es\/carreras\/\" \/>\n<meta property=\"og:locale\" content=\"es_ES\" \/>\n<meta property=\"og:type\" content=\"article\" \/>\n<meta property=\"og:title\" content=\"CARRERAS\" \/>\n<meta property=\"og:description\" content=\"\u00bfQuieres comenzar una carrera con HENRY? Desde principiantes hasta avanzar su carrera, es posible que tengamos la oportunidad que desea.\" \/>\n<meta property=\"og:url\" content=\"https:\/\/www.wwhenry.com\/es\/carreras\/\" \/>\n<meta property=\"og:site_name\" content=\"WW Henry\" \/>\n<meta property=\"article:publisher\" content=\"https:\/\/www.facebook.com\/ARDEXAmericas\/\" \/>\n<meta property=\"article:modified_time\" content=\"2022-06-06T14:14:26+00:00\" \/>\n<meta property=\"og:image\" content=\"https:\/\/www.wwhenry.com\/wp-content\/uploads\/ARDEX-careers-overview-f.jpg\" \/>\n\t<meta property=\"og:image:width\" content=\"1872\" \/>\n\t<meta property=\"og:image:height\" content=\"820\" \/>\n\t<meta property=\"og:image:type\" content=\"image\/jpeg\" \/>\n<meta name=\"twitter:card\" content=\"summary_large_image\" \/>\n<meta name=\"twitter:site\" content=\"@ARDEXAmericas\" \/>\n<meta name=\"twitter:label1\" content=\"Tiempo de lectura\" \/>\n\t<meta name=\"twitter:data1\" content=\"1 minuto\" \/>\n<script type=\"application\/ld+json\" class=\"yoast-schema-graph\">{\"@context\":\"https:\\\/\\\/schema.org\",\"@graph\":[{\"@type\":\"WebPage\",\"@id\":\"https:\\\/\\\/www.wwhenry.com\\\/es\\\/carreras\\\/\",\"url\":\"https:\\\/\\\/www.wwhenry.com\\\/es\\\/carreras\\\/\",\"name\":\"HENRY Carreras: \u00a1Vea nuestros puestos disponibles ahora!\",\"isPartOf\":{\"@id\":\"https:\\\/\\\/www.wwhenry.com\\\/#website\"},\"primaryImageOfPage\":{\"@id\":\"https:\\\/\\\/www.wwhenry.com\\\/es\\\/carreras\\\/#primaryimage\"},\"image\":{\"@id\":\"https:\\\/\\\/www.wwhenry.com\\\/es\\\/carreras\\\/#primaryimage\"},\"thumbnailUrl\":\"https:\\\/\\\/www.wwhenry.com\\\/wp-content\\\/uploads\\\/ARDEX-careers-overview-f.jpg\",\"datePublished\":\"2018-05-16T13:49:33+00:00\",\"dateModified\":\"2022-06-06T14:14:26+00:00\",\"description\":\"\u00bfQuieres comenzar una carrera con HENRY? Desde principiantes hasta avanzar su carrera, es posible que tengamos la oportunidad que desea.\",\"breadcrumb\":{\"@id\":\"https:\\\/\\\/www.wwhenry.com\\\/es\\\/carreras\\\/#breadcrumb\"},\"inLanguage\":\"es\",\"potentialAction\":[{\"@type\":\"ReadAction\",\"target\":[\"https:\\\/\\\/www.wwhenry.com\\\/es\\\/carreras\\\/\"]}]},{\"@type\":\"ImageObject\",\"inLanguage\":\"es\",\"@id\":\"https:\\\/\\\/www.wwhenry.com\\\/es\\\/carreras\\\/#primaryimage\",\"url\":\"https:\\\/\\\/www.wwhenry.com\\\/wp-content\\\/uploads\\\/ARDEX-careers-overview-f.jpg\",\"contentUrl\":\"https:\\\/\\\/www.wwhenry.com\\\/wp-content\\\/uploads\\\/ARDEX-careers-overview-f.jpg\",\"width\":1872,\"height\":820},{\"@type\":\"BreadcrumbList\",\"@id\":\"https:\\\/\\\/www.wwhenry.com\\\/es\\\/carreras\\\/#breadcrumb\",\"itemListElement\":[{\"@type\":\"ListItem\",\"position\":1,\"name\":\"Inicio\",\"item\":\"https:\\\/\\\/www.wwhenry.com\\\/es\\\/\"},{\"@type\":\"ListItem\",\"position\":2,\"name\":\"CARRERAS\"}]},{\"@type\":\"WebSite\",\"@id\":\"https:\\\/\\\/www.wwhenry.com\\\/#website\",\"url\":\"https:\\\/\\\/www.wwhenry.com\\\/\",\"name\":\"WW Henry\",\"description\":\"The Professionals&#039; Formula for Success\",\"potentialAction\":[{\"@type\":\"SearchAction\",\"target\":{\"@type\":\"EntryPoint\",\"urlTemplate\":\"https:\\\/\\\/www.wwhenry.com\\\/?s={search_term_string}\"},\"query-input\":{\"@type\":\"PropertyValueSpecification\",\"valueRequired\":true,\"valueName\":\"search_term_string\"}}],\"inLanguage\":\"es\"}]}<\/script>\n<!-- \/ Yoast SEO Premium plugin. -->","yoast_head_json":{"title":"HENRY Carreras: \u00a1Vea nuestros puestos disponibles ahora!","description":"\u00bfQuieres comenzar una carrera con HENRY? Desde principiantes hasta avanzar su carrera, es posible que tengamos la oportunidad que desea.","robots":{"index":"index","follow":"follow","max-snippet":"max-snippet:-1","max-image-preview":"max-image-preview:large","max-video-preview":"max-video-preview:-1"},"canonical":"https:\/\/www.wwhenry.com\/es\/carreras\/","og_locale":"es_ES","og_type":"article","og_title":"CARRERAS","og_description":"\u00bfQuieres comenzar una carrera con HENRY? Desde principiantes hasta avanzar su carrera, es posible que tengamos la oportunidad que desea.","og_url":"https:\/\/www.wwhenry.com\/es\/carreras\/","og_site_name":"WW Henry","article_publisher":"https:\/\/www.facebook.com\/ARDEXAmericas\/","article_modified_time":"2022-06-06T14:14:26+00:00","og_image":[{"width":1872,"height":820,"url":"https:\/\/www.wwhenry.com\/wp-content\/uploads\/ARDEX-careers-overview-f.jpg","type":"image\/jpeg"}],"twitter_card":"summary_large_image","twitter_site":"@ARDEXAmericas","twitter_misc":{"Tiempo de lectura":"1 minuto"},"schema":{"@context":"https:\/\/schema.org","@graph":[{"@type":"WebPage","@id":"https:\/\/www.wwhenry.com\/es\/carreras\/","url":"https:\/\/www.wwhenry.com\/es\/carreras\/","name":"HENRY Carreras: \u00a1Vea nuestros puestos disponibles ahora!","isPartOf":{"@id":"https:\/\/www.wwhenry.com\/#website"},"primaryImageOfPage":{"@id":"https:\/\/www.wwhenry.com\/es\/carreras\/#primaryimage"},"image":{"@id":"https:\/\/www.wwhenry.com\/es\/carreras\/#primaryimage"},"thumbnailUrl":"https:\/\/www.wwhenry.com\/wp-content\/uploads\/ARDEX-careers-overview-f.jpg","datePublished":"2018-05-16T13:49:33+00:00","dateModified":"2022-06-06T14:14:26+00:00","description":"\u00bfQuieres comenzar una carrera con HENRY? Desde principiantes hasta avanzar su carrera, es posible que tengamos la oportunidad que desea.","breadcrumb":{"@id":"https:\/\/www.wwhenry.com\/es\/carreras\/#breadcrumb"},"inLanguage":"es","potentialAction":[{"@type":"ReadAction","target":["https:\/\/www.wwhenry.com\/es\/carreras\/"]}]},{"@type":"ImageObject","inLanguage":"es","@id":"https:\/\/www.wwhenry.com\/es\/carreras\/#primaryimage","url":"https:\/\/www.wwhenry.com\/wp-content\/uploads\/ARDEX-careers-overview-f.jpg","contentUrl":"https:\/\/www.wwhenry.com\/wp-content\/uploads\/ARDEX-careers-overview-f.jpg","width":1872,"height":820},{"@type":"BreadcrumbList","@id":"https:\/\/www.wwhenry.com\/es\/carreras\/#breadcrumb","itemListElement":[{"@type":"ListItem","position":1,"name":"Inicio","item":"https:\/\/www.wwhenry.com\/es\/"},{"@type":"ListItem","position":2,"name":"CARRERAS"}]},{"@type":"WebSite","@id":"https:\/\/www.wwhenry.com\/#website","url":"https:\/\/www.wwhenry.com\/","name":"WW Henry","description":"The Professionals&#039; Formula for Success","potentialAction":[{"@type":"SearchAction","target":{"@type":"EntryPoint","urlTemplate":"https:\/\/www.wwhenry.com\/?s={search_term_string}"},"query-input":{"@type":"PropertyValueSpecification","valueRequired":true,"valueName":"search_term_string"}}],"inLanguage":"es"}]}},"_links":{"self":[{"href":"https:\/\/www.wwhenry.com\/es\/wp-json\/wp\/v2\/pages\/41243","targetHints":{"allow":["GET"]}}],"collection":[{"href":"https:\/\/www.wwhenry.com\/es\/wp-json\/wp\/v2\/pages"}],"about":[{"href":"https:\/\/www.wwhenry.com\/es\/wp-json\/wp\/v2\/types\/page"}],"author":[{"embeddable":true,"href":"https:\/\/www.wwhenry.com\/es\/wp-json\/wp\/v2\/users\/42"}],"replies":[{"embeddable":true,"href":"https:\/\/www.wwhenry.com\/es\/wp-json\/wp\/v2\/comments?post=41243"}],"version-history":[{"count":0,"href":"https:\/\/www.wwhenry.com\/es\/wp-json\/wp\/v2\/pages\/41243\/revisions"}],"up":[{"embeddable":true,"href":"https:\/\/www.wwhenry.com\/es\/wp-json\/wp\/v2\/pages\/41246"}],"wp:featuredmedia":[{"embeddable":true,"href":"https:\/\/www.wwhenry.com\/es\/wp-json\/wp\/v2\/media\/12484"}],"wp:attachment":[{"href":"https:\/\/www.wwhenry.com\/es\/wp-json\/wp\/v2\/media?parent=41243"}],"curies":[{"name":"wp","href":"https:\/\/api.w.org\/{rel}","templated":true}]}}