{"id":41230,"date":"2017-05-12T12:37:07","date_gmt":"2017-05-12T16:37:07","guid":{"rendered":"https:\/\/www.wwhenry.com\/sustainability\/"},"modified":"2022-06-06T14:02:48","modified_gmt":"2022-06-06T18:02:48","slug":"sostenibilidad","status":"publish","type":"page","link":"https:\/\/www.wwhenry.com\/es\/sobre-nosotros\/sostenibilidad\/","title":{"rendered":"Sostenibilidad"},"content":{"rendered":"<p>HENRY est\u00e1 totalmente comprometido con la protecci\u00f3n y el mantenimiento de nuestro medio ambiente. Aceptamos la responsabilidad de contribuir para pasar a nuestros hijos y a las generaciones venideras un mundo mejor y m\u00e1s seguro donde vivir.<\/p>\n<p>El compromiso de HENRY con el desarrollo sostenible incluye:<\/p>\n<ul>\n<li>Desarrollo de productos amigables con el medio ambiente<\/li>\n<li>El impacto que tienen nuestras instalaciones en el entorno que las rodea<\/li>\n<li>Brindar apoyo y est\u00edmulo a nuestros empleados para que act\u00faen como administradores de nuestro planeta y sus recursos.<\/li>\n<\/ul>\n<p>En nuestras operaciones diarias no tratamos solo de cumplir con las regulaciones ambientales c\u00edvicas y de la industria sino que hacemos todo lo posible para tener en cuenta el impacto ambiental de nuestros productos durante la investigaci\u00f3n y el desarrollo de nuestros procesos de fabricaci\u00f3n y para comprender qu\u00e9 efectos pueden tener nuestros productos en el medio ambiente al ser usados.<\/p>\n<p>Para HENRY, continuar haciendo mejoras ambientales en nuestros productos, en nuestras instalaciones y en nuestros procesos es una prioridad muy importante \u00a1porque es la forma correcta de hacer las cosas!<\/p>\n<p><strong><span lang=\"ES-DO\">Adhesivos HENRY\u00ae GreenLine\u2122<\/span><\/strong><\/p>\n<p>A medida que desarrollamos productos, el equipo de desarrollo e investigaci\u00f3n de HENRY, compuesto por cient\u00edficos y t\u00e9cnicos altamente experimentados, trabaja incansablemente para desarrollar nuevas f\u00f3rmulas que reduzcan la huella ecol\u00f3gica de nuestros productos al consumir menos recursos naturales, utilizar materiales reciclados, reducir las emisiones y otras mejoras que tendr\u00e1n un impacto ambiental positivo. A veces es lo que un producto no tiene, lo que lo hace mejor.<\/p>\n<ol>\n<li>Bajas emisiones de COV<\/li>\n<li>Sin olor<\/li>\n<li>Contribuye a puntos LEED<\/li>\n<\/ol>\n<p>HENRY fue la primera empresa de adhesivos que en la d\u00e9cada de los 90s introdujo adhesivos a base de agua que eliminaban los solventes. Con la presentaci\u00f3n de la tecnolog\u00eda ambiental HENRY GreenLine\u2122, tambi\u00e9n fuimos los primeros en introducir emisiones ultrabajas de COV y poco olor en los adhesivos para pisos.<\/p>\n<p>Al usar los adhesivos HENRY\u00ae GreenLine\u2122, nuestros clientes no tienen que sacrificar la calidad o el rendimiento por una soluci\u00f3n ecol\u00f3gica. Los adhesivos HENRY son productos confiables y de alto rendimiento respaldados por m\u00e1s de 75 a\u00f1os como la f\u00f3rmula profesional para el \u00e9xito y un firme compromiso con la protecci\u00f3n del medio ambiente.<\/p>\n<p><strong><span lang=\"ES-DO\">Adhesivos HENRY\u00ae de base biol\u00f3gica<\/span><\/strong><\/p>\n<p>Creado por la Ley de Seguridad Agr\u00edcola e Inversi\u00f3n Rural de 2002 y ampliado por la Ley de Alimentos, Conservaci\u00f3n y Energ\u00eda de 2008, el programa BioPreferred del Departamento de Agricultura de los Estados Unidos (USDA) obtuvo el respaldo de la Oficina Oval en 2012, alentando el aumento en el uso hasta en un 50 por ciento. Los productos de base biol\u00f3gica como HENRY\u00ae 682 LinoLock y HENRY\u00ae 622 VinylBond superan los requisitos de contenido de carbono de base biol\u00f3gica (ASTM D6866).<\/p>\n<p><strong><span lang=\"ES-DO\">Un amplio compromiso corporativo<\/span><\/strong><\/p>\n<p>Para m\u00e1s informaci\u00f3n sobre la cultura y el compromiso de nuestra empresa, visite la p\u00e1gina de <a href=\"https:\/\/www.ardexamericas.com\/es\/sobre-nosotros\/carreras\/cultura\/\">cultura<\/a> de ARDEX Americas o nuestra p\u00e1gina de <a href=\"https:\/\/www.ardexamericas.com\/es\/sobre-nosotros\/carreras\/comunidad-compromiso\/\">compromiso con la comunidad<\/a>.<\/p>\n","protected":false},"excerpt":{"rendered":"<p>HENRY est\u00e1 totalmente comprometido con la protecci\u00f3n y el mantenimiento de nuestro medio ambiente. Aceptamos la responsabilidad de contribuir para pasar a nuestros hijos y a las generaciones venideras un mundo mejor y m\u00e1s seguro donde vivir. El compromiso de \u2026<\/p>\n","protected":false},"author":42,"featured_media":17737,"parent":41246,"menu_order":0,"comment_status":"closed","ping_status":"closed","template":"page-overview.php","meta":{"_acf_changed":false,"footnotes":""},"class_list":["post-41230","page","type-page","status-publish","has-post-thumbnail","hentry"],"acf":[],"yoast_head":"<!-- This site is optimized with the Yoast SEO Premium plugin v27.3 (Yoast SEO v27.3) - https:\/\/yoast.com\/product\/yoast-seo-premium-wordpress\/ -->\n<title>Sostenibilidad y HENRY<\/title>\n<meta name=\"description\" content=\"HENRY est\u00e1 totalmente comprometido con la protecci\u00f3n y el mantenimiento de nuestro medio ambiente.\" \/>\n<meta name=\"robots\" content=\"index, follow, max-snippet:-1, max-image-preview:large, max-video-preview:-1\" \/>\n<link rel=\"canonical\" href=\"https:\/\/www.wwhenry.com\/es\/sobre-nosotros\/sostenibilidad\/\" \/>\n<meta property=\"og:locale\" content=\"es_ES\" \/>\n<meta property=\"og:type\" content=\"article\" \/>\n<meta property=\"og:title\" content=\"Sostenibilidad\" \/>\n<meta property=\"og:description\" content=\"HENRY est\u00e1 totalmente comprometido con la protecci\u00f3n y el mantenimiento de nuestro medio ambiente.\" \/>\n<meta property=\"og:url\" content=\"https:\/\/www.wwhenry.com\/es\/sobre-nosotros\/sostenibilidad\/\" \/>\n<meta property=\"og:site_name\" content=\"WW Henry\" \/>\n<meta property=\"article:publisher\" content=\"https:\/\/www.facebook.com\/ARDEXAmericas\/\" \/>\n<meta property=\"article:modified_time\" content=\"2022-06-06T18:02:48+00:00\" \/>\n<meta property=\"og:image\" content=\"https:\/\/www.wwhenry.com\/wp-content\/uploads\/2018\/08\/Sustainability-main-header-1024x449.jpg\" \/>\n\t<meta property=\"og:image:width\" content=\"1024\" \/>\n\t<meta property=\"og:image:height\" content=\"449\" \/>\n\t<meta property=\"og:image:type\" content=\"image\/jpeg\" \/>\n<meta name=\"twitter:card\" content=\"summary_large_image\" \/>\n<meta name=\"twitter:site\" content=\"@ARDEXAmericas\" \/>\n<meta name=\"twitter:label1\" content=\"Tiempo de lectura\" \/>\n\t<meta name=\"twitter:data1\" content=\"3 minutos\" \/>\n<script type=\"application\/ld+json\" class=\"yoast-schema-graph\">{\"@context\":\"https:\\\/\\\/schema.org\",\"@graph\":[{\"@type\":\"WebPage\",\"@id\":\"https:\\\/\\\/www.wwhenry.com\\\/es\\\/sobre-nosotros\\\/sostenibilidad\\\/\",\"url\":\"https:\\\/\\\/www.wwhenry.com\\\/es\\\/sobre-nosotros\\\/sostenibilidad\\\/\",\"name\":\"Sostenibilidad y HENRY\",\"isPartOf\":{\"@id\":\"https:\\\/\\\/www.wwhenry.com\\\/#website\"},\"primaryImageOfPage\":{\"@id\":\"https:\\\/\\\/www.wwhenry.com\\\/es\\\/sobre-nosotros\\\/sostenibilidad\\\/#primaryimage\"},\"image\":{\"@id\":\"https:\\\/\\\/www.wwhenry.com\\\/es\\\/sobre-nosotros\\\/sostenibilidad\\\/#primaryimage\"},\"thumbnailUrl\":\"https:\\\/\\\/www.wwhenry.com\\\/wp-content\\\/uploads\\\/2018\\\/08\\\/Sustainability-main-header.jpg\",\"datePublished\":\"2017-05-12T16:37:07+00:00\",\"dateModified\":\"2022-06-06T18:02:48+00:00\",\"description\":\"HENRY est\u00e1 totalmente comprometido con la protecci\u00f3n y el mantenimiento de nuestro medio ambiente.\",\"breadcrumb\":{\"@id\":\"https:\\\/\\\/www.wwhenry.com\\\/es\\\/sobre-nosotros\\\/sostenibilidad\\\/#breadcrumb\"},\"inLanguage\":\"es\",\"potentialAction\":[{\"@type\":\"ReadAction\",\"target\":[\"https:\\\/\\\/www.wwhenry.com\\\/es\\\/sobre-nosotros\\\/sostenibilidad\\\/\"]}]},{\"@type\":\"ImageObject\",\"inLanguage\":\"es\",\"@id\":\"https:\\\/\\\/www.wwhenry.com\\\/es\\\/sobre-nosotros\\\/sostenibilidad\\\/#primaryimage\",\"url\":\"https:\\\/\\\/www.wwhenry.com\\\/wp-content\\\/uploads\\\/2018\\\/08\\\/Sustainability-main-header.jpg\",\"contentUrl\":\"https:\\\/\\\/www.wwhenry.com\\\/wp-content\\\/uploads\\\/2018\\\/08\\\/Sustainability-main-header.jpg\",\"width\":1872,\"height\":820,\"caption\":\"Trees inside of a building,new york\"},{\"@type\":\"BreadcrumbList\",\"@id\":\"https:\\\/\\\/www.wwhenry.com\\\/es\\\/sobre-nosotros\\\/sostenibilidad\\\/#breadcrumb\",\"itemListElement\":[{\"@type\":\"ListItem\",\"position\":1,\"name\":\"Inicio\",\"item\":\"https:\\\/\\\/www.wwhenry.com\\\/es\\\/\"},{\"@type\":\"ListItem\",\"position\":2,\"name\":\"Sobre Nosotros\",\"item\":\"https:\\\/\\\/www.wwhenry.com\\\/es\\\/sobre-nosotros\\\/\"},{\"@type\":\"ListItem\",\"position\":3,\"name\":\"Sostenibilidad\"}]},{\"@type\":\"WebSite\",\"@id\":\"https:\\\/\\\/www.wwhenry.com\\\/#website\",\"url\":\"https:\\\/\\\/www.wwhenry.com\\\/\",\"name\":\"WW Henry\",\"description\":\"The Professionals&#039; Formula for Success\",\"potentialAction\":[{\"@type\":\"SearchAction\",\"target\":{\"@type\":\"EntryPoint\",\"urlTemplate\":\"https:\\\/\\\/www.wwhenry.com\\\/?s={search_term_string}\"},\"query-input\":{\"@type\":\"PropertyValueSpecification\",\"valueRequired\":true,\"valueName\":\"search_term_string\"}}],\"inLanguage\":\"es\"}]}<\/script>\n<!-- \/ Yoast SEO Premium plugin. -->","yoast_head_json":{"title":"Sostenibilidad y HENRY","description":"HENRY est\u00e1 totalmente comprometido con la protecci\u00f3n y el mantenimiento de nuestro medio ambiente.","robots":{"index":"index","follow":"follow","max-snippet":"max-snippet:-1","max-image-preview":"max-image-preview:large","max-video-preview":"max-video-preview:-1"},"canonical":"https:\/\/www.wwhenry.com\/es\/sobre-nosotros\/sostenibilidad\/","og_locale":"es_ES","og_type":"article","og_title":"Sostenibilidad","og_description":"HENRY est\u00e1 totalmente comprometido con la protecci\u00f3n y el mantenimiento de nuestro medio ambiente.","og_url":"https:\/\/www.wwhenry.com\/es\/sobre-nosotros\/sostenibilidad\/","og_site_name":"WW Henry","article_publisher":"https:\/\/www.facebook.com\/ARDEXAmericas\/","article_modified_time":"2022-06-06T18:02:48+00:00","og_image":[{"width":1024,"height":449,"url":"https:\/\/www.wwhenry.com\/wp-content\/uploads\/2018\/08\/Sustainability-main-header-1024x449.jpg","type":"image\/jpeg"}],"twitter_card":"summary_large_image","twitter_site":"@ARDEXAmericas","twitter_misc":{"Tiempo de lectura":"3 minutos"},"schema":{"@context":"https:\/\/schema.org","@graph":[{"@type":"WebPage","@id":"https:\/\/www.wwhenry.com\/es\/sobre-nosotros\/sostenibilidad\/","url":"https:\/\/www.wwhenry.com\/es\/sobre-nosotros\/sostenibilidad\/","name":"Sostenibilidad y HENRY","isPartOf":{"@id":"https:\/\/www.wwhenry.com\/#website"},"primaryImageOfPage":{"@id":"https:\/\/www.wwhenry.com\/es\/sobre-nosotros\/sostenibilidad\/#primaryimage"},"image":{"@id":"https:\/\/www.wwhenry.com\/es\/sobre-nosotros\/sostenibilidad\/#primaryimage"},"thumbnailUrl":"https:\/\/www.wwhenry.com\/wp-content\/uploads\/2018\/08\/Sustainability-main-header.jpg","datePublished":"2017-05-12T16:37:07+00:00","dateModified":"2022-06-06T18:02:48+00:00","description":"HENRY est\u00e1 totalmente comprometido con la protecci\u00f3n y el mantenimiento de nuestro medio ambiente.","breadcrumb":{"@id":"https:\/\/www.wwhenry.com\/es\/sobre-nosotros\/sostenibilidad\/#breadcrumb"},"inLanguage":"es","potentialAction":[{"@type":"ReadAction","target":["https:\/\/www.wwhenry.com\/es\/sobre-nosotros\/sostenibilidad\/"]}]},{"@type":"ImageObject","inLanguage":"es","@id":"https:\/\/www.wwhenry.com\/es\/sobre-nosotros\/sostenibilidad\/#primaryimage","url":"https:\/\/www.wwhenry.com\/wp-content\/uploads\/2018\/08\/Sustainability-main-header.jpg","contentUrl":"https:\/\/www.wwhenry.com\/wp-content\/uploads\/2018\/08\/Sustainability-main-header.jpg","width":1872,"height":820,"caption":"Trees inside of a building,new york"},{"@type":"BreadcrumbList","@id":"https:\/\/www.wwhenry.com\/es\/sobre-nosotros\/sostenibilidad\/#breadcrumb","itemListElement":[{"@type":"ListItem","position":1,"name":"Inicio","item":"https:\/\/www.wwhenry.com\/es\/"},{"@type":"ListItem","position":2,"name":"Sobre Nosotros","item":"https:\/\/www.wwhenry.com\/es\/sobre-nosotros\/"},{"@type":"ListItem","position":3,"name":"Sostenibilidad"}]},{"@type":"WebSite","@id":"https:\/\/www.wwhenry.com\/#website","url":"https:\/\/www.wwhenry.com\/","name":"WW Henry","description":"The Professionals&#039; Formula for Success","potentialAction":[{"@type":"SearchAction","target":{"@type":"EntryPoint","urlTemplate":"https:\/\/www.wwhenry.com\/?s={search_term_string}"},"query-input":{"@type":"PropertyValueSpecification","valueRequired":true,"valueName":"search_term_string"}}],"inLanguage":"es"}]}},"_links":{"self":[{"href":"https:\/\/www.wwhenry.com\/es\/wp-json\/wp\/v2\/pages\/41230","targetHints":{"allow":["GET"]}}],"collection":[{"href":"https:\/\/www.wwhenry.com\/es\/wp-json\/wp\/v2\/pages"}],"about":[{"href":"https:\/\/www.wwhenry.com\/es\/wp-json\/wp\/v2\/types\/page"}],"author":[{"embeddable":true,"href":"https:\/\/www.wwhenry.com\/es\/wp-json\/wp\/v2\/users\/42"}],"replies":[{"embeddable":true,"href":"https:\/\/www.wwhenry.com\/es\/wp-json\/wp\/v2\/comments?post=41230"}],"version-history":[{"count":0,"href":"https:\/\/www.wwhenry.com\/es\/wp-json\/wp\/v2\/pages\/41230\/revisions"}],"up":[{"embeddable":true,"href":"https:\/\/www.wwhenry.com\/es\/wp-json\/wp\/v2\/pages\/41246"}],"wp:featuredmedia":[{"embeddable":true,"href":"https:\/\/www.wwhenry.com\/es\/wp-json\/wp\/v2\/media\/17737"}],"wp:attachment":[{"href":"https:\/\/www.wwhenry.com\/es\/wp-json\/wp\/v2\/media?parent=41230"}],"curies":[{"name":"wp","href":"https:\/\/api.w.org\/{rel}","templated":true}]}}