{"id":41224,"date":"2018-10-16T14:55:09","date_gmt":"2018-10-16T18:55:09","guid":{"rendered":"https:\/\/www.wwhenry.com\/brands\/"},"modified":"2022-06-06T09:50:15","modified_gmt":"2022-06-06T13:50:15","slug":"las-marcas","status":"publish","type":"page","link":"https:\/\/www.wwhenry.com\/es\/sobre-nosotros\/las-marcas\/","title":{"rendered":"Las Marcas"},"content":{"rendered":"<h3><img decoding=\"async\" class=\"alignnone \" src=\"https:\/\/www.wwhenry.com\/wp-content\/uploads\/2018\/10\/HENRY-BuildingOn-BLUE_edited.jpg\" alt=\"HENRY logo\" width=\"132\" height=\"34\" \/><\/h3>\n<h3>Desde 1933, los profesionales de la instalaci\u00f3n de pisos, tanto comerciales como residenciales, han confiado en HENRY. La compa\u00f1\u00eda W.W. Henry es uno de los mayores fabricantes mundiales de adhesivos para la instalaci\u00f3n de pisos con una l\u00ednea completa de productos conocidos en la industria.<\/h3>\n<h3>HENRY es una de las cuatro marcas s\u00f3lidas que componen ARDEX Americas, dise\u00f1ada para satisfacer las necesidades de nuestros clientes en todo momento. Lea m\u00e1s sobre las otras tres marcas que componen ARDEX Americas a continuaci\u00f3n.<\/h3>\n<p>&nbsp;<\/p>\n<p><img decoding=\"async\" class=\"alignnone wp-image-8205\" src=\"https:\/\/www.wwhenry.com\/wp-content\/uploads\/\/ARDEX-black-pebble-logo-300x188.png\" alt=\"ARDEX PEBBLE\" width=\"113\" height=\"71\" srcset=\"https:\/\/www.wwhenry.com\/wp-content\/uploads\/ARDEX-black-pebble-logo-300x188.png 300w, https:\/\/www.wwhenry.com\/wp-content\/uploads\/ARDEX-black-pebble-logo-768x480.png 768w, https:\/\/www.wwhenry.com\/wp-content\/uploads\/ARDEX-black-pebble-logo-1024x640.png 1024w, https:\/\/www.wwhenry.com\/wp-content\/uploads\/ARDEX-black-pebble-logo-936x585.png 936w\" sizes=\"(max-width: 113px) 100vw, 113px\" \/><\/p>\n<p>ARDEX representa el liderazgo de tecnolog\u00eda e innovaci\u00f3n en todo el mundo. Es conocido por las innovaciones m\u00e1s avanzadas de la industria y las soluciones m\u00e1s consistentes a la prueba de tiempo para los desaf\u00edos m\u00e1s complejos de la construcci\u00f3n. El portafolio de productos incluye la reparaci\u00f3n y renovaci\u00f3n de concreto, la preparaci\u00f3n de la base, el control de humedad, y productos para la instalaci\u00f3n de losetas, piedras y otros tipos de pisos.<\/p>\n<p>&nbsp;<\/p>\n<p><img decoding=\"async\" class=\"alignnone \" src=\"https:\/\/www.wwhenry.com\/wp-content\/uploads\/2018\/10\/pandomo-logo-1011.png\" alt=\"PANDOMO LOGO\" width=\"165\" height=\"37\" \/><\/p>\n<p>PANDOMO logra los m\u00e1s altos requisitos de estilo, exclusividad y durabilidad. Los acabados sin juntas crean una impresi\u00f3n de espacios grandes. Utilizando una variedad de colores, tonalidades y t\u00e9cnicas, cada superficie PANDOMO define el espacio. <a href=\"https:\/\/www.ardexamericas.com\/es\/productos\/pandomo-es\/\">Haga un clic aqu\u00ed<\/a>\u00a0para descubrir m\u00e1s del portafolio de productos PANDOMO.<\/p>\n<p>&nbsp;<\/p>\n<p><img decoding=\"async\" class=\"alignnone \" src=\"https:\/\/www.wwhenry.com\/wp-content\/uploads\/2018\/10\/DTA.jpg\" alt=\"DTA LOGO\" width=\"77\" height=\"83\" \/><\/p>\n<p>DTA es una compa\u00f1\u00eda internacional y un proveedor l\u00edder de herramientas para losetas y pisos, accesorios y molduras en operaci\u00f3n por m\u00e1s de 40 a\u00f1os. DTA fabrica, importa y distribuye herramientas, accesorios y maquinaria de calidad para el mercado de pisos y paredes. El portafolio extensivo de productos de la marca DTA es bien conocido, pero tambi\u00e9n tenemos acuerdos con muchas marcas l\u00edderes internacionales en todo el mundo. Para mayores informes, visite\u00a0<a href=\"http:\/\/www.dtausagroup.com\/\">www.dtausagroup.com<\/a>.<\/p>\n<p>&nbsp;<\/p>\n","protected":false},"excerpt":{"rendered":"<p>Desde 1933, los profesionales de la instalaci\u00f3n de pisos, tanto comerciales como residenciales, han confiado en HENRY. La compa\u00f1\u00eda W.W. Henry es uno de los mayores fabricantes mundiales de adhesivos para la instalaci\u00f3n de pisos con una l\u00ednea completa de \u2026<\/p>\n","protected":false},"author":42,"featured_media":25611,"parent":41246,"menu_order":0,"comment_status":"closed","ping_status":"closed","template":"page-overview.php","meta":{"_acf_changed":false,"footnotes":""},"class_list":["post-41224","page","type-page","status-publish","has-post-thumbnail","hentry"],"acf":[],"yoast_head":"<!-- This site is optimized with the Yoast SEO Premium plugin v27.3 (Yoast SEO v27.3) - https:\/\/yoast.com\/product\/yoast-seo-premium-wordpress\/ -->\n<title>Las marcas<\/title>\n<meta name=\"description\" content=\"La compa\u00f1\u00eda W.W. Henry es uno de los mayores fabricantes mundiales de adhesivos para la instalaci\u00f3n de pisos con una l\u00ednea completa de productos conocidos en la industria.\" \/>\n<meta name=\"robots\" content=\"index, follow, max-snippet:-1, max-image-preview:large, max-video-preview:-1\" \/>\n<link rel=\"canonical\" href=\"https:\/\/www.wwhenry.com\/es\/las-marcas\/\" \/>\n<meta property=\"og:locale\" content=\"es_ES\" \/>\n<meta property=\"og:type\" content=\"article\" \/>\n<meta property=\"og:title\" content=\"Las Marcas\" \/>\n<meta property=\"og:description\" content=\"La compa\u00f1\u00eda W.W. Henry es uno de los mayores fabricantes mundiales de adhesivos para la instalaci\u00f3n de pisos con una l\u00ednea completa de productos conocidos en la industria.\" \/>\n<meta property=\"og:url\" content=\"https:\/\/www.wwhenry.com\/es\/las-marcas\/\" \/>\n<meta property=\"og:site_name\" content=\"WW Henry\" \/>\n<meta property=\"article:publisher\" content=\"https:\/\/www.facebook.com\/ARDEXAmericas\/\" \/>\n<meta property=\"article:modified_time\" content=\"2022-06-06T13:50:15+00:00\" \/>\n<meta property=\"og:image\" content=\"https:\/\/www.wwhenry.com\/wp-content\/uploads\/2019\/02\/brands-of-ardex.jpg\" \/>\n\t<meta property=\"og:image:width\" content=\"3999\" \/>\n\t<meta property=\"og:image:height\" content=\"2090\" \/>\n\t<meta property=\"og:image:type\" content=\"image\/jpeg\" \/>\n<meta name=\"twitter:card\" content=\"summary_large_image\" \/>\n<meta name=\"twitter:site\" content=\"@ARDEXAmericas\" \/>\n<meta name=\"twitter:label1\" content=\"Tiempo de lectura\" \/>\n\t<meta name=\"twitter:data1\" content=\"3 minutos\" \/>\n<script type=\"application\/ld+json\" class=\"yoast-schema-graph\">{\"@context\":\"https:\\\/\\\/schema.org\",\"@graph\":[{\"@type\":\"WebPage\",\"@id\":\"https:\\\/\\\/www.wwhenry.com\\\/es\\\/las-marcas\\\/\",\"url\":\"https:\\\/\\\/www.wwhenry.com\\\/es\\\/las-marcas\\\/\",\"name\":\"Las marcas\",\"isPartOf\":{\"@id\":\"https:\\\/\\\/www.wwhenry.com\\\/#website\"},\"primaryImageOfPage\":{\"@id\":\"https:\\\/\\\/www.wwhenry.com\\\/es\\\/las-marcas\\\/#primaryimage\"},\"image\":{\"@id\":\"https:\\\/\\\/www.wwhenry.com\\\/es\\\/las-marcas\\\/#primaryimage\"},\"thumbnailUrl\":\"https:\\\/\\\/www.wwhenry.com\\\/wp-content\\\/uploads\\\/2019\\\/02\\\/brands-of-ardex.jpg\",\"datePublished\":\"2018-10-16T18:55:09+00:00\",\"dateModified\":\"2022-06-06T13:50:15+00:00\",\"description\":\"La compa\u00f1\u00eda W.W. Henry es uno de los mayores fabricantes mundiales de adhesivos para la instalaci\u00f3n de pisos con una l\u00ednea completa de productos conocidos en la industria.\",\"breadcrumb\":{\"@id\":\"https:\\\/\\\/www.wwhenry.com\\\/es\\\/las-marcas\\\/#breadcrumb\"},\"inLanguage\":\"es\",\"potentialAction\":[{\"@type\":\"ReadAction\",\"target\":[\"https:\\\/\\\/www.wwhenry.com\\\/es\\\/las-marcas\\\/\"]}]},{\"@type\":\"ImageObject\",\"inLanguage\":\"es\",\"@id\":\"https:\\\/\\\/www.wwhenry.com\\\/es\\\/las-marcas\\\/#primaryimage\",\"url\":\"https:\\\/\\\/www.wwhenry.com\\\/wp-content\\\/uploads\\\/2019\\\/02\\\/brands-of-ardex.jpg\",\"contentUrl\":\"https:\\\/\\\/www.wwhenry.com\\\/wp-content\\\/uploads\\\/2019\\\/02\\\/brands-of-ardex.jpg\",\"width\":3999,\"height\":2090,\"caption\":\"Businessman using tablet at night time\"},{\"@type\":\"BreadcrumbList\",\"@id\":\"https:\\\/\\\/www.wwhenry.com\\\/es\\\/las-marcas\\\/#breadcrumb\",\"itemListElement\":[{\"@type\":\"ListItem\",\"position\":1,\"name\":\"Inicio\",\"item\":\"https:\\\/\\\/www.wwhenry.com\\\/es\\\/\"},{\"@type\":\"ListItem\",\"position\":2,\"name\":\"Las Marcas\"}]},{\"@type\":\"WebSite\",\"@id\":\"https:\\\/\\\/www.wwhenry.com\\\/#website\",\"url\":\"https:\\\/\\\/www.wwhenry.com\\\/\",\"name\":\"WW Henry\",\"description\":\"The Professionals&#039; Formula for Success\",\"potentialAction\":[{\"@type\":\"SearchAction\",\"target\":{\"@type\":\"EntryPoint\",\"urlTemplate\":\"https:\\\/\\\/www.wwhenry.com\\\/?s={search_term_string}\"},\"query-input\":{\"@type\":\"PropertyValueSpecification\",\"valueRequired\":true,\"valueName\":\"search_term_string\"}}],\"inLanguage\":\"es\"}]}<\/script>\n<!-- \/ Yoast SEO Premium plugin. -->","yoast_head_json":{"title":"Las marcas","description":"La compa\u00f1\u00eda W.W. Henry es uno de los mayores fabricantes mundiales de adhesivos para la instalaci\u00f3n de pisos con una l\u00ednea completa de productos conocidos en la industria.","robots":{"index":"index","follow":"follow","max-snippet":"max-snippet:-1","max-image-preview":"max-image-preview:large","max-video-preview":"max-video-preview:-1"},"canonical":"https:\/\/www.wwhenry.com\/es\/las-marcas\/","og_locale":"es_ES","og_type":"article","og_title":"Las Marcas","og_description":"La compa\u00f1\u00eda W.W. Henry es uno de los mayores fabricantes mundiales de adhesivos para la instalaci\u00f3n de pisos con una l\u00ednea completa de productos conocidos en la industria.","og_url":"https:\/\/www.wwhenry.com\/es\/las-marcas\/","og_site_name":"WW Henry","article_publisher":"https:\/\/www.facebook.com\/ARDEXAmericas\/","article_modified_time":"2022-06-06T13:50:15+00:00","og_image":[{"width":3999,"height":2090,"url":"https:\/\/www.wwhenry.com\/wp-content\/uploads\/2019\/02\/brands-of-ardex.jpg","type":"image\/jpeg"}],"twitter_card":"summary_large_image","twitter_site":"@ARDEXAmericas","twitter_misc":{"Tiempo de lectura":"3 minutos"},"schema":{"@context":"https:\/\/schema.org","@graph":[{"@type":"WebPage","@id":"https:\/\/www.wwhenry.com\/es\/las-marcas\/","url":"https:\/\/www.wwhenry.com\/es\/las-marcas\/","name":"Las marcas","isPartOf":{"@id":"https:\/\/www.wwhenry.com\/#website"},"primaryImageOfPage":{"@id":"https:\/\/www.wwhenry.com\/es\/las-marcas\/#primaryimage"},"image":{"@id":"https:\/\/www.wwhenry.com\/es\/las-marcas\/#primaryimage"},"thumbnailUrl":"https:\/\/www.wwhenry.com\/wp-content\/uploads\/2019\/02\/brands-of-ardex.jpg","datePublished":"2018-10-16T18:55:09+00:00","dateModified":"2022-06-06T13:50:15+00:00","description":"La compa\u00f1\u00eda W.W. Henry es uno de los mayores fabricantes mundiales de adhesivos para la instalaci\u00f3n de pisos con una l\u00ednea completa de productos conocidos en la industria.","breadcrumb":{"@id":"https:\/\/www.wwhenry.com\/es\/las-marcas\/#breadcrumb"},"inLanguage":"es","potentialAction":[{"@type":"ReadAction","target":["https:\/\/www.wwhenry.com\/es\/las-marcas\/"]}]},{"@type":"ImageObject","inLanguage":"es","@id":"https:\/\/www.wwhenry.com\/es\/las-marcas\/#primaryimage","url":"https:\/\/www.wwhenry.com\/wp-content\/uploads\/2019\/02\/brands-of-ardex.jpg","contentUrl":"https:\/\/www.wwhenry.com\/wp-content\/uploads\/2019\/02\/brands-of-ardex.jpg","width":3999,"height":2090,"caption":"Businessman using tablet at night time"},{"@type":"BreadcrumbList","@id":"https:\/\/www.wwhenry.com\/es\/las-marcas\/#breadcrumb","itemListElement":[{"@type":"ListItem","position":1,"name":"Inicio","item":"https:\/\/www.wwhenry.com\/es\/"},{"@type":"ListItem","position":2,"name":"Las Marcas"}]},{"@type":"WebSite","@id":"https:\/\/www.wwhenry.com\/#website","url":"https:\/\/www.wwhenry.com\/","name":"WW Henry","description":"The Professionals&#039; Formula for Success","potentialAction":[{"@type":"SearchAction","target":{"@type":"EntryPoint","urlTemplate":"https:\/\/www.wwhenry.com\/?s={search_term_string}"},"query-input":{"@type":"PropertyValueSpecification","valueRequired":true,"valueName":"search_term_string"}}],"inLanguage":"es"}]}},"_links":{"self":[{"href":"https:\/\/www.wwhenry.com\/es\/wp-json\/wp\/v2\/pages\/41224","targetHints":{"allow":["GET"]}}],"collection":[{"href":"https:\/\/www.wwhenry.com\/es\/wp-json\/wp\/v2\/pages"}],"about":[{"href":"https:\/\/www.wwhenry.com\/es\/wp-json\/wp\/v2\/types\/page"}],"author":[{"embeddable":true,"href":"https:\/\/www.wwhenry.com\/es\/wp-json\/wp\/v2\/users\/42"}],"replies":[{"embeddable":true,"href":"https:\/\/www.wwhenry.com\/es\/wp-json\/wp\/v2\/comments?post=41224"}],"version-history":[{"count":0,"href":"https:\/\/www.wwhenry.com\/es\/wp-json\/wp\/v2\/pages\/41224\/revisions"}],"up":[{"embeddable":true,"href":"https:\/\/www.wwhenry.com\/es\/wp-json\/wp\/v2\/pages\/41246"}],"wp:featuredmedia":[{"embeddable":true,"href":"https:\/\/www.wwhenry.com\/es\/wp-json\/wp\/v2\/media\/25611"}],"wp:attachment":[{"href":"https:\/\/www.wwhenry.com\/es\/wp-json\/wp\/v2\/media?parent=41224"}],"curies":[{"name":"wp","href":"https:\/\/api.w.org\/{rel}","templated":true}]}}